{"id":3093,"date":"2013-08-12T21:02:51","date_gmt":"2013-08-12T19:02:51","guid":{"rendered":"http:\/\/localhost\/iwansimonis\/contact\/"},"modified":"2025-02-03T13:27:28","modified_gmt":"2025-02-03T12:27:28","slug":"contact","status":"publish","type":"page","link":"https:\/\/www.billiard-pro.cz\/en\/contact\/","title":{"rendered":"Contact"},"content":{"rendered":"<div class=\"row\">\n<div class=\"pul\">\n<h3>Billiard shop<\/h3>\n<p>(also personal pick up of your E-shop orders)<br \/>\n<strong>Billiard Club \u0158ipsk\u00e1<\/strong> <a href=\"http:\/\/www.google.cz\/maps\/place\/Billiard+club+-+\u0158ipsk\u00e1\/@50.076711,14.452582,17z\/data=!3m1!4b1!4m2!3m1!1s0x470b9482b388ad01:0xe31e24470479d7ee?hl=cs\">(map)<\/a><br \/>\n\u0158ipsk\u00e1 547\/24<br \/>\n130 00 Praha 3<br \/>\n\u010cesk\u00e1 republika<\/p>\n<p><strong>E-mail:<\/strong>\u00a0<a href=\"mailto:info@billiard-pro.cz\">info@billiard-pro.cz<\/a><br \/>\n<strong>Tel.:<\/strong> +420 606 766 132 (English)<br \/>\n<strong>Opening time:<\/strong> daily 13-01 (7 days a week)<\/p>\n<p><strong>Opening time Billiard club Ripska :<\/strong> daily 13-01 hodin<\/p>\n<p><strong>Table reservation: <\/strong>\u00a0+ 420 602 444 532<\/p>\n<p><strong>Opening time club shop: :<\/strong> daily 13-22 hodin<\/p>\n<p><a href=\"https:\/\/www.pushoutsports.com\"><strong>Pushout Sports<\/strong><\/a> &#8211;\u00a0 Calvina Washburna &#8211; billiard couch<\/p>\n<p><strong>E-mail:<\/strong> rcmwashburn@gmail.com<\/p>\n<p><strong>Tel.:<\/strong> +420 601 537 033<\/p>\n<\/div>\n<div class=\"pul\"><a href=\"http:\/\/www.billiard-ripska.cz\"><img loading=\"lazy\" decoding=\"async\" class=\"size-full wp-image-4799 alignright\" src=\"https:\/\/www.billiard-pro.cz\/wp-content\/uploads\/2014\/05\/10352791_10202652905537808_4709445922467580151_n.jpg\" alt=\"Billiard \u0158ipsk\u00e1\" width=\"314\" height=\"209\" data-id=\"2253\" srcset=\"https:\/\/www.billiard-pro.cz\/wp-content\/uploads\/2014\/05\/10352791_10202652905537808_4709445922467580151_n.jpg 314w, https:\/\/www.billiard-pro.cz\/wp-content\/uploads\/2014\/05\/10352791_10202652905537808_4709445922467580151_n-300x200.jpg 300w\" sizes=\"auto, (max-width: 314px) 100vw, 314px\" \/><\/a><\/div>\n<\/div>\n<p><!--row --><\/p>\n<div class=\"row\">\n<div class=\"pul\">\n<h2>How to find us?<\/h2>\n<p>By subway (Line A) or tram No. 11 to the station \u201cN\u00e1m\u011bst\u00ed Ji\u0159\u00edho z Pod\u011bbrad\u201d and then come to us 150 meters striaght along the square. Tram No. 10 or 16 to the stop \u201cVinohradsk\u00e1 vod\u00e1rna\u201d or \u201cPerunova\u201d. \u0158ipsk\u00e1 street is located between these stations and is vertical to the Korunn\u00ed street, following paths that lead these trams.<\/p>\n<\/div>\n<div class=\"pul\"><iframe loading=\"lazy\" style=\"border: 0; width: 100%;\" src=\"https:\/\/www.google.com\/maps\/embed?pb=!1m14!1m8!1m3!1d2560.511422859438!2d14.452582000000001!3d50.076710999999996!3m2!1i1024!2i768!4f13.1!3m3!1m2!1s0x470b9482b388ad01%3A0xe31e24470479d7ee!2sBilliard+club+-+%C5%98ipsk%C3%A1!5e0!3m2!1scs!2scz!4v1431257932113\" width=\"300\" height=\"300\" frameborder=\"0\"><\/iframe><\/div>\n<\/div>\n<p><!-- row --><\/p>\n<div class=\"row\">\n<div class=\"tretina\">\n<h3>Billing information<\/h3>\n<p>Regest Centrum, s.r.o.<br \/>\nZ\u00e1lepsk\u00e1 138<br \/>\n252 41 Doln\u00ed B\u0159e\u017eany-Lhota<br \/>\n\u010cesk\u00e1 republika<\/p>\n<p><strong>I\u010cO : \u00a0 <\/strong>27898709<\/p>\n<p><strong>VAT: \u00a0<\/strong> CZ27898709<\/p>\n<p><strong>EORI: <\/strong>CZ27898709<\/p>\n<\/div>\n<div class=\"tretina\">\n<p>&nbsp;<\/p>\n<p>Owner:<br \/>\nLenka Kub\u00ednov\u00e1<br \/>\nTel.: +420 606 766 132<\/p>\n<\/div>\n<div class=\"tretina\">\n<p style=\"text-align: center;\">Our company has been honored as Trustworthy Company.<br \/>\n<img loading=\"lazy\" decoding=\"async\" class=\"aligncenter size-full wp-image-5285\" src=\"https:\/\/www.billiard-pro.cz\/wp-content\/uploads\/2013\/08\/pieczec.png\" alt=\"pieczec\" width=\"200\" height=\"107\" data-id=\"2940\" \/><\/p>\n<\/div>\n<\/div>\n<h3>Bank accounts:<\/h3>\n<p><img decoding=\"async\" style=\"float: left; margin: 10px; margin-left: 0;\" src=\"\/wp-content\/uploads\/2013\/08\/fio-150x150.jpg\" alt=\"FIO banka\" \/><strong>Fio banka, a.s.<\/strong><\/p>\n<p><strong>Account No: CZK for Czech republic:<\/strong>\u00a0 2200444078\/2010<br \/>\n<strong>Account No: EUR for Slovak republic:\u00a0<\/strong>2400444080\/2010<\/p>\n<p><strong>Account No: EUR for other countries:<\/strong>\u00a02400444080\/2010<br \/>\n<strong>IBAN code: \u00a0 \u00a0 \u00a0 \u00a0 \u00a0 \u00a0 \u00a0 \u00a0 \u00a0 \u00a0 \u00a0 \u00a0 \u00a0 \u00a0 \u00a0 \u00a0 \u00a0 \u00a0 \u00a0 \u00a0 \u00a0 \u00a0 \u00a0<\/strong>CZ7420100000002400444080<br \/>\n<strong>BIC\/SWIFT: \u00a0 \u00a0 \u00a0 \u00a0 \u00a0 \u00a0 \u00a0 \u00a0 \u00a0 \u00a0 \u00a0 \u00a0 \u00a0 \u00a0 \u00a0 \u00a0 \u00a0 \u00a0 \u00a0 \u00a0 \u00a0 \u00a0 \u00a0<\/strong>FIOBCZPPXXX<\/p>\n<p>&nbsp;<\/p>\n<h2>Send us a message<\/h2>\n<p>[kontakt mailto=&#8221;info@billiard-pro.cz&#8221;]<\/p>\n","protected":false},"excerpt":{"rendered":"<p>Billiard shop (also personal pick up of your E-shop orders) Billiard Club \u0158ipsk\u00e1 (map) \u0158ipsk\u00e1 547\/24 130 00 Praha 3 \u010cesk\u00e1 republika E-mail:\u00a0info@billiard-pro.cz Tel.: +420 606 766 132 (English) Opening time: daily 13-01 (7 days a week) Opening time Billiard club Ripska : daily 13-01 hodin Table reservation: \u00a0+ 420 602 444 532 Opening time [&hellip;]<\/p>\n","protected":false},"author":2,"featured_media":0,"parent":0,"menu_order":0,"comment_status":"closed","ping_status":"closed","template":"page-fullwidth.php","meta":{"footnotes":""},"class_list":["post-3093","page","type-page","status-publish","hentry"],"_links":{"self":[{"href":"https:\/\/www.billiard-pro.cz\/en\/wp-json\/wp\/v2\/pages\/3093","targetHints":{"allow":["GET"]}}],"collection":[{"href":"https:\/\/www.billiard-pro.cz\/en\/wp-json\/wp\/v2\/pages"}],"about":[{"href":"https:\/\/www.billiard-pro.cz\/en\/wp-json\/wp\/v2\/types\/page"}],"author":[{"embeddable":true,"href":"https:\/\/www.billiard-pro.cz\/en\/wp-json\/wp\/v2\/users\/2"}],"replies":[{"embeddable":true,"href":"https:\/\/www.billiard-pro.cz\/en\/wp-json\/wp\/v2\/comments?post=3093"}],"version-history":[{"count":3,"href":"https:\/\/www.billiard-pro.cz\/en\/wp-json\/wp\/v2\/pages\/3093\/revisions"}],"predecessor-version":[{"id":17282,"href":"https:\/\/www.billiard-pro.cz\/en\/wp-json\/wp\/v2\/pages\/3093\/revisions\/17282"}],"wp:attachment":[{"href":"https:\/\/www.billiard-pro.cz\/en\/wp-json\/wp\/v2\/media?parent=3093"}],"curies":[{"name":"wp","href":"https:\/\/api.w.org\/{rel}","templated":true}]}}