{"id":3157,"date":"2014-03-24T15:05:59","date_gmt":"2014-03-24T14:05:59","guid":{"rendered":"http:\/\/localhost\/iwansimonis\/kamui-cue-tips-differences-and-installation-instructions\/"},"modified":"2017-03-03T11:00:25","modified_gmt":"2017-03-03T10:00:25","slug":"kamui-cue-tips-differences-and-installation-instructions","status":"publish","type":"page","link":"https:\/\/www.billiard-pro.cz\/en\/manuals\/kamui-cue-tips-differences-and-installation-instructions\/","title":{"rendered":"Kamui Cue Tips differences and installation instructions"},"content":{"rendered":"<h2>Kamui\u2122\u00a0<code>(kah-MOO-ee)<\/code><\/h2>\n<p>Kamui is the Japanese word for divine or powerful. Divine Power is what you can expect from a Kamui\u2122 tip.<\/p>\n<p>Here are just a few more benefits of using the Kamui\u2122 layered tip:<br \/>\nKamui\u2122 delivers reliable play.<br \/>\nMore chalk. Kamui\u2122 tips hold more chalk because it has a higher porosity than competitors. More chalk returns less miss-cues.<br \/>\nLess mushroom. A cue tip with less porosity lacks the ability to &#8220;come back&#8221; to its original shape and will harden quickly. Because Kamui\u2122 is 100% pig skin some mushrooming is inevitable, but our process allows the tip to return to normal shape after play, providing longevity.<br \/>\nMore longevity. Pool is a mental sport. Changing your &#8220;weapon&#8221; can change your game. Kamui\u2122 will maintain its characteristics of play longer because of high porosity.<br \/>\nKamui\u2122 is on target.<br \/>\nMore control. Increased spin on the cue ball means increased control of your play. Our tip provides the ability for more spin with less force. With other tips, the need to exert more energy causes a loss in control of your body movement and aim precision. Kamui\u2122 will afford you a reliable cue speed with the benefit of maintaining cue ball distance. In other words, you will make long follow and draw shots with less cue ball speed and more accuracy.<br \/>\nMore pockets. Because the Kamui\u2122 tip affords the luxury of spin with a lower ball speed, you are able to pocket more balls. A slower traveling object ball will easily drop in the pocket as compared to a higher speed object ball.<br \/>\nMore reliability. You can hit more center-side with the Kamui\u2122 tip, limiting miss-cues.<br \/>\nMore friction. Holding more chalk equates to more friction therefore more &#8220;grip&#8221;.<br \/>\nMore accuracy. Let&#8217;s face it. Its tough to hit the same point of the cue ball time and again. By limiting &#8220;squirt&#8221; through gripping the cue ball, the cue ball will move more consistently and therefore more accurately.<\/p>\n<p>How to install Kamui Cue Tip :<\/p>\n<p>Use :\u00a0<a title=\"Tweeten desetiminutov\u00e9 lepidlo na k\u016f\u017ee-20 gram\u016f\" href=\"https:\/\/www.billiard-pro.cz\/obchod\/kulecnikove-potreby\/tweeten\/tweeten-desetiminutove-lepidlo-na-kuze\/\">\u00a0Tweeten 10 minute cement<\/a>\u00a0or Loctite Flex Gel for Kamui Clear Black.<\/p>\n<p><iframe loading=\"lazy\" title=\"How to install KAMUI CLEAR\" width=\"500\" height=\"281\" src=\"https:\/\/www.youtube.com\/embed\/Dh8w7W7xPms?feature=oembed\" frameborder=\"0\" allow=\"accelerometer; autoplay; clipboard-write; encrypted-media; gyroscope; picture-in-picture; web-share\" referrerpolicy=\"strict-origin-when-cross-origin\" allowfullscreen><\/iframe><\/p>\n<p><iframe loading=\"lazy\" title=\"How to change a cue tip\" width=\"500\" height=\"375\" src=\"https:\/\/www.youtube.com\/embed\/5P1bm4owr_4?feature=oembed\" frameborder=\"0\" allow=\"accelerometer; autoplay; clipboard-write; encrypted-media; gyroscope; picture-in-picture; web-share\" referrerpolicy=\"strict-origin-when-cross-origin\" allowfullscreen><\/iframe><\/p>\n<p><iframe loading=\"lazy\" title=\"Kamui Tips lathe installation guide\" width=\"500\" height=\"375\" src=\"https:\/\/www.youtube.com\/embed\/EXTl9tziQ7A?feature=oembed\" frameborder=\"0\" allow=\"accelerometer; autoplay; clipboard-write; encrypted-media; gyroscope; picture-in-picture; web-share\" referrerpolicy=\"strict-origin-when-cross-origin\" allowfullscreen><\/iframe><\/p>\n<p>&nbsp;<\/p>\n<p><img decoding=\"async\" src=\"http:\/\/www.kamuibrand.com\/billiard-img\/plot-clear-en.png\" alt=\"\" \/><\/p>\n<p>A myriad of world-renowned professional players, using Kamui cue tip:<\/p>\n<p><img loading=\"lazy\" decoding=\"async\" class=\"aligncenter size-medium wp-image-6885\" src=\"https:\/\/www.billiard-pro.cz\/wp-content\/uploads\/2014\/03\/play-list-kamui-kuze2-300x257.jpg\" alt=\"play list kamui kuze\" width=\"300\" height=\"257\" srcset=\"https:\/\/www.billiard-pro.cz\/wp-content\/uploads\/2014\/03\/play-list-kamui-kuze2-300x257.jpg 300w, https:\/\/www.billiard-pro.cz\/wp-content\/uploads\/2014\/03\/play-list-kamui-kuze2.jpg 650w\" sizes=\"auto, (max-width: 300px) 100vw, 300px\" \/><\/p>\n","protected":false},"excerpt":{"rendered":"<p>Kamui\u2122\u00a0(kah-MOO-ee) Kamui is the Japanese word for divine or powerful. Divine Power is what you can expect from a Kamui\u2122 tip. Here are just a few more benefits of using the Kamui\u2122 layered tip: Kamui\u2122 delivers reliable play. More chalk. Kamui\u2122 tips hold more chalk because it has a higher porosity than competitors. More chalk [&hellip;]<\/p>\n","protected":false},"author":2,"featured_media":1743,"parent":3090,"menu_order":10,"comment_status":"closed","ping_status":"closed","template":"","meta":{"footnotes":""},"class_list":["post-3157","page","type-page","status-publish","has-post-thumbnail","hentry"],"_links":{"self":[{"href":"https:\/\/www.billiard-pro.cz\/en\/wp-json\/wp\/v2\/pages\/3157","targetHints":{"allow":["GET"]}}],"collection":[{"href":"https:\/\/www.billiard-pro.cz\/en\/wp-json\/wp\/v2\/pages"}],"about":[{"href":"https:\/\/www.billiard-pro.cz\/en\/wp-json\/wp\/v2\/types\/page"}],"author":[{"embeddable":true,"href":"https:\/\/www.billiard-pro.cz\/en\/wp-json\/wp\/v2\/users\/2"}],"replies":[{"embeddable":true,"href":"https:\/\/www.billiard-pro.cz\/en\/wp-json\/wp\/v2\/comments?post=3157"}],"version-history":[{"count":0,"href":"https:\/\/www.billiard-pro.cz\/en\/wp-json\/wp\/v2\/pages\/3157\/revisions"}],"up":[{"embeddable":true,"href":"https:\/\/www.billiard-pro.cz\/en\/wp-json\/wp\/v2\/pages\/3090"}],"wp:featuredmedia":[{"embeddable":true,"href":"https:\/\/www.billiard-pro.cz\/en\/wp-json\/wp\/v2\/media\/1743"}],"wp:attachment":[{"href":"https:\/\/www.billiard-pro.cz\/en\/wp-json\/wp\/v2\/media?parent=3157"}],"curies":[{"name":"wp","href":"https:\/\/api.w.org\/{rel}","templated":true}]}}