{"id":3175,"date":"2014-05-13T20:18:02","date_gmt":"2014-05-13T18:18:02","guid":{"rendered":"http:\/\/localhost\/iwansimonis\/stores-and-branch-office\/"},"modified":"2021-08-22T11:11:10","modified_gmt":"2021-08-22T09:11:10","slug":"stores-and-branch-office","status":"publish","type":"page","link":"https:\/\/www.billiard-pro.cz\/en\/about-us\/stores-and-branch-office\/","title":{"rendered":"Stores and branch office"},"content":{"rendered":"<address><em><strong>1. REGEST CENTRUM, s.r.o.<\/strong><\/em><\/address>\n<address>\u00a0<\/address>\n<address><em>Official sales representative of Iwan Simonis S.A. <\/em><\/address>\n<address><em>Belgium for Czech and Slovak republics \u00a0<strong> \u00a0 \u00a0 \u00a0 \u00a0 \u00a0 \u00a0 \u00a0\u00a0<a href=\"https:\/\/www.billiard-pro.cz\/en\/shop\/\"><img loading=\"lazy\" decoding=\"async\" class=\"alignright wp-image-4791 size-full\" src=\"https:\/\/www.billiard-pro.cz\/wp-content\/uploads\/2014\/05\/10154508_10202652258841641_7125413061548941729_n.jpg\" alt=\"10154508_10202652258841641_7125413061548941729_n\" width=\"314\" height=\"209\" data-id=\"2249\" srcset=\"https:\/\/www.billiard-pro.cz\/wp-content\/uploads\/2014\/05\/10154508_10202652258841641_7125413061548941729_n.jpg 314w, https:\/\/www.billiard-pro.cz\/wp-content\/uploads\/2014\/05\/10154508_10202652258841641_7125413061548941729_n-300x200.jpg 300w\" sizes=\"auto, (max-width: 314px) 100vw, 314px\" \/><\/a>\u00a0 \u00a0 \u00a0 \u00a0 \u00a0 \u00a0 \u00a0 \u00a0 \u00a0 \u00a0\u00a0<\/strong><\/em><em><strong><br \/>\n<\/strong><\/em><\/address>\n<address>\u00a0<\/address>\n<address>E-shop : www.billiard-pro.cz<\/address>\n<address>\u00a0 \u00a0 \u00a0 \u00a0 \u00a0 \u00a0 \u00a0 \u00a0 \u00a0 \u00a0 \u00a0 \u00a0 \u00a0 \u00a0 \u00a0 \u00a0 \u00a0 \u00a0 \u00a0 \u00a0 \u00a0 \u00a0 \u00a0 \u00a0<\/address>\n<address>Z\u00e1lepsk\u00e1 138<\/address>\n<address>Doln\u00ed B\u0159e\u017eany- Lhota<\/address>\n<address>\u010cesk\u00e1 republika\u00a0<\/address>\n<address>CZ25241<\/address>\n<address>\u00a0<\/address>\n<address><strong>Open: \u00a0 Monday &#8211; Friday 9.00 &#8211; 18.00<\/strong><\/address>\n<address>\u00a0<\/address>\n<address>\u00a0<\/address>\n<address>\u00a0<\/address>\n<address>\u00a0<\/address>\n<address>\u00a0<\/address>\n<address><em><strong>2. Billiard shop<\/strong>\u00a0 \u00a0 \u00a0 \u00a0 \u00a0 \u00a0 \u00a0 \u00a0 \u00a0 \u00a0 \u00a0 \u00a0 \u00a0 \u00a0 \u00a0 \u00a0 \u00a0 \u00a0 \u00a0 \u00a0 \u00a0 \u00a0 \u00a0 <a href=\"http:\/\/www.billiard-ripska.cz\"><img loading=\"lazy\" decoding=\"async\" class=\"alignright size-full wp-image-4797\" src=\"http:\/\/www.billiard-pro.cz\/wp-content\/uploads\/2014\/05\/10308309_10202652259321653_4792220794741311262_n.jpg\" alt=\"10308309_10202652259321653_4792220794741311262_n\" width=\"314\" height=\"235\" data-id=\"2252\" srcset=\"https:\/\/www.billiard-pro.cz\/wp-content\/uploads\/2014\/05\/10308309_10202652259321653_4792220794741311262_n.jpg 314w, https:\/\/www.billiard-pro.cz\/wp-content\/uploads\/2014\/05\/10308309_10202652259321653_4792220794741311262_n-300x225.jpg 300w\" sizes=\"auto, (max-width: 314px) 100vw, 314px\" \/><\/a>\u00a0 \u00a0<\/em><\/address>\n<address>\u00a0<\/address>\n<address>Billiad Club \u0158ipsk\u00e1 \u00a0 \u00a0 \u00a0 \u00a0 \u00a0 \u00a0 \u00a0 \u00a0 \u00a0 \u00a0 \u00a0 \u00a0 \u00a0 \u00a0 \u00a0 \u00a0 \u00a0 \u00a0 \u00a0 \u00a0 \u00a0 \u00a0 \u00a0 \u00a0 \u00a0 \u00a0 \u00a0 \u00a0 \u00a0 \u00a0 \u00a0 \u00a0 \u00a0 \u00a0 \u00a0 \u00a0 \u00a0 \u00a0 \u00a0<\/address>\n<address>\u0158ipsk\u00e1 \u00a0547\/24<\/address>\n<address>Praha 3 &#8211; Vinohrady<\/address>\n<address>\u010cesk\u00e1 republika<\/address>\n<address>CZ 13000<\/address>\n<address>\u00a0<\/address>\n<address><strong>Open:\u00a0<\/strong>Daily 1p.m. untill 11 p.m.<\/address>\n<address>\u00a0<\/address>\n<address>\u00a0<\/address>\n<address>\u00a0<\/address>\n<address>\u00a0<\/address>\n<address>\u00a0<\/address>\n<address><strong>3. Billiard Club \u0158ipsk\u00e1 \u00a0 \u00a0 \u00a0 \u00a0 \u00a0 \u00a0 \u00a0 \u00a0 \u00a0 \u00a0 \u00a0 \u00a0 \u00a0 \u00a0 \u00a0\u00a0<a href=\"http:\/\/www.billiard-ripska.cz\"><img loading=\"lazy\" decoding=\"async\" class=\"alignright size-full wp-image-4793\" src=\"http:\/\/www.billiard-pro.cz\/wp-content\/uploads\/2014\/05\/10155885_10202652259281652_1473526234254442699_n.jpg\" alt=\"10155885_10202652259281652_1473526234254442699_n\" width=\"314\" height=\"209\" data-id=\"2250\" srcset=\"https:\/\/www.billiard-pro.cz\/wp-content\/uploads\/2014\/05\/10155885_10202652259281652_1473526234254442699_n.jpg 314w, https:\/\/www.billiard-pro.cz\/wp-content\/uploads\/2014\/05\/10155885_10202652259281652_1473526234254442699_n-300x200.jpg 300w\" sizes=\"auto, (max-width: 314px) 100vw, 314px\" \/><\/a><\/strong><\/address>\n<address><strong> \u00a0 \u00a0 \u00a0 \u00a0 \u00a0 \u00a0 \u00a0 \u00a0 \u00a0 \u00a0 \u00a0 \u00a0 \u00a0 \u00a0 \u00a0 \u00a0 \u00a0 \u00a0 \u00a0 \u00a0 \u00a0 \u00a0 \u00a0\u00a0<\/strong><\/address>\n<address>Billiard and dart\u00b4s club \u00a0 \u00a0\u00a0<\/address>\n<address>Restaurant, bar<\/address>\n<address>\u0158ipsk\u00e1 547\/24 \u00a0 \u00a0\u00a0<\/address>\n<address>Praha 3 &#8211; Vinohrady<\/address>\n<address>\u010cesk\u00e1 republika<\/address>\n<address>CZ 13000<\/address>\n<address>\n<address>\u00a0<\/address>\n<address><a href=\"http:\/\/www.billiard-ripska.cz\">www.billiard-ripska.cz<\/a><\/address>\n<p>\u00a0<strong style=\"line-height: 1.5em;\">Open:<\/strong><span style=\"line-height: 1.5em;\"> Daily\u00a0 1p.m. untill 01 a.m.\u00a0<\/span><\/p>\n<\/address>\n<address>\u00a0<\/address>\n<address>\u00a0<\/address>\n<address>\u00a0<\/address>\n<address>\u00a0<\/address>\n<address>\u00a0<\/address>\n<address>\u00a0<\/address>\n<address>\u00a0<\/address>\n<address>\u00a0<\/address>\n<address>\u00a0<\/address>\n","protected":false},"excerpt":{"rendered":"<p>1. REGEST CENTRUM, s.r.o. \u00a0 Official sales representative of Iwan Simonis S.A. Belgium for Czech and Slovak republics \u00a0 \u00a0 \u00a0 \u00a0 \u00a0 \u00a0 \u00a0 \u00a0\u00a0\u00a0 \u00a0 \u00a0 \u00a0 \u00a0 \u00a0 \u00a0 \u00a0 \u00a0 \u00a0\u00a0 \u00a0 E-shop : www.billiard-pro.cz \u00a0 \u00a0 \u00a0 \u00a0 \u00a0 \u00a0 \u00a0 \u00a0 \u00a0 \u00a0 \u00a0 \u00a0 \u00a0 \u00a0 \u00a0 \u00a0 [&hellip;]<\/p>\n","protected":false},"author":2,"featured_media":0,"parent":3169,"menu_order":0,"comment_status":"closed","ping_status":"closed","template":"","meta":{"footnotes":""},"class_list":["post-3175","page","type-page","status-publish","hentry"],"_links":{"self":[{"href":"https:\/\/www.billiard-pro.cz\/en\/wp-json\/wp\/v2\/pages\/3175","targetHints":{"allow":["GET"]}}],"collection":[{"href":"https:\/\/www.billiard-pro.cz\/en\/wp-json\/wp\/v2\/pages"}],"about":[{"href":"https:\/\/www.billiard-pro.cz\/en\/wp-json\/wp\/v2\/types\/page"}],"author":[{"embeddable":true,"href":"https:\/\/www.billiard-pro.cz\/en\/wp-json\/wp\/v2\/users\/2"}],"replies":[{"embeddable":true,"href":"https:\/\/www.billiard-pro.cz\/en\/wp-json\/wp\/v2\/comments?post=3175"}],"version-history":[{"count":0,"href":"https:\/\/www.billiard-pro.cz\/en\/wp-json\/wp\/v2\/pages\/3175\/revisions"}],"up":[{"embeddable":true,"href":"https:\/\/www.billiard-pro.cz\/en\/wp-json\/wp\/v2\/pages\/3169"}],"wp:attachment":[{"href":"https:\/\/www.billiard-pro.cz\/en\/wp-json\/wp\/v2\/media?parent=3175"}],"curies":[{"name":"wp","href":"https:\/\/api.w.org\/{rel}","templated":true}]}}