{"id":3184,"date":"2014-12-16T14:27:29","date_gmt":"2014-12-16T13:27:29","guid":{"rendered":"http:\/\/localhost\/iwansimonis\/certificate-trustworthy-company\/"},"modified":"2018-04-11T16:39:01","modified_gmt":"2018-04-11T14:39:01","slug":"certificates-and-awards","status":"publish","type":"page","link":"https:\/\/www.billiard-pro.cz\/en\/about-us\/certificates-and-awards\/","title":{"rendered":"Certificates and awards"},"content":{"rendered":"<p style=\"text-align: left;\">Our company has been honored as a Trustworthy Company since 2013 year.<\/p>\n<p style=\"text-align: left;\"><strong>Certificate Trustworthy Company:<\/strong><\/p>\n<p>&nbsp;<\/p>\n<p style=\"text-align: left;\"><strong><img loading=\"lazy\" decoding=\"async\" class=\"size-full wp-image-5337\" src=\"https:\/\/www.billiard-pro.cz\/wp-content\/uploads\/2014\/12\/footer-kredo.png\" alt=\"footer-kredo\" width=\"258\" height=\"134\" \/><\/strong><img loading=\"lazy\" decoding=\"async\" class=\"size-medium wp-image-2866 alignleft\" src=\"https:\/\/www.billiard-pro.cz\/wp-content\/uploads\/2014\/12\/cert01-212x300.jpg\" alt=\"cert01\" width=\"212\" height=\"300\" data-id=\"2866\" srcset=\"https:\/\/www.billiard-pro.cz\/wp-content\/uploads\/2014\/12\/cert01-212x300.jpg 212w, https:\/\/www.billiard-pro.cz\/wp-content\/uploads\/2014\/12\/cert01-300x424.jpg 300w, https:\/\/www.billiard-pro.cz\/wp-content\/uploads\/2014\/12\/cert01-104x148.jpg 104w, https:\/\/www.billiard-pro.cz\/wp-content\/uploads\/2014\/12\/cert01-21x31.jpg 21w, https:\/\/www.billiard-pro.cz\/wp-content\/uploads\/2014\/12\/cert01-26x38.jpg 26w, https:\/\/www.billiard-pro.cz\/wp-content\/uploads\/2014\/12\/cert01-152x215.jpg 152w, https:\/\/www.billiard-pro.cz\/wp-content\/uploads\/2014\/12\/cert01.jpg 453w\" sizes=\"auto, (max-width: 212px) 100vw, 212px\" \/><\/p>\n<div style=\"clear: both;\"><strong>Heureka \u201eVerified by Customers\u201c Certificate<\/strong><img decoding=\"async\" src=\"https:\/\/im9.cz\/cb\/39904-11.png\" alt=\"Heur\u00e9ka - ov\u011b\u0159eno z\u00e1kazn\u00edky\" \/><\/p>\n<\/div>\n","protected":false},"excerpt":{"rendered":"<p>Our company has been honored as a Trustworthy Company since 2013 year. Certificate Trustworthy Company: &nbsp; Heureka \u201eVerified by Customers\u201c Certificate<\/p>\n","protected":false},"author":2,"featured_media":0,"parent":3169,"menu_order":0,"comment_status":"closed","ping_status":"closed","template":"","meta":{"footnotes":""},"class_list":["post-3184","page","type-page","status-publish","hentry"],"_links":{"self":[{"href":"https:\/\/www.billiard-pro.cz\/en\/wp-json\/wp\/v2\/pages\/3184","targetHints":{"allow":["GET"]}}],"collection":[{"href":"https:\/\/www.billiard-pro.cz\/en\/wp-json\/wp\/v2\/pages"}],"about":[{"href":"https:\/\/www.billiard-pro.cz\/en\/wp-json\/wp\/v2\/types\/page"}],"author":[{"embeddable":true,"href":"https:\/\/www.billiard-pro.cz\/en\/wp-json\/wp\/v2\/users\/2"}],"replies":[{"embeddable":true,"href":"https:\/\/www.billiard-pro.cz\/en\/wp-json\/wp\/v2\/comments?post=3184"}],"version-history":[{"count":0,"href":"https:\/\/www.billiard-pro.cz\/en\/wp-json\/wp\/v2\/pages\/3184\/revisions"}],"up":[{"embeddable":true,"href":"https:\/\/www.billiard-pro.cz\/en\/wp-json\/wp\/v2\/pages\/3169"}],"wp:attachment":[{"href":"https:\/\/www.billiard-pro.cz\/en\/wp-json\/wp\/v2\/media?parent=3184"}],"curies":[{"name":"wp","href":"https:\/\/api.w.org\/{rel}","templated":true}]}}