{"id":10291,"date":"2017-02-28T15:10:37","date_gmt":"2017-02-28T14:10:37","guid":{"rendered":"https:\/\/www.billiard-pro.cz\/?post_type=product&#038;p=10291\/"},"modified":"2020-02-19T14:08:16","modified_gmt":"2020-02-19T13:08:16","slug":"laperti-carom-set-cue-and-case-no-2","status":"publish","type":"product","link":"https:\/\/www.billiard-pro.cz\/en\/obchod\/billiard-accessories-3\/cues\/carom-cues\/laperti-carom-set-cue-and-case-no-2\/","title":{"rendered":"Laperti Carom Set Cue and Case No: 2"},"content":{"rendered":"<ul>\n<li><strong>LAPERTI CAROM SET CUE AND CASE NO: 2<\/strong><\/li>\n<li>Great Value for Money<\/li>\n<li>Includes Hard Case<\/li>\n<li>Comes with 1 Shaft<\/li>\n<li>Single Wooden Joint System<\/li>\n<li>Adustable Weight Screw System<\/li>\n<li>Quality Controlled<\/li>\n<li>This cue comes with its own durable cue case and features an interchangeable single wooden joint system, which produces a soft hit.<\/li>\n<li>This cue comes with an 11,5 &#8211; 12 mm tip<\/li>\n<li>Weight 480 or 520 gr<\/li>\n<\/ul>\n<p><strong>Available for consultation and direct purchase in our showroom:<\/strong> BC \u0158ipsk\u00e1, \u0158ipsk\u00e1 24, Praha 3<\/p>\n<p><strong>Material:<\/strong>\u00a0 maple wood,\u00a0Canadian maple (AA level), lacquere, high gloss and UV protection<\/p>\n<p><strong>Availability:<\/strong>\u00a0stock<\/p>\n<p><strong>Producer:<\/strong>\u00a0LAPERTI\/Buffalo<\/p>\n","protected":false},"excerpt":{"rendered":"<p>LAPERTI CAROM SET CUE AND CASE NO: 2 Great Value for Money Includes Hard Case Comes with 1 Shaft Single Wooden Joint System Adustable Weight Screw System Quality Controlled This cue comes with its own durable cue case and features an interchangeable single wooden joint system, which produces a soft hit. This cue comes with [&hellip;]<\/p>\n","protected":false},"featured_media":10279,"comment_status":"closed","ping_status":"closed","template":"","meta":[],"product_brand":[],"product_cat":[334,254],"product_tag":[],"class_list":{"0":"post-10291","1":"product","2":"type-product","3":"status-publish","4":"has-post-thumbnail","6":"product_cat-carom-cues","7":"product_cat-cues","9":"first","10":"instock","11":"shipping-taxable","12":"purchasable","13":"product-type-simple"},"_links":{"self":[{"href":"https:\/\/www.billiard-pro.cz\/en\/wp-json\/wp\/v2\/product\/10291","targetHints":{"allow":["GET"]}}],"collection":[{"href":"https:\/\/www.billiard-pro.cz\/en\/wp-json\/wp\/v2\/product"}],"about":[{"href":"https:\/\/www.billiard-pro.cz\/en\/wp-json\/wp\/v2\/types\/product"}],"replies":[{"embeddable":true,"href":"https:\/\/www.billiard-pro.cz\/en\/wp-json\/wp\/v2\/comments?post=10291"}],"wp:featuredmedia":[{"embeddable":true,"href":"https:\/\/www.billiard-pro.cz\/en\/wp-json\/wp\/v2\/media\/10279"}],"wp:attachment":[{"href":"https:\/\/www.billiard-pro.cz\/en\/wp-json\/wp\/v2\/media?parent=10291"}],"wp:term":[{"taxonomy":"product_brand","embeddable":true,"href":"https:\/\/www.billiard-pro.cz\/en\/wp-json\/wp\/v2\/product_brand?post=10291"},{"taxonomy":"product_cat","embeddable":true,"href":"https:\/\/www.billiard-pro.cz\/en\/wp-json\/wp\/v2\/product_cat?post=10291"},{"taxonomy":"product_tag","embeddable":true,"href":"https:\/\/www.billiard-pro.cz\/en\/wp-json\/wp\/v2\/product_tag?post=10291"}],"curies":[{"name":"wp","href":"https:\/\/api.w.org\/{rel}","templated":true}]}}