{"id":3284,"date":"2013-09-01T16:02:16","date_gmt":"2013-09-01T14:02:16","guid":{"rendered":"http:\/\/localhost\/iwansimonis\/obchod\/nezerazene\/billiard-balls-pool-aramith-premier-572-mm\/"},"modified":"2015-09-22T00:57:03","modified_gmt":"2015-09-21T22:57:03","slug":"billiard-balls-pool-aramith-premier-572-mm","status":"publish","type":"product","link":"https:\/\/www.billiard-pro.cz\/en\/obchod\/billiard-balls-aramith-3\/pool-balls\/billiard-balls-pool-aramith-premier-572-mm\/","title":{"rendered":"Billiard balls POOL Aramith Premier, 57,2 mm"},"content":{"rendered":"<ul>\n<li>A professional set of billiard balls of the highest quality for clubs \u00a0with more traffic<\/li>\n<li>Diameter 57.2 mm<img decoding=\"async\" class=\"alignright\" src=\"https:\/\/www.billiard-pro.cz\/wp-content\/uploads\/2013\/09\/aramith-logo.jpg\" alt=\"Aramith\" \/><\/li>\n<li>Precisely balanced<\/li>\n<li>Made \u200b\u200bof phenolic resin<\/li>\n<li>High quality and long lasting<\/li>\n<\/ul>\n<p>To clean, use <a title=\"\u010cisti\u010d koul\u00ed Aramith  ball cleaner \u2013 roztok na \u010di\u0161t\u011bn\u00ed kule\u010dn\u00edkov\u00fdch  koul\u00ed 1 lahev \u2013 250 ml\" href=\"https:\/\/www.billiard-pro.cz\/obchod\/koule-aramith\/billiard-balls-cleaning\/aramith-ball-cleaner-roztok-na-cisteni-kouli-1-lahev-250-ml\/\">Aramith ball \u00a0Cleaner\u00a0<\/a><\/p>\n<p><strong>Producer<\/strong>: SALUC S.A.\/ARAMITH, Belgium<\/p>\n<p><strong>Availability:<\/strong> In stock delivery within 3 working days<\/p>\n","protected":false},"excerpt":{"rendered":"<p>A professional set of billiard balls of the highest quality for clubs \u00a0with more traffic Diameter 57.2 mm Precisely balanced Made \u200b\u200bof phenolic resin High quality and long lasting To clean, use Aramith ball \u00a0Cleaner\u00a0 Producer: SALUC S.A.\/ARAMITH, Belgium Availability: In stock delivery within 3 working days<\/p>\n","protected":false},"featured_media":3815,"comment_status":"open","ping_status":"closed","template":"","meta":[],"product_brand":[],"product_cat":[278,389],"product_tag":[],"class_list":{"0":"post-3284","1":"product","2":"type-product","3":"status-publish","4":"has-post-thumbnail","6":"product_cat-billiard-balls-aramith-3","7":"product_cat-pool-balls","9":"first","10":"instock","11":"shipping-taxable","12":"purchasable","13":"product-type-simple"},"_links":{"self":[{"href":"https:\/\/www.billiard-pro.cz\/en\/wp-json\/wp\/v2\/product\/3284","targetHints":{"allow":["GET"]}}],"collection":[{"href":"https:\/\/www.billiard-pro.cz\/en\/wp-json\/wp\/v2\/product"}],"about":[{"href":"https:\/\/www.billiard-pro.cz\/en\/wp-json\/wp\/v2\/types\/product"}],"replies":[{"embeddable":true,"href":"https:\/\/www.billiard-pro.cz\/en\/wp-json\/wp\/v2\/comments?post=3284"}],"wp:featuredmedia":[{"embeddable":true,"href":"https:\/\/www.billiard-pro.cz\/en\/wp-json\/wp\/v2\/media\/3815"}],"wp:attachment":[{"href":"https:\/\/www.billiard-pro.cz\/en\/wp-json\/wp\/v2\/media?parent=3284"}],"wp:term":[{"taxonomy":"product_brand","embeddable":true,"href":"https:\/\/www.billiard-pro.cz\/en\/wp-json\/wp\/v2\/product_brand?post=3284"},{"taxonomy":"product_cat","embeddable":true,"href":"https:\/\/www.billiard-pro.cz\/en\/wp-json\/wp\/v2\/product_cat?post=3284"},{"taxonomy":"product_tag","embeddable":true,"href":"https:\/\/www.billiard-pro.cz\/en\/wp-json\/wp\/v2\/product_tag?post=3284"}],"curies":[{"name":"wp","href":"https:\/\/api.w.org\/{rel}","templated":true}]}}