{"id":3286,"date":"2013-09-01T16:14:13","date_gmt":"2013-09-01T14:14:13","guid":{"rendered":"http:\/\/localhost\/iwansimonis\/obchod\/nezerazene\/billiard-balls-pool-aramith-economic-572-mm\/"},"modified":"2015-05-16T10:20:16","modified_gmt":"2015-05-16T10:20:16","slug":"billiard-balls-pool-aramith-economic-572-mm","status":"publish","type":"product","link":"https:\/\/www.billiard-pro.cz\/en\/obchod\/billiard-balls-aramith-3\/pool-balls\/billiard-balls-pool-aramith-economic-572-mm\/","title":{"rendered":"Billiard balls POOL Aramith  Economic, 57,2 mm"},"content":{"rendered":"<ul>\n<li>Classic set of \u00a0billiard balls<\/li>\n<li>Diameter 57.2 mm.<img decoding=\"async\" class=\"alignright\" src=\"https:\/\/www.billiard-pro.cz\/wp-content\/uploads\/2013\/09\/aramith-logo.jpg\" alt=\"Aramith\" \/><\/li>\n<li>Good for home use<\/li>\n<li>Long life<\/li>\n<li>The kit contains 16 weight balanced balls<\/li>\n<li>Material Aramith (polyphenol resin)<\/li>\n<li>Good value for money<\/li>\n<\/ul>\n<p>To clean, use <a title=\"\u010cisti\u010d koul\u00ed Aramith  ball cleaner \u2013 roztok na \u010di\u0161t\u011bn\u00ed kule\u010dn\u00edkov\u00fdch  koul\u00ed 1 lahev \u2013 250 ml\" href=\"https:\/\/www.billiard-pro.cz\/obchod\/koule-aramith\/billiard-balls-cleaning\/aramith-ball-cleaner-roztok-na-cisteni-kouli-1-lahev-250-ml\/\">Aramith ball Cleaner\u00a0<\/a> <strong>Producer<\/strong>: SALUC S.A.\/ARAMITH, Belgium <strong>Availability<\/strong>: In stock delivery within 3 working days<\/p>\n","protected":false},"excerpt":{"rendered":"<p>Classic set of \u00a0billiard balls Diameter 57.2 mm. Good for home use Long life The kit contains 16 weight balanced balls Material Aramith (polyphenol resin) Good value for money To clean, use Aramith ball Cleaner\u00a0 Producer: SALUC S.A.\/ARAMITH, Belgium Availability: In stock delivery within 3 working days<\/p>\n","protected":false},"featured_media":3817,"comment_status":"open","ping_status":"closed","template":"","meta":[],"product_brand":[],"product_cat":[278,389],"product_tag":[],"class_list":{"0":"post-3286","1":"product","2":"type-product","3":"status-publish","4":"has-post-thumbnail","6":"product_cat-billiard-balls-aramith-3","7":"product_cat-pool-balls","9":"first","10":"instock","11":"shipping-taxable","12":"purchasable","13":"product-type-simple"},"_links":{"self":[{"href":"https:\/\/www.billiard-pro.cz\/en\/wp-json\/wp\/v2\/product\/3286","targetHints":{"allow":["GET"]}}],"collection":[{"href":"https:\/\/www.billiard-pro.cz\/en\/wp-json\/wp\/v2\/product"}],"about":[{"href":"https:\/\/www.billiard-pro.cz\/en\/wp-json\/wp\/v2\/types\/product"}],"replies":[{"embeddable":true,"href":"https:\/\/www.billiard-pro.cz\/en\/wp-json\/wp\/v2\/comments?post=3286"}],"wp:featuredmedia":[{"embeddable":true,"href":"https:\/\/www.billiard-pro.cz\/en\/wp-json\/wp\/v2\/media\/3817"}],"wp:attachment":[{"href":"https:\/\/www.billiard-pro.cz\/en\/wp-json\/wp\/v2\/media?parent=3286"}],"wp:term":[{"taxonomy":"product_brand","embeddable":true,"href":"https:\/\/www.billiard-pro.cz\/en\/wp-json\/wp\/v2\/product_brand?post=3286"},{"taxonomy":"product_cat","embeddable":true,"href":"https:\/\/www.billiard-pro.cz\/en\/wp-json\/wp\/v2\/product_cat?post=3286"},{"taxonomy":"product_tag","embeddable":true,"href":"https:\/\/www.billiard-pro.cz\/en\/wp-json\/wp\/v2\/product_tag?post=3286"}],"curies":[{"name":"wp","href":"https:\/\/api.w.org\/{rel}","templated":true}]}}