{"id":3288,"date":"2013-09-01T16:16:32","date_gmt":"2013-09-01T14:16:32","guid":{"rendered":"http:\/\/localhost\/iwansimonis\/obchod\/nezerazene\/billiard-balls-pool-aramith-continental-572-mm\/"},"modified":"2020-01-24T19:54:20","modified_gmt":"2020-01-24T18:54:20","slug":"billiard-balls-pool-aramith-continental-572-mm","status":"publish","type":"product","link":"https:\/\/www.billiard-pro.cz\/en\/obchod\/billiard-balls-aramith-3\/pool-balls\/billiard-balls-pool-aramith-continental-572-mm\/","title":{"rendered":"Billiard balls POOL Aramith Continental, 57,2 mm"},"content":{"rendered":"<ul>\n<li>The basic set of \u00a0pool balls \u00a0of best manufacturer of billiard balls in the world, the company Saluc-Aramith<img decoding=\"async\" class=\"alignright\" src=\"https:\/\/www.billiard-pro.cz\/wp-content\/uploads\/2013\/09\/aramith-logo.jpg\" alt=\"Aramith\" \/><\/li>\n<li>These set is \u00a0designed for home use or clubs with less traffic<\/li>\n<li>Guaranteed \u00a0equal weight of all balls in set<\/li>\n<li>Made of phenolic resin<\/li>\n<\/ul>\n<p>To clean, use <a title=\"\u010cisti\u010d koul\u00ed Aramith  ball cleaner \u2013 roztok na \u010di\u0161t\u011bn\u00ed kule\u010dn\u00edkov\u00fdch  koul\u00ed 1 lahev \u2013 250 ml\" href=\"https:\/\/www.billiard-pro.cz\/obchod\/koule-aramith\/aramith-ball-cleaner-roztok-na-cisteni-kouli-1-lahev-250-ml\/\">Aramith Ball Cleaner.<\/a><\/p>\n<p><strong>Producer<\/strong>: SALUC S.A.\/ARAMITH, Belgium<\/p>\n<p><strong>Availability:<\/strong> In stock delivery within 3 working days<\/p>\n","protected":false},"excerpt":{"rendered":"<p>The basic set of \u00a0pool balls \u00a0of best manufacturer of billiard balls in the world, the company Saluc-Aramith These set is \u00a0designed for home use or clubs with less traffic Guaranteed \u00a0equal weight of all balls in set Made of phenolic resin To clean, use Aramith Ball Cleaner. Producer: SALUC S.A.\/ARAMITH, Belgium Availability: In stock [&hellip;]<\/p>\n","protected":false},"featured_media":3819,"comment_status":"open","ping_status":"closed","template":"","meta":[],"product_brand":[],"product_cat":[278,389],"product_tag":[],"class_list":{"0":"post-3288","1":"product","2":"type-product","3":"status-publish","4":"has-post-thumbnail","6":"product_cat-billiard-balls-aramith-3","7":"product_cat-pool-balls","9":"first","10":"instock","11":"shipping-taxable","12":"purchasable","13":"product-type-simple"},"_links":{"self":[{"href":"https:\/\/www.billiard-pro.cz\/en\/wp-json\/wp\/v2\/product\/3288","targetHints":{"allow":["GET"]}}],"collection":[{"href":"https:\/\/www.billiard-pro.cz\/en\/wp-json\/wp\/v2\/product"}],"about":[{"href":"https:\/\/www.billiard-pro.cz\/en\/wp-json\/wp\/v2\/types\/product"}],"replies":[{"embeddable":true,"href":"https:\/\/www.billiard-pro.cz\/en\/wp-json\/wp\/v2\/comments?post=3288"}],"wp:featuredmedia":[{"embeddable":true,"href":"https:\/\/www.billiard-pro.cz\/en\/wp-json\/wp\/v2\/media\/3819"}],"wp:attachment":[{"href":"https:\/\/www.billiard-pro.cz\/en\/wp-json\/wp\/v2\/media?parent=3288"}],"wp:term":[{"taxonomy":"product_brand","embeddable":true,"href":"https:\/\/www.billiard-pro.cz\/en\/wp-json\/wp\/v2\/product_brand?post=3288"},{"taxonomy":"product_cat","embeddable":true,"href":"https:\/\/www.billiard-pro.cz\/en\/wp-json\/wp\/v2\/product_cat?post=3288"},{"taxonomy":"product_tag","embeddable":true,"href":"https:\/\/www.billiard-pro.cz\/en\/wp-json\/wp\/v2\/product_tag?post=3288"}],"curies":[{"name":"wp","href":"https:\/\/api.w.org\/{rel}","templated":true}]}}