{"id":3302,"date":"2013-09-01T17:49:03","date_gmt":"2013-09-01T15:49:03","guid":{"rendered":"http:\/\/localhost\/iwansimonis\/obchod\/nezerazene\/pool-super-aramith-pro-cup-tv-572-mm-2\/"},"modified":"2015-05-16T10:18:42","modified_gmt":"2015-05-16T10:18:42","slug":"pool-super-aramith-pro-cup-tv-572-mm-2","status":"publish","type":"product","link":"https:\/\/www.billiard-pro.cz\/en\/obchod\/billiard-balls-aramith-3\/pool-balls\/pool-super-aramith-pro-cup-tv-572-mm-2\/","title":{"rendered":"POOL Super Aramith Pro Cup TV 57,2 mm"},"content":{"rendered":"<ul>\n<li><strong>SUPER ARAMITH PRO CUP TV 57,2 mm<\/strong> <img decoding=\"async\" class=\"alignright\" src=\"https:\/\/www.billiard-pro.cz\/wp-content\/uploads\/2013\/09\/aramith-logo.jpg\" alt=\"Aramith\" \/><\/li>\n<li>Professional tournament billiard balls of the highest quality<\/li>\n<li>Balls for \u00a0World Championship in pool<\/li>\n<li>Suitable for a better billiard clubs , but also at home<\/li>\n<li>Equal weight guaranteed<\/li>\n<li>Precise balancing balls<\/li>\n<li>White ball with red dots<\/li>\n<li>Made of phenolic resin<\/li>\n<li>Set of 16 balls with a diameter of 57.2 mm<\/li>\n<li>Good visibility balls for TV records<\/li>\n<li>Diameter 57.2 mm<\/li>\n<li>Long life ball<\/li>\n<li>Extending the life of the SIMONIS cloth<\/li>\n<\/ul>\n<p>To clean, use <a title=\"\u010cisti\u010d koul\u00ed Aramith  ball cleaner \u2013 roztok na \u010di\u0161t\u011bn\u00ed kule\u010dn\u00edkov\u00fdch  koul\u00ed 1 lahev \u2013 250 ml\" href=\"https:\/\/www.billiard-pro.cz\/obchod\/koule-aramith\/aramith-ball-cleaner-roztok-na-cisteni-kouli-1-lahev-250-ml\/\">Aramith ball Cleaner .<\/a> <strong>Manufacturer<\/strong>: Saluc S. A.. \/ Aramith, Belgium <strong>Availability:<\/strong> In stock delivery within 3 working days<\/p>\n","protected":false},"excerpt":{"rendered":"<p>SUPER ARAMITH PRO CUP TV 57,2 mm Professional tournament billiard balls of the highest quality Balls for \u00a0World Championship in pool Suitable for a better billiard clubs , but also at home Equal weight guaranteed Precise balancing balls White ball with red dots Made of phenolic resin Set of 16 balls with a diameter of [&hellip;]<\/p>\n","protected":false},"featured_media":3833,"comment_status":"open","ping_status":"closed","template":"","meta":[],"product_brand":[],"product_cat":[278,389],"product_tag":[],"class_list":{"0":"post-3302","1":"product","2":"type-product","3":"status-publish","4":"has-post-thumbnail","6":"product_cat-billiard-balls-aramith-3","7":"product_cat-pool-balls","9":"first","10":"instock","11":"shipping-taxable","12":"purchasable","13":"product-type-simple"},"_links":{"self":[{"href":"https:\/\/www.billiard-pro.cz\/en\/wp-json\/wp\/v2\/product\/3302","targetHints":{"allow":["GET"]}}],"collection":[{"href":"https:\/\/www.billiard-pro.cz\/en\/wp-json\/wp\/v2\/product"}],"about":[{"href":"https:\/\/www.billiard-pro.cz\/en\/wp-json\/wp\/v2\/types\/product"}],"replies":[{"embeddable":true,"href":"https:\/\/www.billiard-pro.cz\/en\/wp-json\/wp\/v2\/comments?post=3302"}],"wp:featuredmedia":[{"embeddable":true,"href":"https:\/\/www.billiard-pro.cz\/en\/wp-json\/wp\/v2\/media\/3833"}],"wp:attachment":[{"href":"https:\/\/www.billiard-pro.cz\/en\/wp-json\/wp\/v2\/media?parent=3302"}],"wp:term":[{"taxonomy":"product_brand","embeddable":true,"href":"https:\/\/www.billiard-pro.cz\/en\/wp-json\/wp\/v2\/product_brand?post=3302"},{"taxonomy":"product_cat","embeddable":true,"href":"https:\/\/www.billiard-pro.cz\/en\/wp-json\/wp\/v2\/product_cat?post=3302"},{"taxonomy":"product_tag","embeddable":true,"href":"https:\/\/www.billiard-pro.cz\/en\/wp-json\/wp\/v2\/product_tag?post=3302"}],"curies":[{"name":"wp","href":"https:\/\/api.w.org\/{rel}","templated":true}]}}