{"id":3320,"date":"2013-09-01T18:07:00","date_gmt":"2013-09-01T18:07:00","guid":{"rendered":"http:\/\/localhost\/iwansimonis\/obchod\/nezerazene\/billiard-balls-carom-aramith-premier-615-mm-4-balls-in-set\/"},"modified":"2019-07-22T17:42:35","modified_gmt":"2019-07-22T15:42:35","slug":"billiard-balls-carom-aramith-premier-615-mm-4-balls-in-set","status":"publish","type":"product","link":"https:\/\/www.billiard-pro.cz\/en\/obchod\/billiard-balls-aramith-3\/karambol-en-2\/billiard-balls-carom-aramith-premier-615-mm-4-balls-in-set\/","title":{"rendered":"Billiard balls CAROM  Aramith Premier, 61,5 mm, 4 balls in set"},"content":{"rendered":"<p><strong>Carom Aramith Premier 61,5 mm &#8211; 4 balls<img decoding=\"async\" class=\"alignright\" src=\"https:\/\/www.billiard-pro.cz\/wp-content\/uploads\/2013\/09\/aramith-logo.jpg\" alt=\"Aramith\" \/><\/strong><\/p>\n<ul>\n<li>Ball diameter 61.5 mm,<\/li>\n<li>Material Aramith Phenolic &#8211; Phenolic resin<\/li>\n<li>The colors of balls: blue, red, white, white with dots.<\/li>\n<li>Non-race balls \u00a0suitable for gaming with less traffic and households.<\/li>\n<\/ul>\n<p>To clean, use<a title=\"\u010cisti\u010d kule\u010dn\u00edkov\u00fdch koul\u00ed Aramith  ball cleaner \u2013 1 lahev \u2013 250 ml\" href=\"https:\/\/www.billiard-pro.cz\/obchod\/koule-aramith\/aramith-ball-cleaner-roztok-na-cisteni-kouli-1-lahev-250-ml\/\">\u00a0Aramith ball \u00a0Cleaner .<\/a> <strong>Producer<\/strong>: SALUC\/ARAMITH, Belgium <strong>Availability:<\/strong>\u00a0In stock delivery within 3 working days<\/p>\n","protected":false},"excerpt":{"rendered":"<p>Carom Aramith Premier 61,5 mm &#8211; 4 balls Ball diameter 61.5 mm, Material Aramith Phenolic &#8211; Phenolic resin The colors of balls: blue, red, white, white with dots. Non-race balls \u00a0suitable for gaming with less traffic and households. To clean, use\u00a0Aramith ball \u00a0Cleaner . Producer: SALUC\/ARAMITH, Belgium Availability:\u00a0In stock delivery within 3 working days<\/p>\n","protected":false},"featured_media":4453,"comment_status":"open","ping_status":"closed","template":"","meta":[],"product_brand":[],"product_cat":[278,385],"product_tag":[],"class_list":{"0":"post-3320","1":"product","2":"type-product","3":"status-publish","4":"has-post-thumbnail","6":"product_cat-billiard-balls-aramith-3","7":"product_cat-karambol-en-2","9":"first","10":"instock","11":"shipping-taxable","12":"purchasable","13":"product-type-simple"},"_links":{"self":[{"href":"https:\/\/www.billiard-pro.cz\/en\/wp-json\/wp\/v2\/product\/3320","targetHints":{"allow":["GET"]}}],"collection":[{"href":"https:\/\/www.billiard-pro.cz\/en\/wp-json\/wp\/v2\/product"}],"about":[{"href":"https:\/\/www.billiard-pro.cz\/en\/wp-json\/wp\/v2\/types\/product"}],"replies":[{"embeddable":true,"href":"https:\/\/www.billiard-pro.cz\/en\/wp-json\/wp\/v2\/comments?post=3320"}],"wp:featuredmedia":[{"embeddable":true,"href":"https:\/\/www.billiard-pro.cz\/en\/wp-json\/wp\/v2\/media\/4453"}],"wp:attachment":[{"href":"https:\/\/www.billiard-pro.cz\/en\/wp-json\/wp\/v2\/media?parent=3320"}],"wp:term":[{"taxonomy":"product_brand","embeddable":true,"href":"https:\/\/www.billiard-pro.cz\/en\/wp-json\/wp\/v2\/product_brand?post=3320"},{"taxonomy":"product_cat","embeddable":true,"href":"https:\/\/www.billiard-pro.cz\/en\/wp-json\/wp\/v2\/product_cat?post=3320"},{"taxonomy":"product_tag","embeddable":true,"href":"https:\/\/www.billiard-pro.cz\/en\/wp-json\/wp\/v2\/product_tag?post=3320"}],"curies":[{"name":"wp","href":"https:\/\/api.w.org\/{rel}","templated":true}]}}