{"id":3362,"date":"2013-09-01T18:58:17","date_gmt":"2013-09-01T16:58:17","guid":{"rendered":"http:\/\/localhost\/iwansimonis\/obchod\/nezerazene\/garnet-disc-to-rapid-cue-top-sander-tweeten\/"},"modified":"2013-09-01T18:58:17","modified_gmt":"2013-09-01T18:58:17","slug":"garnet-disc-to-rapid-cue-top-sander-tweeten","status":"publish","type":"product","link":"https:\/\/www.billiard-pro.cz\/en\/obchod\/billiard-accessories-3\/cue-accessories-2\/tip-shapers\/garnet-disc-to-rapid-cue-top-sander-tweeten\/","title":{"rendered":"Garnet Disc to &#8220;Rapid Cue Top Sander&#8221; &#8211; Tweeten"},"content":{"rendered":"<p>A 4&#8243; diameter sand paper disc for use on <a title=\"Rapid Cue Top Sander -brousek na kostice \u2013 pro snadn\u00e9 nalepen\u00ed k\u016f\u017ee \u2013 Tweeten\" href=\"https:\/\/www.billiard-pro.cz\/obchod\/kulecnikove-potreby\/bruska-na-tago-pro-snadne-nalepeni-kuze-1-ks\/\">&#8220;Rapid Cue Top Sander&#8221; <\/a>.<\/p>\n<p><strong>Made by :<\/strong> Tweeten Fibre Co. Inc., Chicago, USA<\/p>\n<p><strong>Avalability:<\/strong> at stock &#8211; delivery within 3 working days<img decoding=\"async\" class=\"alignright\" alt=\"tweeten-logo\" src=\"https:\/\/www.billiard-pro.cz\/wp-content\/uploads\/2013\/09\/tweeten-logo.jpg\" \/><\/p>\n","protected":false},"excerpt":{"rendered":"<p>A 4&#8243; diameter sand paper disc for use on &#8220;Rapid Cue Top Sander&#8221; . Made by : Tweeten Fibre Co. Inc., Chicago, USA Avalability: at stock &#8211; delivery within 3 working days<\/p>\n","protected":false},"featured_media":1562,"comment_status":"open","ping_status":"closed","template":"","meta":[],"product_brand":[],"product_cat":[252,274,370],"product_tag":[],"class_list":{"0":"post-3362","1":"product","2":"type-product","3":"status-publish","4":"has-post-thumbnail","6":"product_cat-billiard-accessories-3","7":"product_cat-cue-accessories-2","8":"product_cat-tip-shapers","10":"first","11":"instock","12":"shipping-taxable","13":"purchasable","14":"product-type-simple"},"_links":{"self":[{"href":"https:\/\/www.billiard-pro.cz\/en\/wp-json\/wp\/v2\/product\/3362","targetHints":{"allow":["GET"]}}],"collection":[{"href":"https:\/\/www.billiard-pro.cz\/en\/wp-json\/wp\/v2\/product"}],"about":[{"href":"https:\/\/www.billiard-pro.cz\/en\/wp-json\/wp\/v2\/types\/product"}],"replies":[{"embeddable":true,"href":"https:\/\/www.billiard-pro.cz\/en\/wp-json\/wp\/v2\/comments?post=3362"}],"wp:featuredmedia":[{"embeddable":true,"href":"https:\/\/www.billiard-pro.cz\/en\/wp-json\/wp\/v2\/media\/1562"}],"wp:attachment":[{"href":"https:\/\/www.billiard-pro.cz\/en\/wp-json\/wp\/v2\/media?parent=3362"}],"wp:term":[{"taxonomy":"product_brand","embeddable":true,"href":"https:\/\/www.billiard-pro.cz\/en\/wp-json\/wp\/v2\/product_brand?post=3362"},{"taxonomy":"product_cat","embeddable":true,"href":"https:\/\/www.billiard-pro.cz\/en\/wp-json\/wp\/v2\/product_cat?post=3362"},{"taxonomy":"product_tag","embeddable":true,"href":"https:\/\/www.billiard-pro.cz\/en\/wp-json\/wp\/v2\/product_tag?post=3362"}],"curies":[{"name":"wp","href":"https:\/\/api.w.org\/{rel}","templated":true}]}}