{"id":3428,"date":"2014-04-22T16:09:09","date_gmt":"2014-04-22T14:09:09","guid":{"rendered":"http:\/\/localhost\/iwansimonis\/obchod\/nezerazene\/cue-bag-laperti-de-luxe-black-1b-2s\/"},"modified":"2019-08-17T13:30:48","modified_gmt":"2019-08-17T11:30:48","slug":"cue-bag-laperti-de-luxe-black-1b-2s","status":"publish","type":"product","link":"https:\/\/www.billiard-pro.cz\/en\/obchod\/billiard-accessories-3\/cue-tube-cue-bag-cue-case\/cue-bag-laperti-de-luxe-black-1b-2s\/","title":{"rendered":"Laperti cue bag De Luxe Supreme 1B\/2S black"},"content":{"rendered":"<p><strong>LAPERTI CUE BAG DE LUXE SUPREME BLACK 1B-2S<\/strong><\/p>\n<div>\n<ul>\n<li>High Quality Cue Bag<\/li>\n<li>Good Cue Protection<\/li>\n<li><strong>Holds 1 Butt \/ 2 Shafts<\/strong><\/li>\n<li>Suede Appearance<\/li>\n<li>Fur Lined Interior<\/li>\n<li>Accessory Pocket<\/li>\n<li>Shoulder Strap<\/li>\n<li>Great Value for Money<\/li>\n<li>This high quality Laperti cue bag, with handle and shoulder strap, holds 1 butt and 2 shafts; also contains 1 pocket designed for chalk and accessories<\/li>\n<li>With a stylish suede-look design and a thick man-made fur lined interior which provides good protection<\/li>\n<\/ul>\n<p><strong>Available for consultation and direct purchase in our showroom:<\/strong><\/p>\n<p>BC \u0158ipsk\u00e1, \u0158ipsk\u00e1 24, Praha 3<\/p>\n<p><strong>Material:<\/strong>\u00a0synthetic &#8211; soft vinyl, black , lightweight, padding inside<\/p>\n<p><strong>Manufacturer<\/strong>:\u00a0Laperti\/import Buffalo, Netherlands<\/p>\n<p><strong>Availability:<\/strong>\u00a0In stock<\/p>\n<\/div>\n","protected":false},"excerpt":{"rendered":"<p>LAPERTI CUE BAG DE LUXE SUPREME BLACK 1B-2S High Quality Cue Bag Good Cue Protection Holds 1 Butt \/ 2 Shafts Suede Appearance Fur Lined Interior Accessory Pocket Shoulder Strap Great Value for Money This high quality Laperti cue bag, with handle and shoulder strap, holds 1 butt and 2 shafts; also contains 1 pocket [&hellip;]<\/p>\n","protected":false},"featured_media":4641,"comment_status":"closed","ping_status":"closed","template":"","meta":[],"product_brand":[],"product_cat":[252,276],"product_tag":[],"class_list":{"0":"post-3428","1":"product","2":"type-product","3":"status-publish","4":"has-post-thumbnail","6":"product_cat-billiard-accessories-3","7":"product_cat-cue-tube-cue-bag-cue-case","9":"first","10":"outofstock","11":"shipping-taxable","12":"purchasable","13":"product-type-simple"},"_links":{"self":[{"href":"https:\/\/www.billiard-pro.cz\/en\/wp-json\/wp\/v2\/product\/3428","targetHints":{"allow":["GET"]}}],"collection":[{"href":"https:\/\/www.billiard-pro.cz\/en\/wp-json\/wp\/v2\/product"}],"about":[{"href":"https:\/\/www.billiard-pro.cz\/en\/wp-json\/wp\/v2\/types\/product"}],"replies":[{"embeddable":true,"href":"https:\/\/www.billiard-pro.cz\/en\/wp-json\/wp\/v2\/comments?post=3428"}],"wp:featuredmedia":[{"embeddable":true,"href":"https:\/\/www.billiard-pro.cz\/en\/wp-json\/wp\/v2\/media\/4641"}],"wp:attachment":[{"href":"https:\/\/www.billiard-pro.cz\/en\/wp-json\/wp\/v2\/media?parent=3428"}],"wp:term":[{"taxonomy":"product_brand","embeddable":true,"href":"https:\/\/www.billiard-pro.cz\/en\/wp-json\/wp\/v2\/product_brand?post=3428"},{"taxonomy":"product_cat","embeddable":true,"href":"https:\/\/www.billiard-pro.cz\/en\/wp-json\/wp\/v2\/product_cat?post=3428"},{"taxonomy":"product_tag","embeddable":true,"href":"https:\/\/www.billiard-pro.cz\/en\/wp-json\/wp\/v2\/product_tag?post=3428"}],"curies":[{"name":"wp","href":"https:\/\/api.w.org\/{rel}","templated":true}]}}