{"id":3436,"date":"2014-04-26T09:47:11","date_gmt":"2014-04-26T09:47:11","guid":{"rendered":"http:\/\/localhost\/iwansimonis\/obchod\/nezerazene\/cue-bag-laperti-nylon-black-1b-1s\/"},"modified":"2014-04-26T09:47:11","modified_gmt":"2014-04-26T09:47:11","slug":"cue-bag-laperti-nylon-black-1b-1s","status":"publish","type":"product","link":"https:\/\/www.billiard-pro.cz\/en\/obchod\/billiard-accessories-3\/cue-tube-cue-bag-cue-case\/cue-bag-laperti-nylon-black-1b-1s\/","title":{"rendered":"Cue Bag Laperti Nylon Black 1B-1S"},"content":{"rendered":"<p><strong>LAPERTI NYLON CUE BAG BLACK 1B-1S<img decoding=\"async\" class=\"alignright\" alt=\"\" src=\"data:image\/jpeg;base64,\/9j\/4AAQSkZJRgABAQAAAQABAAD\/2wCEAAkGBxQSEBQUEhAUFBUUEhQUDxUVFRQQFBQVFBQWGRQVFRQYHyggGBolGxUVITEhJyk3Li8uFx8zODMsNygtLisBCgoKDg0OGhAQGywkICQyLSwsLCw0LCwsLCwsLSwsLCwsLCwsLCwsLCwsLCwsLCwsLCwsLCwsLCwsLCwsLCwsLP\/AABEIAGwAtQMBEQACEQEDEQH\/xAAbAAABBQEBAAAAAAAAAAAAAAAFAAECAwQGB\/\/EAEcQAAIABAEDDgoIBgMBAAAAAAECAAMEEQUSITEGEzIzQVFScXKBkbGy0hUiNVNUYXOUodEUFiMkdJKTwTRCgqOz8CViZAf\/xAAaAQEAAgMBAAAAAAAAAAAAAAAAAQQCAwUG\/8QANBEAAgEBAwoFBAICAwAAAAAAAAECAwQRUQUSExQhMTM0UnEVMkGBsZHB0fAioSNCYdLh\/9oADAMBAAIRAxEAPwD1THMSnpUU8mnSUWnLPYmaWAXWdbzDJ38s9EAQviXBo+md8oEbRXxLeov70BtGPhL\/AMX96F5NzHtiW\/Rf3oi8jaRIxLhUXRO+cLydpC2JcKi\/LOP7wvRFzJhcSttlF+Wd84Xom5kSuI+dovyTfnC9C5kMnEfO0f5JvehehcxxLxHz9H+nN70L0LmTEvEfP0f6U3vRF6FzH1vEfP0f6U3vQvWJNzH1vEfP0n6U3vRF6xIuY+tYj56k\/Sm96JzliLmPrWI+eo\/05veic5Yi5i1vEfOUf5J3ehnICMvEfOUf5J3eheBsjEvOUf5J3eheiNosjEfOUf5J3eibxcx9bxLzlH+Sd3oDaYccrMRpqabPL0jCVLaYVCTQTki9gS0AdVKa6g74B+ECQFio\/wCSofZ1nZk\/KAOggCufsW5J6o11fJLszKHmQAw7DhNQsXYZ7f70x56xWCNpp57k0dKvaHSlmpI2eAl843wi54NDrZp16XSheAl4bfCHg8OtjXpYIrGCLw2+EPBqfUxr0sESXAlts2+EPB6fUxr88ERbAU4bfCJ8HpdTGvTwRDwGnDb4Q8HpdTI16WCHGBpw2+ET4PS6mNengixcDThN8Ijwejixr08ET8Bpwm+EPB6WLGvTwQ3gNOE3wh4RSxZOvTwQ4wROE3wh4RRxZGuzwQ\/gROE3w+UPB6XUyNdngheA04TfD5Q8GpdTJ12eCHOCJwm+Hyh4LS6n\/X4I12eCM9bhSohYMxtbTbfita8mU6NJzjJ7DZStUpzUWkEsNP2KckR1rDy8OyKlfiS7mqLZqAOrzyZWfhpvYMAGqfYLyR1QAExbyjQ8mr7EuAD8AV1GxbknqjXW4cuz+DKHmQP1P7UeUeoRzcjcv7stW7iewTMdUpkDMG+OmMc+GJOa8CszRvjpEM+OKGa8CazBwh0xGfHFE5rwIvMXhDpEM+OKGa8CrXV4Q6RDSQxQzXgITl4Q6RDSQxX1Ga8C1Zy8IdIhpIYr6jMlgT15eEOkRGkhivqMyWAxnLwh0iGlhivqTmSwGE9eEOkQ0sMUMyWA4nLwh0iI0sMUMyWAtfXhDpESqsMURmSwLFa+iNikmr0YvYZMVH2TcQ6xFLKXLT\/fU3WfiIlhu1JyRGdg5aHZEV+LI1RbNQC1d+TKz8NN7JgAzT7BeSOqAAeLn\/kaDk1fYlwB0EAVz9ieSeqNdXyS7Myj5kD8A2o8o9QjnZH5f3ZZtvE9jdWbW\/IbqMXrTwZ9n8Fel513RxrGPE3s79xXzRN7BJYxcmTcM4jK8MqheYiLAZyeM7gtC\/AHI4tq8RGKyJeuW0sxyVv\/ANQM5jr2bJM6izqjzV\/ZTq22MdkdpVhv\/wBA8YCfJAUnZISSPXkkZxzxsrZGzU3CV7wMYW5N3SR3UiarqGUgqwBUjQQdBEcVpptMvK5q9E7QvJHAgmQx7RkmDpcE2leNu0Y9Tkvlo+\/yzjWristxPan4v3jPKPLT\/fUxs\/EQ2GbSnF+8TYOXh2Fo4jNcXDSA9XHk2r\/DTeyYAL0u1pyV6hAATF\/KVByKvsS4A6CAK5+xPEeqMKnkfZkx8yB2p\/ajyv2EcvI3Lvu\/sW7bxPY31m1vyG6jHQtPBn2fwV6Xnj3RxjR4Y75UTGQJpEMk14ZhcuZTCbMnTFJyi5ywirZiLWOYAWj1dnsFndKLcVtSxOPUtVVTdzI1OATALypomC2xcBWPFMXN0iNVfI9OXDdz+qJhbZLzI4HV1i9qXW0NmmNkTAczKouTcbxta+gxUsWT5xtH+RbFt7m6vaIun\/E4nAcMapqJUhDYzXCg6bDSzcQAJ5o9Gcw6\/EtQSIjiTWpPnS5qS3lBNbKlr3vdiRYAniBjVWrRpQc5bkZwpubUUdjgVGZNNKlsQWRAptozR460TVSrKcfVncpxcYJMIRqRmKMQPeMgdLgm0rxt1mPVZL5aPv8AJxrXxWWYltL8mNtv5efYws\/EQsK2lOI9Zhk\/lodhaeKzZF00gXVp5Oq\/w03sGAClHtacheoQAExfylQcis7EqAOggCE7YtyT1RrqeR9mZQ8yBup3ajy\/2EczI3Lvu\/sWrdxPYIVm1vyG6jHQtPBn2fwVqfnXdHHER4do75W1t8Qv3EjUsgz5wkqbALlzmBzhCbBVO4zEEX3ADHWybY1Wnnz3L+2VLVXzFdHeaa37FJlKkoa00+WCTlFZcmcZZdibEZm145yNyPTpXK5HIvvC87BkUMVM1ZdizSpbEIc2fJUZxe2gRJACqJX2ZedRO0ptdNQhCDIlMiqgVb3OSstekmJBZgNJS0KzAFSXMypjSTNUyphRs4TLN8qxzeLuAZoi5gd0q6hVdqFJRV8uwmgswaXbP4o8a5Om2a0U7bZ516Tgmb6FSNOd7Mc92l7bKmS\/WynJ\/OLj4x5ypk60Q\/1v7bTqQtVOXqMlYlwBMUk6AGBvfRFVUZ3N5r2fuBuz433XmlWjAksVCQTY2Gk70ZqnJpyS2L1MXJJ3XnR4JtI42649Rkvlo+\/ycm2cVluJj7F+TG23cvPsa7PxENhO0pxHtGGTuWh++rJtPFZti6aAPqwF8Pqh\/wCeb2DABGgP2Uv2adkQAFxfylQcis7EqAOggCudsW4j1RrqeR9mZQ8yBupzajy\/2EczI\/Lvv+C1buIuwRrNrfkN1GOhaeDPs\/grU\/Ou5x8eIZ3wZX4LTTGMydJlsbeMzDcA3TxRvpWitFZsWYThF7Wb8E1G0aSHmz6aWA5MwZQtrcoKMkHmBY+tjHrbLTlCks\/a\/U41aalP+O4bB6ZHEyXSNMoyQZiSiEaVMBzZdtOfMCL3AIjKhaada\/Me7YRUpShdf6gfwPImgAUqyFQ5LKGZphaWbNlNewFxoGkZ92OXb8ozpydKCua3v8FyzWVSWfIuOAyDf7IZ81rtnG9pjj67aOplzV6eA\/gKQQLy72N18ZzY7hGfMYa7aOpjV6eBcmES75lf9SZ84yjbLQ90mQ6NNb0WrhAz2EzNptMmd6M417XLc3+DF06K9EVydTSDLCIVDFNfAYgOVcMhbPpDBSDG2FW2TUo34J3mEoUE07jVKwIMxuWDAm95j7guc196MIUK021sTV\/9bzN1IJJ7QlRky6d0VgVFhfxmJyt4nTFiFSdOzVIppr\/sapQjKrF7b\/wF8C2kcbdcdPJfLR9\/kqWziv2NGJ7S\/JMbrdy8+xrocSJDCdpTn7RjHJ3LQ9\/lk2riyNsXjQC9VIvQ1PsJnYMAasLP2Er2SdkQAHxfylQcis7EqAOggCE7YtxHqjCp5H2ZlHzIG6ndqPLPUI5eRuA+7+xat3EXb8hCrP2b8huox0LRwpdn8Fan513OPjw+F53yeGUf0idY7VJYGbvPMzFJfrAzMeNRumO5kiyZz00vTd+ShbK1yzELF601L2v9greKPOsp2bf9AdA3bXjPKWUGr6VP3f7\/AGRZLN\/vIyzJjSys1M7Smy7cNdDpxlb29do59htOhrJ+j3lm0Us+DRsx6UFdalDeVPCCadwMQBKmeq4sh\/pjsZVs2khpFvj8f+FKx1s2Wa\/UlQJsyRcLLY59\/cjj2SMXpJNXpRb9\/QvVm1ck97QqJLMGYZgQbb9\/9JhZaajUUqm75vFaV8WlvNUmVrZn3BzCwtm2R3OYxcjTdB129y2fV\/g0SlnqmsfsOs7KRmIHjugySbZlGm\/MImFZTpynJL+TWy\/0RDhmyUV6JkaScqhsog3mLf1qP5hz26Iws9alSTU2nfJfRev13GVWEptXLcn9SmVOCtNJa5ZWCm17lt080aKdanGdSTltaaT7mcoOUYpLcViaBKyM9y+Ud7MLWjUq0dBo\/W+8z0b0md6XB\/AtpHG3XHoMl8tH3+Tm2ziv2NGJbU\/JMbrdy8+xrocSJDCNpXn7RjHJvLQ9\/lk2riv99DbF40A3VIPudR7CZ2DAF2Dfw0n2MvsCABeL+UaDkVfYlwAfvEXghNOY8RjCo\/4vsZR3oF6n2+yPL\/YRy8jP\/A+\/2Rbtq\/muxvqnGQ\/IbqMdGvtpS7P4K1NfyXc4ye5C+KLuxCyxou7Gyjiuc\/qvHjqFB1aigvU7dWahFyCmJgU9MlNLbx5oIdhmOSc86Z6ib2G8WG9HqbVWjZqH8eyOTSg6tS9+4OVbAACwAsANAA0CPIb2dpbB4kk2annUrMpJgDIys0oHdlvtkv8ApJJ4mG9HqMmWnS0s2W+Ozujj2ulmzzluYPlF5DvTs3jIAVO7MlEnIc+vMVPrW+7HLttOdlm1Dyy3fguWecasU5b0WtOY6WP+6I58q05b2yyoRW5DZRjW23vMrrhRBI4jIgUAPAhnS4DtI42649Vkrlo+\/wAnHtnFZfie1PyTG+28vPsaqHEiV4PtK\/1doxhk3loe\/wAsytXFf76G6LxoB+qAfdJ\/sJnYMAPgJ+6U\/sJX+NYAG4x5RoOTV9iXEAPkQJRCboPEYwn5X2JjvQKwFbyjy\/2EcrI+2g+\/2Rdtuya7BOpHiNm\/lbqMdKsr6cuzKkH\/ACRxsyU6zJbjKXILMDrTTVyghAVlGfPc5xHDyVBwqyc01sOhbJqUUov1JAT5rmbOlZDsFUIuU4RFFwuUQM5JYnNugbkasoTqWiacYu5GdmjGnHa1tLRTPwG6DFBUKvSyzpYYoX0Z+A3QYjVqvS\/oRpYYoqn4ez2ujgqbqVylINiMxGcZiRzxspQtFKWdBNPsYSlSkrpNGUYG+SFAYAG4bIGu6d2bbKOjdi\/UtVqqU8yVO\/8A5uNCpUoyvUjd9FfgN0GOarLVX+r+ha00MUL6M\/AboMNVq9LGmhih\/or8BugxOq1eljTU8UIUszgN0GJVlrdLGmp4of6K\/AboMNVq9LGmp4oX0SZwG6DDVK3QyNNDFHRYKhWUAQQbnTm3Y9LkyEoWdKSue05NqkpVG0W4ltT8kxutvLz7GFDiRK8H2leftGNWTOWj7\/LM7VxX++hui+VzDjo+6z\/YzOwYAhqcP3Om\/Dyf8awBgxfyjQcmr7EuAD8RcCE0ZjxHqjCp5X2Mo70DNTu1nl\/sI5mRl\/gff7It27iLsbMWqTKkTJgAJRCwvouBmJ9W\/HWuKQMFdMFS8kuLLLZsrJGclFK84OUbbxXnAqbGZlytwPGpchrbITJ6Sp4sd0FrjlCALJ1ZN191WYAony5QGSCRlyQ5N903MAOMQmpLqWezGmWZlWAUTGCCYhG6oCMAfWYkF8yZNSaFM4FWkuw8UAhltnvvZ7wAN8JzslTlNcz2lmyJZgHZbLn2Xi\/AxAHbVC4VTYeNIUhrHJE0lMq\/qCuGt6jEg0PiDrPyNcJRZqS3YoPFdxLKo2+GDEBhoLARBJbRYsXqJiWuo8aVbdQAAt+osxeYQIM6YlMP0c64bzSjMuSMkKzWKhvhAD1WIzSCZbAE1E6SqWBtrUuYQeMmXfieJA4xF3YMjnIeWXTMtkAZFynJ\/l2TH1QAQwSpZ0bLJy1fJmKQPEYKpIBGZgb5QO8wgDRiW1PyTFW28vPsbaHEj3KsH2leftGNWTeWj7\/LM7XxWbovlcxY3\/DT\/YzOwYAp1M\/wVL+Gk\/41gDHjHlCh4qr\/ABpAB+AITNB4jGFTyPsTHegJgtYiSyGaxyr\/AAEcLJdrpUqLjN3O\/wCyOha6M5zvije+JSSCCwIIsQRcEHSCI6XiNm6irq1XAw0yUyLk5WUMosMq5ILCxGVpItmz7lhoh4lZur5\/A1argWzWpWycoKcnYZjmuwbN\/UAeYQ8Ss\/UNVq4DS\/oq6FUeOJmg7NdDccPErP1DVauBetZIBYgi72L5tlYWF+YARHiNn6hqtXAq12msBYWBuMxzZrdFs1oeJWfqJ1WrgVuKQm5RSbltB0k3J47w8Ss\/UNVq4Fgm01gMlbAkgZOYEqVJt6wSOeHidm6hqtXAikylBBCqCDcHJz33\/XoHRDxOzdQ1SrgJJ1KrBgihgWIIXOC2yIPruYjxKz9ROqVcBmmUpzlFzm+x3b3v0xPiVn6iNUq4Fkqqp1IKhQQLAhbWAFuoAQ8Ts\/V\/ROqVcCM2fStbKRTYZIul7LvcXqiPE7N1f0xqlXAtk4hIQWWyjeAtDxOzdX9MjVKuBGtxOW0tgGzlSBmMaLVlChOjKEXta\/5NlKzVIzTaL8H2leftGLGTOWh7\/LNdq4r\/AH0N0XyuYsa\/hp3sZnYMAUalv4Gl\/CyP8SwAN1UVOs1VHNZJjIpnhzLRppGVLFrhQTa4gC364SOBU+7T+7Ai8Y6r5Hm6n3af3Yhq\/YxeZfrDSej1Hus\/uxW1Kz9CN2s1Opi+sNJ6NU+6z+7DUrP0IjWanUxfWGk9GqfdJ\/dhqVn6ETrNTFj\/AFhpPRqn3Sf3YalZ+hEaxUxYvrDS+i1Puk\/uw1Kz9CGsTxY\/1gpfRan3Sf3YnU6HQhrE+piOqCm9EqvdJ3dhqVDoQ1ipixeH6b0Oq90nfKGpUOhDWKmLH8P0\/odV7pO+UNTodCGnqYsXh+n9DqvdZvyhqdDoQ088WN4fp\/Qqr3Wb8oapR6UNPUxY\/h+R6FVe6zPlE6pR6UNPPFi8PyPQar3WZ8oapR6UNPPFjeH5HoNV7rM+UNUo9KGmqYsc4\/I9BqvdZnyhqlDpQ008WOcek+g1Xuz\/AChqlHpQ01TFlkvVQgFhR1gG8KZ43Rgoq6OxGttt3sn9a19ErPd3jIGbEtUoeTMRaOsu0t1X7uwFypAzwAY1NSytFTKwKstNJVgcxBEtQQeeACMAPADGAFACgBQA8ANEAV4kCgBQA8AKAGgBQAoAeAFADGAFACgBQA8Af\/\/Z\" \/><\/strong><\/p>\n<ul>\n<li>Soft Nylon \u00a0Cue Bag<\/li>\n<li><strong>Holds 1 Butt \/ 1 Shaft<\/strong><\/li>\n<li>Padded with Felt<\/li>\n<li>2 accessory pocket<\/li>\n<li>Shoulder Strap<\/li>\n<li>Great Value for Money<\/li>\n<\/ul>\n<p>This Laperti nylon cue bag, with zipper and shoulder strap, holds 1 butt and 1 shaft; also contains 2 small pockets designed for chalk and accessories.<\/p>\n<p>It is quite soft and light and is padded with felt to provide good protection.<\/p>\n<p><strong>Available for consultation and direct purchase in our showroom:<\/strong><\/p>\n<p>BC \u0158ipsk\u00e1, \u0158ipsk\u00e1 24, Praha 3<\/p>\n<p><strong>Material:<\/strong>\u00a0nylon, black \u00a0colour , \u00a0lightweight, padding inside<\/p>\n<p><strong>Manufacturer<\/strong>: Laperti,<\/p>\n<p><strong>Availability:<\/strong>\u00a0In stock delivery within 3 working days<\/p>\n","protected":false},"excerpt":{"rendered":"<p>LAPERTI NYLON CUE BAG BLACK 1B-1S Soft Nylon \u00a0Cue Bag Holds 1 Butt \/ 1 Shaft Padded with Felt 2 accessory pocket Shoulder Strap Great Value for Money This Laperti nylon cue bag, with zipper and shoulder strap, holds 1 butt and 1 shaft; also contains 2 small pockets designed for chalk and accessories. It [&hellip;]<\/p>\n","protected":false},"featured_media":4653,"comment_status":"closed","ping_status":"closed","template":"","meta":[],"product_brand":[],"product_cat":[252,276],"product_tag":[],"class_list":{"0":"post-3436","1":"product","2":"type-product","3":"status-publish","4":"has-post-thumbnail","6":"product_cat-billiard-accessories-3","7":"product_cat-cue-tube-cue-bag-cue-case","9":"first","10":"instock","11":"shipping-taxable","12":"purchasable","13":"product-type-simple"},"_links":{"self":[{"href":"https:\/\/www.billiard-pro.cz\/en\/wp-json\/wp\/v2\/product\/3436","targetHints":{"allow":["GET"]}}],"collection":[{"href":"https:\/\/www.billiard-pro.cz\/en\/wp-json\/wp\/v2\/product"}],"about":[{"href":"https:\/\/www.billiard-pro.cz\/en\/wp-json\/wp\/v2\/types\/product"}],"replies":[{"embeddable":true,"href":"https:\/\/www.billiard-pro.cz\/en\/wp-json\/wp\/v2\/comments?post=3436"}],"wp:featuredmedia":[{"embeddable":true,"href":"https:\/\/www.billiard-pro.cz\/en\/wp-json\/wp\/v2\/media\/4653"}],"wp:attachment":[{"href":"https:\/\/www.billiard-pro.cz\/en\/wp-json\/wp\/v2\/media?parent=3436"}],"wp:term":[{"taxonomy":"product_brand","embeddable":true,"href":"https:\/\/www.billiard-pro.cz\/en\/wp-json\/wp\/v2\/product_brand?post=3436"},{"taxonomy":"product_cat","embeddable":true,"href":"https:\/\/www.billiard-pro.cz\/en\/wp-json\/wp\/v2\/product_cat?post=3436"},{"taxonomy":"product_tag","embeddable":true,"href":"https:\/\/www.billiard-pro.cz\/en\/wp-json\/wp\/v2\/product_tag?post=3436"}],"curies":[{"name":"wp","href":"https:\/\/api.w.org\/{rel}","templated":true}]}}