{"id":3478,"date":"2014-05-07T16:10:18","date_gmt":"2014-05-07T14:10:18","guid":{"rendered":"http:\/\/localhost\/iwansimonis\/obchod\/nezerazene\/buffalo-billiard-rubber-cushion-pool-k66-107-cm\/"},"modified":"2014-05-07T16:10:18","modified_gmt":"2014-05-07T16:10:18","slug":"buffalo-billiard-rubber-cushion-pool-k66-107-cm","status":"publish","type":"product","link":"https:\/\/www.billiard-pro.cz\/en\/obchod\/billiard-tables\/billiard-rubber-cushions\/buffalo-billiard-rubber-cushion-pool-k66-107-cm\/","title":{"rendered":"Buffalo Billiard Rubber Cushion pool K66 &#8211; 107 cm"},"content":{"rendered":"<p><strong>BUFFALO K66 RUBBER CUSHION 107 CM<img decoding=\"async\" class=\"alignright\" alt=\"buffalo\" src=\"http:\/\/www.buffalo.nl\/media\/brands\/buffalo.png\" \/><\/strong><\/p>\n<ul>\n<li>For 7ft Pool Tables<\/li>\n<li>Profile Type: K66<\/li>\n<li>Length: 107 cm<\/li>\n<li>Very Long Lasting<\/li>\n<li>Great Value for Money<\/li>\n<\/ul>\n<p>This quality pool table cushion is made out of standard rubber components.<\/p>\n<p><strong>Available for consultation and direct purchase in our showroom:<\/strong><\/p>\n<p>BC \u0158ipsk\u00e1, \u0158ipsk\u00e1 24, Praha 3<\/p>\n<p><strong>Material:<\/strong>\u00a0rubber<\/p>\n<p><strong>Manufacturer<\/strong>: Buffalo,Netherlands<\/p>\n<p><strong>Availability:<\/strong>\u00a0In stock delivery within 3 working days<\/p>\n","protected":false},"excerpt":{"rendered":"<p>BUFFALO K66 RUBBER CUSHION 107 CM For 7ft Pool Tables Profile Type: K66 Length: 107 cm Very Long Lasting Great Value for Money This quality pool table cushion is made out of standard rubber components. Available for consultation and direct purchase in our showroom: BC \u0158ipsk\u00e1, \u0158ipsk\u00e1 24, Praha 3 Material:\u00a0rubber Manufacturer: Buffalo,Netherlands Availability:\u00a0In stock [&hellip;]<\/p>\n","protected":false},"featured_media":4571,"comment_status":"closed","ping_status":"closed","template":"","meta":[],"product_brand":[],"product_cat":[366,340],"product_tag":[],"class_list":{"0":"post-3478","1":"product","2":"type-product","3":"status-publish","4":"has-post-thumbnail","6":"product_cat-billiard-rubber-cushions","7":"product_cat-billiard-tables","9":"first","10":"instock","11":"shipping-taxable","12":"purchasable","13":"product-type-simple"},"_links":{"self":[{"href":"https:\/\/www.billiard-pro.cz\/en\/wp-json\/wp\/v2\/product\/3478","targetHints":{"allow":["GET"]}}],"collection":[{"href":"https:\/\/www.billiard-pro.cz\/en\/wp-json\/wp\/v2\/product"}],"about":[{"href":"https:\/\/www.billiard-pro.cz\/en\/wp-json\/wp\/v2\/types\/product"}],"replies":[{"embeddable":true,"href":"https:\/\/www.billiard-pro.cz\/en\/wp-json\/wp\/v2\/comments?post=3478"}],"wp:featuredmedia":[{"embeddable":true,"href":"https:\/\/www.billiard-pro.cz\/en\/wp-json\/wp\/v2\/media\/4571"}],"wp:attachment":[{"href":"https:\/\/www.billiard-pro.cz\/en\/wp-json\/wp\/v2\/media?parent=3478"}],"wp:term":[{"taxonomy":"product_brand","embeddable":true,"href":"https:\/\/www.billiard-pro.cz\/en\/wp-json\/wp\/v2\/product_brand?post=3478"},{"taxonomy":"product_cat","embeddable":true,"href":"https:\/\/www.billiard-pro.cz\/en\/wp-json\/wp\/v2\/product_cat?post=3478"},{"taxonomy":"product_tag","embeddable":true,"href":"https:\/\/www.billiard-pro.cz\/en\/wp-json\/wp\/v2\/product_tag?post=3478"}],"curies":[{"name":"wp","href":"https:\/\/api.w.org\/{rel}","templated":true}]}}