{"id":3494,"date":"2014-05-31T22:14:28","date_gmt":"2014-05-31T20:14:28","guid":{"rendered":"http:\/\/localhost\/iwansimonis\/obchod\/nezerazene\/triton-carom-cue-no-1-black\/"},"modified":"2016-12-27T22:00:23","modified_gmt":"2016-12-27T21:00:23","slug":"triton-carom-cue-no-1-black","status":"publish","type":"product","link":"https:\/\/www.billiard-pro.cz\/en\/obchod\/billiard-accessories-3\/cues\/carom-cues\/triton-carom-cue-no-1-black\/","title":{"rendered":"Triton Carom Cue No: 1 Black"},"content":{"rendered":"<p><strong>TRITON CAROM CUE NO.1 BLACK<img loading=\"lazy\" decoding=\"async\" class=\"alignright size-full wp-image-2412\" src=\"https:\/\/www.billiard-pro.cz\/wp-content\/uploads\/2014\/06\/buffalo.png\" alt=\"buffalo\" width=\"66\" height=\"17\" data-id=\"2412\" srcset=\"https:\/\/www.billiard-pro.cz\/wp-content\/uploads\/2014\/06\/buffalo.png 66w, https:\/\/www.billiard-pro.cz\/wp-content\/uploads\/2014\/06\/buffalo-31x7.png 31w, https:\/\/www.billiard-pro.cz\/wp-content\/uploads\/2014\/06\/buffalo-38x9.png 38w\" sizes=\"auto, (max-width: 66px) 100vw, 66px\" \/><\/strong><\/p>\n<ul>\n<li>This simple but stylish cue features a reinforced maple shaft which gives extra strength and durability, with a black butt section and a black super grip.<\/li>\n<li>This cue features an interchangeable single wooden joint system, which produces a soft hit.<\/li>\n<li>This cue comes with an 11.5mm tip.<\/li>\n<li>Great Value for Money<\/li>\n<li>Comes with 1 Reinforced Shaft<\/li>\n<li>Single Wooden Joint System<\/li>\n<li>Quality Controlled<\/li>\n<li>\n<p style=\"display: inline !important;\">Weight 490-530 g<\/p>\n<\/li>\n<li><span style=\"line-height: 1.5em;\">Rubber Stopper<\/span><\/li>\n<li>\n<p style=\"display: inline !important;\">Length 142 cm<\/p>\n<\/li>\n<li>Related product \u00a0:\u00a0<a title=\"Pouzdro na t\u00e1go Laperti Cue Bag Black 1B-1S \u2013 obal \u010dern\u00fd\" href=\"https:\/\/www.billiard-pro.cz\/obchod\/kulecnikove-potreby\/laperti-cue-bag-black-1b-1s-pouzdro-na-tago\/\">Laperti Cue Bag Black 1B-1S<\/a><a title=\"Pouzdro na t\u00e1go Laperti De Luxe Cue Bag Black 1B-2S \u2013 obal \u010dern\u00fd\" href=\"https:\/\/www.billiard-pro.cz\/obchod\/kulecnikove-potreby\/laperti-de-luxe-cue-bag-black-1b-2s-obal-na-tago\/\"><br \/>\n<\/a><\/li>\n<\/ul>\n<p><strong>Available for consultation and direct purchase in our showroom:<\/strong><\/p>\n<p>BC \u0158ipsk\u00e1, \u0158ipsk\u00e1 24, Praha 3<\/p>\n<p><strong>Material:<\/strong>\u00a0 maple wood ,\u00a0Canadian maple (AA level), lacquere, high gloss and UV protection<\/p>\n<p><strong>Availability:<\/strong>\u00a0In stock delivery within 3 working days<\/p>\n<p><strong>Producer:<\/strong>\u00a0TRITON\/Buffalo<\/p>\n","protected":false},"excerpt":{"rendered":"<p>TRITON CAROM CUE NO.1 BLACK This simple but stylish cue features a reinforced maple shaft which gives extra strength and durability, with a black butt section and a black super grip. This cue features an interchangeable single wooden joint system, which produces a soft hit. This cue comes with an 11.5mm tip. Great Value for [&hellip;]<\/p>\n","protected":false},"featured_media":4835,"comment_status":"open","ping_status":"closed","template":"","meta":[],"product_brand":[],"product_cat":[334,254],"product_tag":[],"class_list":{"0":"post-3494","1":"product","2":"type-product","3":"status-publish","4":"has-post-thumbnail","6":"product_cat-carom-cues","7":"product_cat-cues","9":"first","10":"instock","11":"shipping-taxable","12":"purchasable","13":"product-type-simple"},"_links":{"self":[{"href":"https:\/\/www.billiard-pro.cz\/en\/wp-json\/wp\/v2\/product\/3494","targetHints":{"allow":["GET"]}}],"collection":[{"href":"https:\/\/www.billiard-pro.cz\/en\/wp-json\/wp\/v2\/product"}],"about":[{"href":"https:\/\/www.billiard-pro.cz\/en\/wp-json\/wp\/v2\/types\/product"}],"replies":[{"embeddable":true,"href":"https:\/\/www.billiard-pro.cz\/en\/wp-json\/wp\/v2\/comments?post=3494"}],"wp:featuredmedia":[{"embeddable":true,"href":"https:\/\/www.billiard-pro.cz\/en\/wp-json\/wp\/v2\/media\/4835"}],"wp:attachment":[{"href":"https:\/\/www.billiard-pro.cz\/en\/wp-json\/wp\/v2\/media?parent=3494"}],"wp:term":[{"taxonomy":"product_brand","embeddable":true,"href":"https:\/\/www.billiard-pro.cz\/en\/wp-json\/wp\/v2\/product_brand?post=3494"},{"taxonomy":"product_cat","embeddable":true,"href":"https:\/\/www.billiard-pro.cz\/en\/wp-json\/wp\/v2\/product_cat?post=3494"},{"taxonomy":"product_tag","embeddable":true,"href":"https:\/\/www.billiard-pro.cz\/en\/wp-json\/wp\/v2\/product_tag?post=3494"}],"curies":[{"name":"wp","href":"https:\/\/api.w.org\/{rel}","templated":true}]}}