{"id":3496,"date":"2014-06-02T20:59:06","date_gmt":"2014-06-02T20:59:06","guid":{"rendered":"http:\/\/localhost\/iwansimonis\/obchod\/nezerazene\/orca-s2-carom-cue-no-4\/"},"modified":"2017-02-25T12:48:46","modified_gmt":"2017-02-25T11:48:46","slug":"orca-s2-carom-cue-no-4","status":"publish","type":"product","link":"https:\/\/www.billiard-pro.cz\/en\/obchod\/billiard-accessories-3\/cues\/carom-cues\/orca-s2-carom-cue-no-4\/","title":{"rendered":"Orca S2 Carom Cue No: 4"},"content":{"rendered":"<p><strong>ORCA S2 CAROM CUE NO: 4<\/strong><\/p>\n<div>\n<ul>\n<li>Perfect for Beginners<\/li>\n<li>Great Value for Money<\/li>\n<li>Comes with 1 Shaft<\/li>\n<li>Single Wooden Joint System<\/li>\n<li>Adustable Weight Screw System<\/li>\n<li>Quality Controlled<\/li>\n<li>This sleek, elegant looking cue has black and white decals in simple geometric patterns, with an unwrapped the black grip which adds to its stylishness<\/li>\n<li>With 2 silver trim ring decals located at the joint collar and butt cap<\/li>\n<li>This cue features an interchangeable single wooden joint system, which produces a soft hit.<\/li>\n<li>This cue comes with an 11.5mm tip<\/li>\n<li>The weight 500 g<\/li>\n<li>Related product \u00a0:\u00a0<a title=\"Kuf\u0159\u00edk na t\u00e1go Hard Cue Case Black1B-1S \u2013 pevn\u00fd\" href=\"https:\/\/www.billiard-pro.cz\/obchod\/kulecnikove-potreby\/hard-cue-case-black1b-1s-pevny-kufrik-na-tago\/\">Hard Cue Case Black 1B-1S<\/a><\/li>\n<\/ul>\n<\/div>\n<p><strong>Available for consultation and direct purchase in our showroom:<\/strong><\/p>\n<p>BC \u0158ipsk\u00e1, \u0158ipsk\u00e1 24, Praha 3<\/p>\n<p><strong>Material:<\/strong>\u00a0 maple wood ,\u00a0Canadian maple (AA level), lacquere, high gloss and UV protection<\/p>\n<p><strong>Availability:<\/strong>\u00a0In stock delivery within 3 working days<\/p>\n<p><strong>Producer:<\/strong>\u00a0ORCA\/Buffalo<\/p>\n","protected":false},"excerpt":{"rendered":"<p>ORCA S2 CAROM CUE NO: 4 Perfect for Beginners Great Value for Money Comes with 1 Shaft Single Wooden Joint System Adustable Weight Screw System Quality Controlled This sleek, elegant looking cue has black and white decals in simple geometric patterns, with an unwrapped the black grip which adds to its stylishness With 2 silver [&hellip;]<\/p>\n","protected":false},"featured_media":4837,"comment_status":"open","ping_status":"closed","template":"","meta":[],"product_brand":[],"product_cat":[252,334,254],"product_tag":[],"class_list":{"0":"post-3496","1":"product","2":"type-product","3":"status-publish","4":"has-post-thumbnail","6":"product_cat-billiard-accessories-3","7":"product_cat-carom-cues","8":"product_cat-cues","10":"first","11":"outofstock","12":"shipping-taxable","13":"purchasable","14":"product-type-simple"},"_links":{"self":[{"href":"https:\/\/www.billiard-pro.cz\/en\/wp-json\/wp\/v2\/product\/3496","targetHints":{"allow":["GET"]}}],"collection":[{"href":"https:\/\/www.billiard-pro.cz\/en\/wp-json\/wp\/v2\/product"}],"about":[{"href":"https:\/\/www.billiard-pro.cz\/en\/wp-json\/wp\/v2\/types\/product"}],"replies":[{"embeddable":true,"href":"https:\/\/www.billiard-pro.cz\/en\/wp-json\/wp\/v2\/comments?post=3496"}],"wp:featuredmedia":[{"embeddable":true,"href":"https:\/\/www.billiard-pro.cz\/en\/wp-json\/wp\/v2\/media\/4837"}],"wp:attachment":[{"href":"https:\/\/www.billiard-pro.cz\/en\/wp-json\/wp\/v2\/media?parent=3496"}],"wp:term":[{"taxonomy":"product_brand","embeddable":true,"href":"https:\/\/www.billiard-pro.cz\/en\/wp-json\/wp\/v2\/product_brand?post=3496"},{"taxonomy":"product_cat","embeddable":true,"href":"https:\/\/www.billiard-pro.cz\/en\/wp-json\/wp\/v2\/product_cat?post=3496"},{"taxonomy":"product_tag","embeddable":true,"href":"https:\/\/www.billiard-pro.cz\/en\/wp-json\/wp\/v2\/product_tag?post=3496"}],"curies":[{"name":"wp","href":"https:\/\/api.w.org\/{rel}","templated":true}]}}