{"id":3500,"date":"2014-06-04T12:30:22","date_gmt":"2014-06-04T10:30:22","guid":{"rendered":"http:\/\/localhost\/iwansimonis\/obchod\/nezerazene\/kamui-black-cue-tip-soft-12-mm\/"},"modified":"2014-06-04T12:30:22","modified_gmt":"2014-06-04T12:30:22","slug":"kamui-black-cue-tip-soft-12-mm","status":"publish","type":"product","link":"https:\/\/www.billiard-pro.cz\/en\/obchod\/billiard-accessories-3\/cue-tip\/kamui-black-cue-tip-soft-12-mm\/","title":{"rendered":"Kamui Black Cue Tip Soft 12 mm"},"content":{"rendered":"<p><strong>Kamui Black \u00a0Cue Tip Soft &#8211; 12 mm<img decoding=\"async\" class=\"alignright\" alt=\"\" src=\"http:\/\/www.kulecnikar.cz\/data\/user-content\/Loga%20firem\/kamui%20logo.jpg\" \/><\/strong><\/p>\n<ul>\n<li>10-layer quality cue tip.<\/li>\n<li>High water proof &#8211; rezistance.<\/li>\n<li>This Kamui Black cue tip absorp more chalk then \u00a0others due to their special structure \u00a0and high micro-porosity.<\/li>\n<li>The Kamui cue tip &#8211; after several \u00a0strokes \u00a0can quickly return to its original shape and is again ready for the next shot.<\/li>\n<li>Kamui Black Cue Tip \u00a0can transfer more spin on the ball and increase overall control of the game.<\/li>\n<\/ul>\n<p><strong>Types of hardness:<\/strong>\u00a0\u00a0Kamui (SS) Super Soft (S) Soft, (M) Medium<\/p>\n<p><strong>Produced by:<\/strong>\u00a0\u00a0Kamui Tips, Japan<\/p>\n<p><strong>Material:<\/strong>\u00a0100% pigskin leather<\/p>\n<p><strong>Price for 1 piece.\u00a0Also available in <a title=\"Kamui Black vrstven\u00e1 nalepovac\u00ed k\u016f\u017ee na t\u00e1go Soft 13mm\" href=\"https:\/\/www.billiard-pro.cz\/obchod\/kulecnikove-potreby\/kamui-black-vrstvena-nalepovaci-kuze-na-tago-soft-13mm\/\">13 mm.<\/a><\/strong><\/p>\n<p><strong>Availability:<\/strong>\u00a0In stock delivery within 3 working days<\/p>\n","protected":false},"excerpt":{"rendered":"<p>Kamui Black \u00a0Cue Tip Soft &#8211; 12 mm 10-layer quality cue tip. High water proof &#8211; rezistance. This Kamui Black cue tip absorp more chalk then \u00a0others due to their special structure \u00a0and high micro-porosity. The Kamui cue tip &#8211; after several \u00a0strokes \u00a0can quickly return to its original shape and is again ready for [&hellip;]<\/p>\n","protected":false},"featured_media":2379,"comment_status":"closed","ping_status":"closed","template":"","meta":[],"product_brand":[],"product_cat":[252,312],"product_tag":[],"class_list":{"0":"post-3500","1":"product","2":"type-product","3":"status-publish","4":"has-post-thumbnail","6":"product_cat-billiard-accessories-3","7":"product_cat-cue-tip","9":"first","10":"instock","11":"shipping-taxable","12":"purchasable","13":"product-type-simple"},"_links":{"self":[{"href":"https:\/\/www.billiard-pro.cz\/en\/wp-json\/wp\/v2\/product\/3500","targetHints":{"allow":["GET"]}}],"collection":[{"href":"https:\/\/www.billiard-pro.cz\/en\/wp-json\/wp\/v2\/product"}],"about":[{"href":"https:\/\/www.billiard-pro.cz\/en\/wp-json\/wp\/v2\/types\/product"}],"replies":[{"embeddable":true,"href":"https:\/\/www.billiard-pro.cz\/en\/wp-json\/wp\/v2\/comments?post=3500"}],"wp:featuredmedia":[{"embeddable":true,"href":"https:\/\/www.billiard-pro.cz\/en\/wp-json\/wp\/v2\/media\/2379"}],"wp:attachment":[{"href":"https:\/\/www.billiard-pro.cz\/en\/wp-json\/wp\/v2\/media?parent=3500"}],"wp:term":[{"taxonomy":"product_brand","embeddable":true,"href":"https:\/\/www.billiard-pro.cz\/en\/wp-json\/wp\/v2\/product_brand?post=3500"},{"taxonomy":"product_cat","embeddable":true,"href":"https:\/\/www.billiard-pro.cz\/en\/wp-json\/wp\/v2\/product_cat?post=3500"},{"taxonomy":"product_tag","embeddable":true,"href":"https:\/\/www.billiard-pro.cz\/en\/wp-json\/wp\/v2\/product_tag?post=3500"}],"curies":[{"name":"wp","href":"https:\/\/api.w.org\/{rel}","templated":true}]}}