{"id":3502,"date":"2014-06-04T17:46:40","date_gmt":"2014-06-04T17:46:40","guid":{"rendered":"http:\/\/localhost\/iwansimonis\/obchod\/nezerazene\/billiard-cue-fibreglass-pool-cue-black-1-piece-cue-140cm12mm\/"},"modified":"2015-05-16T09:43:49","modified_gmt":"2015-05-16T09:43:49","slug":"billiard-cue-fibreglass-pool-cue-black-1-piece-cue-140cm12mm","status":"publish","type":"product","link":"https:\/\/www.billiard-pro.cz\/en\/obchod\/billiard-accessories-3\/cues\/cues-pool\/billiard-cue-fibreglass-pool-cue-black-1-piece-cue-140cm12mm\/","title":{"rendered":"Billiard Cue Fibreglass Pool Cue Black &#8211; 1 piece cue 140cm\/12mm"},"content":{"rendered":"<p><strong>FIBREGLASS POOL CUE BLACK \u00a0<img decoding=\"async\" class=\"alignright\" src=\"https:\/\/www.billiard-pro.cz\/wp-content\/uploads\/2014\/06\/houseq.png\" alt=\"houseq\" \/><\/strong><\/p>\n<ul>\n<li>Unbreakable 1-Piece Cue<\/li>\n<li>Made of Fibreglass<\/li>\n<li>Push-on-Tip<\/li>\n<li>Great Value for Money<\/li>\n<li><strong>This fiberglass cue is UNBREAKABLE!<\/strong><\/li>\n<li>It has an easily replaceable push-on-tip and a hard gum grip to give the feel of using a normal cue.<\/li>\n<li>Designed for use in places that have a high wear &amp; tear ratio, e.g. the army, etc.<\/li>\n<li>Push-On-Tip 12mm &#8211; suitable\u00a0<a title=\"K\u016f\u017ee na t\u00e1go nar\u00e1\u017eec\u00ed Innergames push-on-tip12 mm -1 ks\" href=\"https:\/\/www.billiard-pro.cz\/obchod\/kulecnikove-potreby\/kuze-na-tago-narazeci-innergames-push-on-tip12-mm-1-ks\/\">Innergames push-on-tip 12 mm<\/a><\/li>\n<li>Length 140 cm, weight 560 gram<\/li>\n<\/ul>\n<p><strong>Manufacturer:<\/strong>\u00a0House Q\/ Buffalo , The Netherlands<\/p>\n<p><strong>Availability<\/strong>: in stock delivery within 3 working days<\/p>\n<p><strong>\u00a0<\/strong><\/p>\n","protected":false},"excerpt":{"rendered":"<p>FIBREGLASS POOL CUE BLACK \u00a0 Unbreakable 1-Piece Cue Made of Fibreglass Push-on-Tip Great Value for Money This fiberglass cue is UNBREAKABLE! It has an easily replaceable push-on-tip and a hard gum grip to give the feel of using a normal cue. Designed for use in places that have a high wear &amp; tear ratio, e.g. [&hellip;]<\/p>\n","protected":false},"featured_media":4847,"comment_status":"open","ping_status":"closed","template":"","meta":[],"product_brand":[],"product_cat":[254,332],"product_tag":[561,573],"class_list":{"0":"post-3502","1":"product","2":"type-product","3":"status-publish","4":"has-post-thumbnail","6":"product_cat-cues","7":"product_cat-cues-pool","8":"product_tag-fibreglass-en","9":"product_tag-pool-en","11":"first","12":"outofstock","13":"shipping-taxable","14":"purchasable","15":"product-type-simple"},"_links":{"self":[{"href":"https:\/\/www.billiard-pro.cz\/en\/wp-json\/wp\/v2\/product\/3502","targetHints":{"allow":["GET"]}}],"collection":[{"href":"https:\/\/www.billiard-pro.cz\/en\/wp-json\/wp\/v2\/product"}],"about":[{"href":"https:\/\/www.billiard-pro.cz\/en\/wp-json\/wp\/v2\/types\/product"}],"replies":[{"embeddable":true,"href":"https:\/\/www.billiard-pro.cz\/en\/wp-json\/wp\/v2\/comments?post=3502"}],"wp:featuredmedia":[{"embeddable":true,"href":"https:\/\/www.billiard-pro.cz\/en\/wp-json\/wp\/v2\/media\/4847"}],"wp:attachment":[{"href":"https:\/\/www.billiard-pro.cz\/en\/wp-json\/wp\/v2\/media?parent=3502"}],"wp:term":[{"taxonomy":"product_brand","embeddable":true,"href":"https:\/\/www.billiard-pro.cz\/en\/wp-json\/wp\/v2\/product_brand?post=3502"},{"taxonomy":"product_cat","embeddable":true,"href":"https:\/\/www.billiard-pro.cz\/en\/wp-json\/wp\/v2\/product_cat?post=3502"},{"taxonomy":"product_tag","embeddable":true,"href":"https:\/\/www.billiard-pro.cz\/en\/wp-json\/wp\/v2\/product_tag?post=3502"}],"curies":[{"name":"wp","href":"https:\/\/api.w.org\/{rel}","templated":true}]}}