{"id":3506,"date":"2014-06-17T10:42:06","date_gmt":"2014-06-17T08:42:06","guid":{"rendered":"http:\/\/localhost\/iwansimonis\/obchod\/nezerazene\/mouthpiece-for-vacuumcleaner-gentle-21-cm-length\/"},"modified":"2019-06-04T12:30:00","modified_gmt":"2019-06-04T10:30:00","slug":"mouthpiece-for-vacuumcleaner-gentle","status":"publish","type":"product","link":"https:\/\/www.billiard-pro.cz\/en\/obchod\/billiard-cloths-simonis\/cistice-a-kartace-en\/mouthpiece-for-vacuumcleaner-gentle\/","title":{"rendered":"Mouthpiece for vacuumcleaner &#8211; gentle &#8211; 18 cm length"},"content":{"rendered":"<p><strong>MOUTHPIECE \u00a0FOR VACUUMCLEANER\u00a0 18cm<\/strong> <img loading=\"lazy\" decoding=\"async\" class=\"alignright size-full wp-image-4871\" src=\"https:\/\/www.billiard-pro.cz\/wp-content\/uploads\/2014\/06\/buffalo.png\" alt=\"buffalo\" width=\"66\" height=\"17\" data-id=\"2412\" \/><\/p>\n<ul>\n<li>Special attachment for cleaning the billiard cloth<\/li>\n<li>Extension doesn\u00b4t allow the control of suction pressure<\/li>\n<li>Applicable to your commonly used\u00a0vacuum cleaner<\/li>\n<li>Equipped with velvet strips for safe cleaning<\/li>\n<li>Regular use extends the longevity of the cloth<\/li>\n<li>Weight : 166 grams<\/li>\n<li>Length : 18 cm<\/li>\n<\/ul>\n<p>To clean the SIMONIS cloth properly we recommend first use this \u00a0mouthpiece applicable to your vacuumcleaner and then to complete cleaning of your cloth using <a title=\"Simonis X1 \u2013 \u010disti\u010d kule\u010dn\u00edkov\u00e9ho sukna\" href=\"https:\/\/www.billiard-pro.cz\/iwan-simonis\/x-1-cleaner-x-1-cistic\/\">SIMONIS X1 <\/a>&#8211; also in our offer.<\/p>\n<p><strong>Available for consultation and direct purchase in our showroom:<\/strong><\/p>\n<p>BC \u0158ipsk\u00e1, \u0158ipsk\u00e1 24, Prague 3, Czech republic<\/p>\n<p><strong>Material:<\/strong>\u00a0 hardened plastic, velvet strips<\/p>\n<p><strong>Availability:<\/strong>\u00a0In stock<\/p>\n<p><strong>Producer:<\/strong> Buffalo, Netherlands<\/p>\n","protected":false},"excerpt":{"rendered":"<p>MOUTHPIECE \u00a0FOR VACUUMCLEANER\u00a0 18cm Special attachment for cleaning the billiard cloth Extension doesn\u00b4t allow the control of suction pressure Applicable to your commonly used\u00a0vacuum cleaner Equipped with velvet strips for safe cleaning Regular use extends the longevity of the cloth Weight : 166 grams Length : 18 cm To clean the SIMONIS cloth properly we [&hellip;]<\/p>\n","protected":false},"featured_media":13999,"comment_status":"closed","ping_status":"closed","template":"","meta":[],"product_brand":[],"product_cat":[381],"product_tag":[],"class_list":{"0":"post-3506","1":"product","2":"type-product","3":"status-publish","4":"has-post-thumbnail","6":"product_cat-cistice-a-kartace-en","8":"first","9":"instock","10":"shipping-taxable","11":"purchasable","12":"product-type-simple"},"_links":{"self":[{"href":"https:\/\/www.billiard-pro.cz\/en\/wp-json\/wp\/v2\/product\/3506","targetHints":{"allow":["GET"]}}],"collection":[{"href":"https:\/\/www.billiard-pro.cz\/en\/wp-json\/wp\/v2\/product"}],"about":[{"href":"https:\/\/www.billiard-pro.cz\/en\/wp-json\/wp\/v2\/types\/product"}],"replies":[{"embeddable":true,"href":"https:\/\/www.billiard-pro.cz\/en\/wp-json\/wp\/v2\/comments?post=3506"}],"wp:featuredmedia":[{"embeddable":true,"href":"https:\/\/www.billiard-pro.cz\/en\/wp-json\/wp\/v2\/media\/13999"}],"wp:attachment":[{"href":"https:\/\/www.billiard-pro.cz\/en\/wp-json\/wp\/v2\/media?parent=3506"}],"wp:term":[{"taxonomy":"product_brand","embeddable":true,"href":"https:\/\/www.billiard-pro.cz\/en\/wp-json\/wp\/v2\/product_brand?post=3506"},{"taxonomy":"product_cat","embeddable":true,"href":"https:\/\/www.billiard-pro.cz\/en\/wp-json\/wp\/v2\/product_cat?post=3506"},{"taxonomy":"product_tag","embeddable":true,"href":"https:\/\/www.billiard-pro.cz\/en\/wp-json\/wp\/v2\/product_tag?post=3506"}],"curies":[{"name":"wp","href":"https:\/\/api.w.org\/{rel}","templated":true}]}}