{"id":3510,"date":"2014-06-20T13:09:45","date_gmt":"2014-06-20T11:09:45","guid":{"rendered":"http:\/\/localhost\/iwansimonis\/obchod\/nezerazene\/orca-s2-carom-cue-no-1\/"},"modified":"2019-11-08T20:35:36","modified_gmt":"2019-11-08T19:35:36","slug":"orca-s2-carom-cue-no-1","status":"publish","type":"product","link":"https:\/\/www.billiard-pro.cz\/en\/obchod\/billiard-accessories-3\/cues\/carom-cues\/orca-s2-carom-cue-no-1\/","title":{"rendered":"Orca S2 Carom Cue No: 1"},"content":{"rendered":"<p><strong>ORCA S2 CAROM CUE NO: 1<\/strong><\/p>\n<div>\n<ul>\n<li>Perfect for Beginners<\/li>\n<li>Great Value for Money<\/li>\n<li>Comes with 1 Shaft<\/li>\n<li>Single Wooden Joint System<\/li>\n<li>Adustable Weight Screw System<\/li>\n<li>Quality Controlled<\/li>\n<li><span style=\"line-height: 1.5em;\">This sleek, elegant looking cue has red and white decals in simple geometric patterns, with an unwrapped the black grip which adds to its stylishness. <\/span><\/li>\n<li><span style=\"line-height: 1.5em;\">With 2 silver trim ring decals located at the joint collar and butt cap.<\/span><\/li>\n<li>This cue features an interchangeable single wooden joint system, which produces a soft hit.<\/li>\n<li>This cue comes with an 11.5mm tip<\/li>\n<\/ul>\n<\/div>\n<p><strong>Available for consultation and direct purchase in our showroom:<\/strong><\/p>\n<p>BC \u0158ipsk\u00e1, \u0158ipsk\u00e1 24, Praha 3<\/p>\n<p><strong>Material:<\/strong>\u00a0 maple wood ,\u00a0Canadian maple (AA level), lacquere, high gloss and UV protection<\/p>\n<p><strong>Availability:<\/strong> sold out<\/p>\n<p><strong>Producer:<\/strong>\u00a0ORCA\/Buffalo<\/p>\n","protected":false},"excerpt":{"rendered":"<p>ORCA S2 CAROM CUE NO: 1 Perfect for Beginners Great Value for Money Comes with 1 Shaft Single Wooden Joint System Adustable Weight Screw System Quality Controlled This sleek, elegant looking cue has red and white decals in simple geometric patterns, with an unwrapped the black grip which adds to its stylishness. With 2 silver [&hellip;]<\/p>\n","protected":false},"featured_media":4883,"comment_status":"open","ping_status":"closed","template":"","meta":[],"product_brand":[],"product_cat":[252,334,254],"product_tag":[],"class_list":{"0":"post-3510","1":"product","2":"type-product","3":"status-publish","4":"has-post-thumbnail","6":"product_cat-billiard-accessories-3","7":"product_cat-carom-cues","8":"product_cat-cues","10":"first","11":"instock","12":"shipping-taxable","13":"purchasable","14":"product-type-simple"},"_links":{"self":[{"href":"https:\/\/www.billiard-pro.cz\/en\/wp-json\/wp\/v2\/product\/3510","targetHints":{"allow":["GET"]}}],"collection":[{"href":"https:\/\/www.billiard-pro.cz\/en\/wp-json\/wp\/v2\/product"}],"about":[{"href":"https:\/\/www.billiard-pro.cz\/en\/wp-json\/wp\/v2\/types\/product"}],"replies":[{"embeddable":true,"href":"https:\/\/www.billiard-pro.cz\/en\/wp-json\/wp\/v2\/comments?post=3510"}],"wp:featuredmedia":[{"embeddable":true,"href":"https:\/\/www.billiard-pro.cz\/en\/wp-json\/wp\/v2\/media\/4883"}],"wp:attachment":[{"href":"https:\/\/www.billiard-pro.cz\/en\/wp-json\/wp\/v2\/media?parent=3510"}],"wp:term":[{"taxonomy":"product_brand","embeddable":true,"href":"https:\/\/www.billiard-pro.cz\/en\/wp-json\/wp\/v2\/product_brand?post=3510"},{"taxonomy":"product_cat","embeddable":true,"href":"https:\/\/www.billiard-pro.cz\/en\/wp-json\/wp\/v2\/product_cat?post=3510"},{"taxonomy":"product_tag","embeddable":true,"href":"https:\/\/www.billiard-pro.cz\/en\/wp-json\/wp\/v2\/product_tag?post=3510"}],"curies":[{"name":"wp","href":"https:\/\/api.w.org\/{rel}","templated":true}]}}