{"id":3534,"date":"2014-07-01T19:07:33","date_gmt":"2014-07-01T17:07:33","guid":{"rendered":"http:\/\/localhost\/iwansimonis\/obchod\/nezerazene\/innergames-push-on-tip-12mm-1-pcs\/"},"modified":"2014-07-01T19:07:33","modified_gmt":"2014-07-01T19:07:33","slug":"innergames-push-on-tip-12mm-1-pcs","status":"publish","type":"product","link":"https:\/\/www.billiard-pro.cz\/en\/obchod\/billiard-accessories-3\/cue-tip\/innergames-push-on-tip-12mm-1-pcs\/","title":{"rendered":"INNERGAMES PUSH-ON-TIP 12MM- 1 pcs"},"content":{"rendered":"<p><strong>INNERGAMES PUSH-ON-TIP 12MM<img loading=\"lazy\" decoding=\"async\" class=\"alignright size-full wp-image-4949\" alt=\"innergames\" src=\"https:\/\/www.billiard-pro.cz\/wp-content\/uploads\/2014\/07\/innergames.png\" width=\"66\" height=\"15\" data-id=\"2483\" \/><\/strong><\/p>\n<ul>\n<li>Plastic Material<\/li>\n<li>Easy to Replace<\/li>\n<li>Great Value for Money<\/li>\n<li>These economical plastic tips are strong and great value for money<\/li>\n<li>Suitable for cue <a title=\"Kule\u010dn\u00edkov\u00e9 t\u00e1go Fibreglass \u2013 jednod\u00edln\u00e9 t\u00e1go 140cm\/12mm\" href=\"https:\/\/www.billiard-pro.cz\/obchod\/kulecnikove-potreby\/taga\/kulecnikove-tago-fibreglass-jednodilne-tago-140cm12mm\/\">Fibreglass Pool Cue Black 140\/12 mm<\/a><\/li>\n<li><strong>Available also in<a title=\"K\u016f\u017ee na t\u00e1go nar\u00e1\u017eec\u00ed Innergames push-on-tip12 mm -25 ks\" href=\"https:\/\/www.billiard-pro.cz\/obchod\/kulecnikove-potreby\/kuze-na-tago-narazeci-innergames-push-on-tip12-mm-25-ks\/\"> 25 pcs pac<\/a>k &#8211; price 200,- CZK<\/strong><\/li>\n<\/ul>\n<p><strong>Available for consultation and direct purchase in our showroom:<\/strong><\/p>\n<p>BC \u0158ipsk\u00e1, \u0158ipsk\u00e1 24, Praha 3<\/p>\n<p><strong>Material:<\/strong>\u00a0 plastic + cue leather<\/p>\n<p><strong>Availability:<\/strong>\u00a0In stock delivery within 3 working days<strong><\/strong><\/p>\n<p><strong>Producer:<\/strong>\u00a0Innergames\/Buffalo, Netherlands<\/p>\n","protected":false},"excerpt":{"rendered":"<p>INNERGAMES PUSH-ON-TIP 12MM Plastic Material Easy to Replace Great Value for Money These economical plastic tips are strong and great value for money Suitable for cue Fibreglass Pool Cue Black 140\/12 mm Available also in 25 pcs pack &#8211; price 200,- CZK Available for consultation and direct purchase in our showroom: BC \u0158ipsk\u00e1, \u0158ipsk\u00e1 24, [&hellip;]<\/p>\n","protected":false},"featured_media":4951,"comment_status":"closed","ping_status":"closed","template":"","meta":[],"product_brand":[],"product_cat":[252,312],"product_tag":[],"class_list":{"0":"post-3534","1":"product","2":"type-product","3":"status-publish","4":"has-post-thumbnail","6":"product_cat-billiard-accessories-3","7":"product_cat-cue-tip","9":"first","10":"instock","11":"shipping-taxable","12":"purchasable","13":"product-type-simple"},"_links":{"self":[{"href":"https:\/\/www.billiard-pro.cz\/en\/wp-json\/wp\/v2\/product\/3534","targetHints":{"allow":["GET"]}}],"collection":[{"href":"https:\/\/www.billiard-pro.cz\/en\/wp-json\/wp\/v2\/product"}],"about":[{"href":"https:\/\/www.billiard-pro.cz\/en\/wp-json\/wp\/v2\/types\/product"}],"replies":[{"embeddable":true,"href":"https:\/\/www.billiard-pro.cz\/en\/wp-json\/wp\/v2\/comments?post=3534"}],"wp:featuredmedia":[{"embeddable":true,"href":"https:\/\/www.billiard-pro.cz\/en\/wp-json\/wp\/v2\/media\/4951"}],"wp:attachment":[{"href":"https:\/\/www.billiard-pro.cz\/en\/wp-json\/wp\/v2\/media?parent=3534"}],"wp:term":[{"taxonomy":"product_brand","embeddable":true,"href":"https:\/\/www.billiard-pro.cz\/en\/wp-json\/wp\/v2\/product_brand?post=3534"},{"taxonomy":"product_cat","embeddable":true,"href":"https:\/\/www.billiard-pro.cz\/en\/wp-json\/wp\/v2\/product_cat?post=3534"},{"taxonomy":"product_tag","embeddable":true,"href":"https:\/\/www.billiard-pro.cz\/en\/wp-json\/wp\/v2\/product_tag?post=3534"}],"curies":[{"name":"wp","href":"https:\/\/api.w.org\/{rel}","templated":true}]}}