{"id":3536,"date":"2014-07-01T19:13:47","date_gmt":"2014-07-01T17:13:47","guid":{"rendered":"http:\/\/localhost\/iwansimonis\/obchod\/nezerazene\/innergames-push-on-tip-12mm-25-pcs\/"},"modified":"2015-09-25T10:38:58","modified_gmt":"2015-09-25T08:38:58","slug":"innergames-push-on-tip-12mm-25-pcs","status":"publish","type":"product","link":"https:\/\/www.billiard-pro.cz\/en\/obchod\/billiard-accessories-3\/cue-tip\/innergames-push-on-tip-12mm-25-pcs\/","title":{"rendered":"INNERGAMES PUSH-ON-TIP 12MM- 25 pcs"},"content":{"rendered":"<p><strong>INNERGAMES PUSH-ON-TIP 12MM<img loading=\"lazy\" decoding=\"async\" class=\"alignright\" src=\"https:\/\/www.billiard-pro.cz\/wp-content\/uploads\/2014\/07\/innergames.png\" alt=\"innergames\" width=\"66\" height=\"15\" data-id=\"2483\" \/><\/strong><\/p>\n<ul>\n<li>Plastic Material<\/li>\n<li>Easy to Replace<\/li>\n<li>Great Value for Money<\/li>\n<li>These economical plastic tips are strong and great value for money<\/li>\n<li>Suitable for cue\u00a0<a title=\"Kule\u010dn\u00edkov\u00e9 t\u00e1go Fibreglass \u2013 jednod\u00edln\u00e9 t\u00e1go 140cm\/12mm\" href=\"https:\/\/www.billiard-pro.cz\/obchod\/kulecnikove-potreby\/taga\/kulecnikove-tago-fibreglass-jednodilne-tago-140cm12mm\/\">Fibreglass Pool Cue Black 140\/12 mm<\/a><\/li>\n<li><strong>Available also in <a title=\"K\u016f\u017ee na t\u00e1go nar\u00e1\u017eec\u00ed Innergames push-on-tip12 mm -1 ks\" href=\"https:\/\/www.billiard-pro.cz\/obchod\/kulecnikove-potreby\/kuze-na-tago-narazeci-innergames-push-on-tip12-mm-1-ks\/\">1 pcs pack<\/a> &#8211; price 10,- CZK<\/strong><\/li>\n<\/ul>\n<p><strong>Available for consultation and direct purchase in our showroom:<\/strong><\/p>\n<p>BC \u0158ipsk\u00e1, \u0158ipsk\u00e1 24, Praha 3<\/p>\n<p><strong>Material:<\/strong>\u00a0 plastic + cue leather<\/p>\n<p><strong>Availability:<\/strong>\u00a0In stock delivery within 3 working days<\/p>\n<p><strong>Producer:<\/strong>\u00a0Innergames\/Buffalo, Netherlands<\/p>\n","protected":false},"excerpt":{"rendered":"<p>INNERGAMES PUSH-ON-TIP 12MM Plastic Material Easy to Replace Great Value for Money These economical plastic tips are strong and great value for money Suitable for cue\u00a0Fibreglass Pool Cue Black 140\/12 mm Available also in 1 pcs pack &#8211; price 10,- CZK Available for consultation and direct purchase in our showroom: BC \u0158ipsk\u00e1, \u0158ipsk\u00e1 24, Praha [&hellip;]<\/p>\n","protected":false},"featured_media":4951,"comment_status":"open","ping_status":"closed","template":"","meta":[],"product_brand":[],"product_cat":[252,312],"product_tag":[],"class_list":{"0":"post-3536","1":"product","2":"type-product","3":"status-publish","4":"has-post-thumbnail","6":"product_cat-billiard-accessories-3","7":"product_cat-cue-tip","9":"first","10":"instock","11":"shipping-taxable","12":"purchasable","13":"product-type-simple"},"_links":{"self":[{"href":"https:\/\/www.billiard-pro.cz\/en\/wp-json\/wp\/v2\/product\/3536","targetHints":{"allow":["GET"]}}],"collection":[{"href":"https:\/\/www.billiard-pro.cz\/en\/wp-json\/wp\/v2\/product"}],"about":[{"href":"https:\/\/www.billiard-pro.cz\/en\/wp-json\/wp\/v2\/types\/product"}],"replies":[{"embeddable":true,"href":"https:\/\/www.billiard-pro.cz\/en\/wp-json\/wp\/v2\/comments?post=3536"}],"wp:featuredmedia":[{"embeddable":true,"href":"https:\/\/www.billiard-pro.cz\/en\/wp-json\/wp\/v2\/media\/4951"}],"wp:attachment":[{"href":"https:\/\/www.billiard-pro.cz\/en\/wp-json\/wp\/v2\/media?parent=3536"}],"wp:term":[{"taxonomy":"product_brand","embeddable":true,"href":"https:\/\/www.billiard-pro.cz\/en\/wp-json\/wp\/v2\/product_brand?post=3536"},{"taxonomy":"product_cat","embeddable":true,"href":"https:\/\/www.billiard-pro.cz\/en\/wp-json\/wp\/v2\/product_cat?post=3536"},{"taxonomy":"product_tag","embeddable":true,"href":"https:\/\/www.billiard-pro.cz\/en\/wp-json\/wp\/v2\/product_tag?post=3536"}],"curies":[{"name":"wp","href":"https:\/\/api.w.org\/{rel}","templated":true}]}}