{"id":3540,"date":"2014-07-02T13:10:13","date_gmt":"2014-07-02T13:10:13","guid":{"rendered":"http:\/\/localhost\/iwansimonis\/obchod\/nezerazene\/click-go-push-on-tip-13-mm-1-pcs\/"},"modified":"2016-11-30T13:27:43","modified_gmt":"2016-11-30T12:27:43","slug":"click-go-push-on-tip-13-mm-1-pcs","status":"publish","type":"product","link":"https:\/\/www.billiard-pro.cz\/en\/obchod\/billiard-accessories-3\/cue-tip\/click-go-push-on-tip-13-mm-1-pcs\/","title":{"rendered":"Click &#038; Go Push-On-Tip 13 mm &#8211; 1 pcs"},"content":{"rendered":"<p><strong>Click &amp; Go Push-On-Tip 13 mm &#8211; 1 ks<img loading=\"lazy\" decoding=\"async\" class=\"alignright size-full wp-image-2412\" src=\"https:\/\/www.billiard-pro.cz\/wp-content\/uploads\/2014\/06\/buffalo.png\" alt=\"buffalo\" width=\"66\" height=\"17\" data-id=\"2412\" srcset=\"https:\/\/www.billiard-pro.cz\/wp-content\/uploads\/2014\/06\/buffalo.png 66w, https:\/\/www.billiard-pro.cz\/wp-content\/uploads\/2014\/06\/buffalo-31x7.png 31w, https:\/\/www.billiard-pro.cz\/wp-content\/uploads\/2014\/06\/buffalo-38x9.png 38w\" sizes=\"auto, (max-width: 66px) 100vw, 66px\" \/><br \/>\n<\/strong><\/p>\n<ul>\n<li>CLICK &amp; GO PUSH-ON-TIP<\/li>\n<li>Latest Innovation<\/li>\n<li>Very Easy to Replace<\/li>\n<li>Saves Time and Money<\/li>\n<li>Strong Vacuum Seal<\/li>\n<li>The Click &amp; Go tip system is our latest innovation!<\/li>\n<li>The Click &amp; Go tip is easier to replace than any glue or screw tip, saving pool clubs time and hassle.<\/li>\n<li>Just click on a new tip and you are ready to go.<\/li>\n<li>The specially designed ferrule combined with the tip, creates a strong vacuum to hold the tip in place.<\/li>\n<li>Changing the tip is very simple, just use brute force or a set of pliers to break the vacuum and then click on another!<\/li>\n<li>Plastic Material<\/li>\n<li>Easy to Replace<\/li>\n<li>Great Value for Money<\/li>\n<li>These economical plastic tips are strong and great value for money<\/li>\n<li>Suitable for cue <strong><a title=\"Kule\u010dn\u00edkov\u00e9 t\u00e1go House Q1 Click &amp; Go- jednod\u00edln\u00e9 t\u00e1go 145cm\/13mm\" href=\"https:\/\/www.billiard-pro.cz\/obchod\/kulecnikove-potreby\/kulecnikove-tago-house-q1-click-go-jednodilne-tago-145cm13mm\/\">House Q-1 Piece Click\u00a0&amp; Go\u00a0No: 1\u00a0<\/a><\/strong><a title=\"Kule\u010dn\u00edkov\u00e9 t\u00e1go House Q1 Click &amp; Go- jednod\u00edln\u00e9 t\u00e1go 145cm\/13mm\" href=\"https:\/\/www.billiard-pro.cz\/obchod\/kulecnikove-potreby\/kulecnikove-tago-house-q1-click-go-jednodilne-tago-145cm13mm\/\"><br \/>\n<\/a><\/li>\n<\/ul>\n<p>&nbsp;<\/p>\n<p><strong>Material:<\/strong>\u00a0 plastic + leather<\/p>\n<p><strong>Availability:<\/strong>\u00a0In stock delivery within 3 working days<\/p>\n<p><strong>Producer:<\/strong>\u00a0Buffalo, Netherlands<\/p>\n","protected":false},"excerpt":{"rendered":"<p>Click &amp; Go Push-On-Tip 13 mm &#8211; 1 ks CLICK &amp; GO PUSH-ON-TIP Latest Innovation Very Easy to Replace Saves Time and Money Strong Vacuum Seal The Click &amp; Go tip system is our latest innovation! The Click &amp; Go tip is easier to replace than any glue or screw tip, saving pool clubs time [&hellip;]<\/p>\n","protected":false},"featured_media":9857,"comment_status":"closed","ping_status":"closed","template":"","meta":[],"product_brand":[],"product_cat":[252,312],"product_tag":[],"class_list":{"0":"post-3540","1":"product","2":"type-product","3":"status-publish","4":"has-post-thumbnail","6":"product_cat-billiard-accessories-3","7":"product_cat-cue-tip","9":"first","10":"instock","11":"shipping-taxable","12":"purchasable","13":"product-type-simple"},"_links":{"self":[{"href":"https:\/\/www.billiard-pro.cz\/en\/wp-json\/wp\/v2\/product\/3540","targetHints":{"allow":["GET"]}}],"collection":[{"href":"https:\/\/www.billiard-pro.cz\/en\/wp-json\/wp\/v2\/product"}],"about":[{"href":"https:\/\/www.billiard-pro.cz\/en\/wp-json\/wp\/v2\/types\/product"}],"replies":[{"embeddable":true,"href":"https:\/\/www.billiard-pro.cz\/en\/wp-json\/wp\/v2\/comments?post=3540"}],"wp:featuredmedia":[{"embeddable":true,"href":"https:\/\/www.billiard-pro.cz\/en\/wp-json\/wp\/v2\/media\/9857"}],"wp:attachment":[{"href":"https:\/\/www.billiard-pro.cz\/en\/wp-json\/wp\/v2\/media?parent=3540"}],"wp:term":[{"taxonomy":"product_brand","embeddable":true,"href":"https:\/\/www.billiard-pro.cz\/en\/wp-json\/wp\/v2\/product_brand?post=3540"},{"taxonomy":"product_cat","embeddable":true,"href":"https:\/\/www.billiard-pro.cz\/en\/wp-json\/wp\/v2\/product_cat?post=3540"},{"taxonomy":"product_tag","embeddable":true,"href":"https:\/\/www.billiard-pro.cz\/en\/wp-json\/wp\/v2\/product_tag?post=3540"}],"curies":[{"name":"wp","href":"https:\/\/api.w.org\/{rel}","templated":true}]}}