{"id":3558,"date":"2014-08-22T11:14:24","date_gmt":"2014-08-22T09:14:24","guid":{"rendered":"http:\/\/localhost\/iwansimonis\/obchod\/nezerazene\/billiard-table-dynamic-iii-9-ft-glossy-white-pool\/"},"modified":"2016-03-09T12:10:14","modified_gmt":"2016-03-09T11:10:14","slug":"billiard-table-dynamic-iii-9-ft-glossy-white-pool","status":"publish","type":"product","link":"https:\/\/www.billiard-pro.cz\/en\/obchod\/billiard-tables\/pool-billiard-tables\/billiard-table-dynamic-iii-9-ft-glossy-white-pool\/","title":{"rendered":"Billiard Table Dynamic III. 9 ft, glossy white, Pool"},"content":{"rendered":"<p><strong>Billiard Table Dynamic III, 9 ft , shinning black , pool\u00a0<img decoding=\"async\" class=\"alignright\" src=\"https:\/\/www.billiard-pro.cz\/wp-content\/uploads\/2014\/07\/dynamic_billiard-obchodni-zastoupeni-CR-150x59.png\" alt=\"dynamic_billiard obchodni zastoupeni CR\" \/><\/strong><\/p>\n<ul>\n<li>pool \u00a0billiard cloth\u00a0<strong><a title=\"Kule\u010dn\u00edkov\u00e9 sukno SIMONIS POOL 760 s dopravou ZDARMA\" href=\"https:\/\/www.billiard-pro.cz\/obchod\/platna-iwan-simonis\/pool-760\/\">Simonis 760\u00a0<\/a>&#8211; \u00a0<a title=\"Barvy suken 2\" href=\"https:\/\/www.billiard-pro.cz\/barvy-suken-2\/\">Colours<\/a><\/strong><\/li>\n<li>design based of the EPBF tournament norm<\/li>\n<\/ul>\n<ul>\n<li>approved table for all World Championships, Euro-Tours and European Championships, with EPBF permission<\/li>\n<li>built to exact specifications for maximum playability<\/li>\n<li>massive metal corners with embedded logos<\/li>\n<li>splitted foot-plates for easy readjusting<\/li>\n<li>with 18 setscrews in the frame you can exactly adapt the playfield<\/li>\n<li>solid frame made of hardwood beams till a strenght of 7 cm<\/li>\n<li>embedded pockets in the metal corners<\/li>\n<li>elegant sport design<\/li>\n<li>original &#8220;Northern Rubber&#8221; cushions, made in England, match the technic specifications of the EPBF and LBSA<\/li>\n<li>for commercial or residential use<\/li>\n<li>Original Rasson slate, Rasson is the official slate sponsor of the EPBF (European Pool Billiard Federation)<img loading=\"lazy\" decoding=\"async\" class=\"alignright\" src=\"https:\/\/www.billiard-pro.cz\/wp-content\/uploads\/2014\/07\/it1324rasson_detail-logo-150x107.jpg\" alt=\"it1324rasson_detail logo\" width=\"150\" height=\"107\" data-id=\"2552\" \/><\/li>\n<li>3-Pcs slate: 30mm<\/li>\n<li>playfield: 254&#215;127 cm<\/li>\n<li>table size:\u00a0289x162x83 cm<\/li>\n<li>required space for perfect play: 564&#215;437 cm<\/li>\n<li>packed in 10 boxes + 3-Pcs slate<\/li>\n<li>weight 534kg (table 214kg, slate 320kg)<\/li>\n<\/ul>\n<p><strong style=\"line-height: 1.5em;\">Availability:<\/strong><span style=\"line-height: 1.5em;\">\u00a0externally delivery within 15 working days<\/span><\/p>\n<p><strong>Producer:<\/strong>\u00a0Dynamic-Billard, DE<\/p>\n<p>&nbsp;<\/p>\n","protected":false},"excerpt":{"rendered":"<p>Billiard Table Dynamic III, 9 ft , shinning black , pool\u00a0 pool \u00a0billiard cloth\u00a0Simonis 760\u00a0&#8211; \u00a0Colours design based of the EPBF tournament norm approved table for all World Championships, Euro-Tours and European Championships, with EPBF permission built to exact specifications for maximum playability massive metal corners with embedded logos splitted foot-plates for easy readjusting with [&hellip;]<\/p>\n","protected":false},"featured_media":5041,"comment_status":"closed","ping_status":"closed","template":"","meta":[],"product_brand":[],"product_cat":[340,342],"product_tag":[],"class_list":{"0":"post-3558","1":"product","2":"type-product","3":"status-publish","4":"has-post-thumbnail","6":"product_cat-billiard-tables","7":"product_cat-pool-billiard-tables","9":"first","10":"instock","11":"shipping-taxable","12":"purchasable","13":"product-type-simple"},"_links":{"self":[{"href":"https:\/\/www.billiard-pro.cz\/en\/wp-json\/wp\/v2\/product\/3558","targetHints":{"allow":["GET"]}}],"collection":[{"href":"https:\/\/www.billiard-pro.cz\/en\/wp-json\/wp\/v2\/product"}],"about":[{"href":"https:\/\/www.billiard-pro.cz\/en\/wp-json\/wp\/v2\/types\/product"}],"replies":[{"embeddable":true,"href":"https:\/\/www.billiard-pro.cz\/en\/wp-json\/wp\/v2\/comments?post=3558"}],"wp:featuredmedia":[{"embeddable":true,"href":"https:\/\/www.billiard-pro.cz\/en\/wp-json\/wp\/v2\/media\/5041"}],"wp:attachment":[{"href":"https:\/\/www.billiard-pro.cz\/en\/wp-json\/wp\/v2\/media?parent=3558"}],"wp:term":[{"taxonomy":"product_brand","embeddable":true,"href":"https:\/\/www.billiard-pro.cz\/en\/wp-json\/wp\/v2\/product_brand?post=3558"},{"taxonomy":"product_cat","embeddable":true,"href":"https:\/\/www.billiard-pro.cz\/en\/wp-json\/wp\/v2\/product_cat?post=3558"},{"taxonomy":"product_tag","embeddable":true,"href":"https:\/\/www.billiard-pro.cz\/en\/wp-json\/wp\/v2\/product_tag?post=3558"}],"curies":[{"name":"wp","href":"https:\/\/api.w.org\/{rel}","templated":true}]}}