{"id":3572,"date":"2014-10-12T14:05:10","date_gmt":"2014-10-12T12:05:10","guid":{"rendered":"http:\/\/localhost\/iwansimonis\/obchod\/nezerazene\/rubber-cushion-facing-set-12-pcs\/"},"modified":"2014-10-12T14:05:10","modified_gmt":"2014-10-12T14:05:10","slug":"rubber-cushion-facing-set-12-pcs","status":"publish","type":"product","link":"https:\/\/www.billiard-pro.cz\/en\/obchod\/billiard-tables\/billiard-rubber-cushions\/rubber-cushion-facing-set-12-pcs\/","title":{"rendered":"Rubber cushion facing set &#8211; 12 pcs"},"content":{"rendered":"<p><strong>RUBBER CUSHION FACING SET (12PCS)<img decoding=\"async\" class=\"alignright\" alt=\"buffalo\" src=\"http:\/\/www.buffalo.nl\/media\/brands\/buffalo.png\" \/><\/strong><\/p>\n<ul>\n<li>Rubber Cushion Ends<\/li>\n<li>Fits all Cushion Types<\/li>\n<li>Used to Shim Pockets<\/li>\n<li>If you are putting on new cushions you will need these facings to finish off the ends; they can also be used to shim the pockets!<\/li>\n<\/ul>\n<p><strong>Available for consultation and direct purchase in our showroom:<\/strong><\/p>\n<p>BC \u0158ipsk\u00e1, \u0158ipsk\u00e1 24, Praha 3<\/p>\n<p><strong>Material:<\/strong>\u00a0rubber<\/p>\n<p><strong>Manufacturer<\/strong>: Buffalo,Netherlands<\/p>\n<p><strong>Availability:<\/strong>\u00a0In stock delivery within 3 working days<\/p>\n","protected":false},"excerpt":{"rendered":"<p>RUBBER CUSHION FACING SET (12PCS) Rubber Cushion Ends Fits all Cushion Types Used to Shim Pockets If you are putting on new cushions you will need these facings to finish off the ends; they can also be used to shim the pockets! Available for consultation and direct purchase in our showroom: BC \u0158ipsk\u00e1, \u0158ipsk\u00e1 24, [&hellip;]<\/p>\n","protected":false},"featured_media":5087,"comment_status":"closed","ping_status":"closed","template":"","meta":[],"product_brand":[],"product_cat":[366,340],"product_tag":[],"class_list":{"0":"post-3572","1":"product","2":"type-product","3":"status-publish","4":"has-post-thumbnail","6":"product_cat-billiard-rubber-cushions","7":"product_cat-billiard-tables","9":"first","10":"instock","11":"shipping-taxable","12":"purchasable","13":"product-type-simple"},"_links":{"self":[{"href":"https:\/\/www.billiard-pro.cz\/en\/wp-json\/wp\/v2\/product\/3572","targetHints":{"allow":["GET"]}}],"collection":[{"href":"https:\/\/www.billiard-pro.cz\/en\/wp-json\/wp\/v2\/product"}],"about":[{"href":"https:\/\/www.billiard-pro.cz\/en\/wp-json\/wp\/v2\/types\/product"}],"replies":[{"embeddable":true,"href":"https:\/\/www.billiard-pro.cz\/en\/wp-json\/wp\/v2\/comments?post=3572"}],"wp:featuredmedia":[{"embeddable":true,"href":"https:\/\/www.billiard-pro.cz\/en\/wp-json\/wp\/v2\/media\/5087"}],"wp:attachment":[{"href":"https:\/\/www.billiard-pro.cz\/en\/wp-json\/wp\/v2\/media?parent=3572"}],"wp:term":[{"taxonomy":"product_brand","embeddable":true,"href":"https:\/\/www.billiard-pro.cz\/en\/wp-json\/wp\/v2\/product_brand?post=3572"},{"taxonomy":"product_cat","embeddable":true,"href":"https:\/\/www.billiard-pro.cz\/en\/wp-json\/wp\/v2\/product_cat?post=3572"},{"taxonomy":"product_tag","embeddable":true,"href":"https:\/\/www.billiard-pro.cz\/en\/wp-json\/wp\/v2\/product_tag?post=3572"}],"curies":[{"name":"wp","href":"https:\/\/api.w.org\/{rel}","templated":true}]}}