{"id":3576,"date":"2014-10-13T09:56:03","date_gmt":"2014-10-13T09:56:03","guid":{"rendered":"http:\/\/localhost\/iwansimonis\/obchod\/nezerazene\/solid-brass-x-rest-head\/"},"modified":"2014-10-13T09:56:03","modified_gmt":"2014-10-13T09:56:03","slug":"solid-brass-x-rest-head","status":"publish","type":"product","link":"https:\/\/www.billiard-pro.cz\/en\/obchod\/billiard-accessories-3\/cue-accessories-2\/spider-rest-head\/solid-brass-x-rest-head\/","title":{"rendered":"SOLID BRASS X REST HEAD"},"content":{"rendered":"<p><strong>SOLID BRASS X REST HEAD\u00a0<img decoding=\"async\" class=\"alignright\" alt=\"buffalo\" src=\"https:\/\/www.billiard-pro.cz\/wp-content\/uploads\/2014\/06\/buffalo.png\" \/><\/strong><\/p>\n<ul>\n<li>Decorative &#038; Stylish<\/li>\n<li>2 Cue Rest Positions<\/li>\n<li>This decorative brass X-shaped rest head with screw thread forms a permanent rest stick; and features two cue rest positions for versatility of shots.<\/li>\n<li>Item No: 4112.050<\/li>\n<\/ul>\n<p><strong>Available for consultation and direct purchase in our showroom:<\/strong><\/p>\n<p>BC \u0158ipsk\u00e1, \u0158ipsk\u00e1 24, Praha 3<\/p>\n<p><strong>Material:<\/strong>\u00a0 brass<\/p>\n<p><strong>Availability:<\/strong>\u00a0In stock delivery within 3 working days<strong><\/strong><\/p>\n<p><strong>Producer:<\/strong>\u00a0 Buffalo, Netherlands<\/p>\n","protected":false},"excerpt":{"rendered":"<p>SOLID BRASS X REST HEAD\u00a0 Decorative &#038; Stylish 2 Cue Rest Positions This decorative brass X-shaped rest head with screw thread forms a permanent rest stick; and features two cue rest positions for versatility of shots. Item No: 4112.050 Available for consultation and direct purchase in our showroom: BC \u0158ipsk\u00e1, \u0158ipsk\u00e1 24, Praha 3 Material:\u00a0 [&hellip;]<\/p>\n","protected":false},"featured_media":5091,"comment_status":"open","ping_status":"closed","template":"","meta":[],"product_brand":[],"product_cat":[252,274,364],"product_tag":[],"class_list":{"0":"post-3576","1":"product","2":"type-product","3":"status-publish","4":"has-post-thumbnail","6":"product_cat-billiard-accessories-3","7":"product_cat-cue-accessories-2","8":"product_cat-spider-rest-head","10":"first","11":"instock","12":"shipping-taxable","13":"purchasable","14":"product-type-simple"},"_links":{"self":[{"href":"https:\/\/www.billiard-pro.cz\/en\/wp-json\/wp\/v2\/product\/3576","targetHints":{"allow":["GET"]}}],"collection":[{"href":"https:\/\/www.billiard-pro.cz\/en\/wp-json\/wp\/v2\/product"}],"about":[{"href":"https:\/\/www.billiard-pro.cz\/en\/wp-json\/wp\/v2\/types\/product"}],"replies":[{"embeddable":true,"href":"https:\/\/www.billiard-pro.cz\/en\/wp-json\/wp\/v2\/comments?post=3576"}],"wp:featuredmedia":[{"embeddable":true,"href":"https:\/\/www.billiard-pro.cz\/en\/wp-json\/wp\/v2\/media\/5091"}],"wp:attachment":[{"href":"https:\/\/www.billiard-pro.cz\/en\/wp-json\/wp\/v2\/media?parent=3576"}],"wp:term":[{"taxonomy":"product_brand","embeddable":true,"href":"https:\/\/www.billiard-pro.cz\/en\/wp-json\/wp\/v2\/product_brand?post=3576"},{"taxonomy":"product_cat","embeddable":true,"href":"https:\/\/www.billiard-pro.cz\/en\/wp-json\/wp\/v2\/product_cat?post=3576"},{"taxonomy":"product_tag","embeddable":true,"href":"https:\/\/www.billiard-pro.cz\/en\/wp-json\/wp\/v2\/product_tag?post=3576"}],"curies":[{"name":"wp","href":"https:\/\/api.w.org\/{rel}","templated":true}]}}