{"id":3610,"date":"2014-11-12T11:51:14","date_gmt":"2014-11-12T10:51:14","guid":{"rendered":"http:\/\/localhost\/iwansimonis\/obchod\/nezerazene\/gabriels-cleaning-cloth\/"},"modified":"2015-04-13T07:03:23","modified_gmt":"2015-04-13T07:03:23","slug":"gabriels-cleaning-cloth","status":"publish","type":"product","link":"https:\/\/www.billiard-pro.cz\/en\/obchod\/billiard-cloths-simonis\/cistice-a-kartace-en\/gabriels-cleaning-cloth\/","title":{"rendered":"GABRIELS CLEANING CLOTH"},"content":{"rendered":"<p><strong>GABRIELS CLEANING CLOTH<img loading=\"lazy\" decoding=\"async\" class=\"size-thumbnail wp-image-5037 alignright\" src=\"https:\/\/www.billiard-pro.cz\/wp-content\/uploads\/2014\/08\/logo-gabriels.jpg\" alt=\"logo-gabriels\" width=\"150\" height=\"49\" data-id=\"2608\" \/><\/strong><\/p>\n<ul>\n<li>\u00a0Magic cleaning \u00a0cloth for billiard tables<\/li>\n<li>Perfect cleaning especially for cushions<\/li>\n<li>Favorite by professional players<\/li>\n<\/ul>\n<p><strong>Available for consultation and direct purchase in our showroom:<\/strong><\/p>\n<p>BC \u0158ipsk\u00e1, \u0158ipsk\u00e1 24, Prague 3, Czech republic<\/p>\n<p><strong>Material:\u00a0<\/strong>soft and gentle microfiber<\/p>\n<p><strong>Availability:<\/strong>\u00a0In stock delivery within 3 working days<\/p>\n<p><strong>Producer:<\/strong>\u00a0Gabriels, Netherlands<\/p>\n","protected":false},"excerpt":{"rendered":"<p>GABRIELS CLEANING CLOTH \u00a0Magic cleaning \u00a0cloth for billiard tables Perfect cleaning especially for cushions Favorite by professional players Available for consultation and direct purchase in our showroom: BC \u0158ipsk\u00e1, \u0158ipsk\u00e1 24, Prague 3, Czech republic Material:\u00a0soft and gentle microfiber Availability:\u00a0In stock delivery within 3 working days Producer:\u00a0Gabriels, Netherlands<\/p>\n","protected":false},"featured_media":2744,"comment_status":"closed","ping_status":"closed","template":"","meta":[],"product_brand":[],"product_cat":[381],"product_tag":[],"class_list":{"0":"post-3610","1":"product","2":"type-product","3":"status-publish","4":"has-post-thumbnail","6":"product_cat-cistice-a-kartace-en","8":"first","9":"instock","10":"shipping-taxable","11":"purchasable","12":"product-type-simple"},"_links":{"self":[{"href":"https:\/\/www.billiard-pro.cz\/en\/wp-json\/wp\/v2\/product\/3610","targetHints":{"allow":["GET"]}}],"collection":[{"href":"https:\/\/www.billiard-pro.cz\/en\/wp-json\/wp\/v2\/product"}],"about":[{"href":"https:\/\/www.billiard-pro.cz\/en\/wp-json\/wp\/v2\/types\/product"}],"replies":[{"embeddable":true,"href":"https:\/\/www.billiard-pro.cz\/en\/wp-json\/wp\/v2\/comments?post=3610"}],"wp:featuredmedia":[{"embeddable":true,"href":"https:\/\/www.billiard-pro.cz\/en\/wp-json\/wp\/v2\/media\/2744"}],"wp:attachment":[{"href":"https:\/\/www.billiard-pro.cz\/en\/wp-json\/wp\/v2\/media?parent=3610"}],"wp:term":[{"taxonomy":"product_brand","embeddable":true,"href":"https:\/\/www.billiard-pro.cz\/en\/wp-json\/wp\/v2\/product_brand?post=3610"},{"taxonomy":"product_cat","embeddable":true,"href":"https:\/\/www.billiard-pro.cz\/en\/wp-json\/wp\/v2\/product_cat?post=3610"},{"taxonomy":"product_tag","embeddable":true,"href":"https:\/\/www.billiard-pro.cz\/en\/wp-json\/wp\/v2\/product_tag?post=3610"}],"curies":[{"name":"wp","href":"https:\/\/api.w.org\/{rel}","templated":true}]}}