{"id":3616,"date":"2014-11-17T10:10:05","date_gmt":"2014-11-17T09:10:05","guid":{"rendered":"http:\/\/localhost\/iwansimonis\/obchod\/nezerazene\/billiard-cue-for-kids-classic-flames-cf-01-blue-516x18-123-cm-pool\/"},"modified":"2015-05-16T09:27:31","modified_gmt":"2015-05-16T09:27:31","slug":"billiard-cue-for-kids-classic-flames-cf-01-blue-516x18-123-cm-pool","status":"publish","type":"product","link":"https:\/\/www.billiard-pro.cz\/en\/obchod\/billiard-accessories-3\/cues\/cues-pool\/billiard-cue-for-kids-classic-flames-cf-01-blue-516x18-123-cm-pool\/","title":{"rendered":"Billiard Cue for Kids Classic Flames CF-01, blue, 5\/16&#215;18, 123 cm, Pool"},"content":{"rendered":"<p><strong>Billiard Cue for Kids Classic Flames CF-01, blue, 5\/16&#215;18, 123 cm, Pool<img decoding=\"async\" class=\"alignright\" src=\"https:\/\/www.dynamic-billard.com\/assets\/Uploads\/ManufacturerImages\/_resampled\/SetRatioSize10050-LogoClassic.jpg\" alt=\"Classic\" \/><\/strong><\/p>\n<ul>\n<li>Suitable for children and youth with a length of 123 cm<\/li>\n<li>Excellent value for money<\/li>\n<li>Metal thread 5 \/ 16&#215;18<\/li>\n<li>2 pcs que<\/li>\n<li>Length 123 cm cues<\/li>\n<li>Cue tip \u00a013 mm<\/li>\n<li>Linen grip<img loading=\"lazy\" decoding=\"async\" class=\"size-thumbnail wp-image-5151 alignright\" src=\"https:\/\/www.billiard-pro.cz\/wp-content\/uploads\/2014\/11\/20.110.57.4a.jpg\" alt=\"20.110.57.4a\" width=\"150\" height=\"150\" data-id=\"2760\" \/><\/li>\n<\/ul>\n<p><strong>Available for consultation and direct purchase in our showroom:<\/strong> BC \u0158ipsk\u00e1, \u0158ipsk\u00e1 24, Praha 3 <strong>Material:<\/strong>\u00a0stained maple wood <strong>Manufacturer:<\/strong>\u00a0Classic Cues &#8211; import-Dynamic Billard, DE <strong>Availability:<\/strong>\u00a0In stock delivery within 3 working days<\/p>\n","protected":false},"excerpt":{"rendered":"<p>Billiard Cue for Kids Classic Flames CF-01, blue, 5\/16&#215;18, 123 cm, Pool Suitable for children and youth with a length of 123 cm Excellent value for money Metal thread 5 \/ 16&#215;18 2 pcs que Length 123 cm cues Cue tip \u00a013 mm Linen grip Available for consultation and direct purchase in our showroom: BC [&hellip;]<\/p>\n","protected":false},"featured_media":5149,"comment_status":"open","ping_status":"closed","template":"","meta":[],"product_brand":[],"product_cat":[254,332],"product_tag":[],"class_list":{"0":"post-3616","1":"product","2":"type-product","3":"status-publish","4":"has-post-thumbnail","6":"product_cat-cues","7":"product_cat-cues-pool","9":"first","10":"outofstock","11":"shipping-taxable","12":"purchasable","13":"product-type-simple"},"_links":{"self":[{"href":"https:\/\/www.billiard-pro.cz\/en\/wp-json\/wp\/v2\/product\/3616","targetHints":{"allow":["GET"]}}],"collection":[{"href":"https:\/\/www.billiard-pro.cz\/en\/wp-json\/wp\/v2\/product"}],"about":[{"href":"https:\/\/www.billiard-pro.cz\/en\/wp-json\/wp\/v2\/types\/product"}],"replies":[{"embeddable":true,"href":"https:\/\/www.billiard-pro.cz\/en\/wp-json\/wp\/v2\/comments?post=3616"}],"wp:featuredmedia":[{"embeddable":true,"href":"https:\/\/www.billiard-pro.cz\/en\/wp-json\/wp\/v2\/media\/5149"}],"wp:attachment":[{"href":"https:\/\/www.billiard-pro.cz\/en\/wp-json\/wp\/v2\/media?parent=3616"}],"wp:term":[{"taxonomy":"product_brand","embeddable":true,"href":"https:\/\/www.billiard-pro.cz\/en\/wp-json\/wp\/v2\/product_brand?post=3616"},{"taxonomy":"product_cat","embeddable":true,"href":"https:\/\/www.billiard-pro.cz\/en\/wp-json\/wp\/v2\/product_cat?post=3616"},{"taxonomy":"product_tag","embeddable":true,"href":"https:\/\/www.billiard-pro.cz\/en\/wp-json\/wp\/v2\/product_tag?post=3616"}],"curies":[{"name":"wp","href":"https:\/\/api.w.org\/{rel}","templated":true}]}}