{"id":3646,"date":"2014-12-03T17:17:18","date_gmt":"2014-12-03T16:17:18","guid":{"rendered":"http:\/\/localhost\/iwansimonis\/obchod\/nezerazene\/buffalo-elan-carom-cue-no-2\/"},"modified":"2020-01-31T16:19:24","modified_gmt":"2020-01-31T15:19:24","slug":"buffalo-elan-carom-cue-no-2","status":"publish","type":"product","link":"https:\/\/www.billiard-pro.cz\/en\/obchod\/billiard-accessories-3\/cues\/carom-cues\/buffalo-elan-carom-cue-no-2\/","title":{"rendered":"BUFFALO ELAN CAROM CUE NO.2"},"content":{"rendered":"<p><strong>BUFFALO ELAN CAROM CUE No: 2<img loading=\"lazy\" decoding=\"async\" class=\"alignright\" src=\"https:\/\/www.billiard-pro.cz\/wp-content\/uploads\/2014\/06\/buffalo.png\" alt=\"buffalo\" width=\"66\" height=\"17\" data-id=\"2412\" \/><\/strong><\/p>\n<ul>\n<li>Buffalo Single Wooden Joint System<\/li>\n<li>Adustable Weight Screw System<\/li>\n<li>Quality Controlled<\/li>\n<li>The weight 470gr<\/li>\n<li>The length 140 cm ( shaft 68 cm, butt 72 cm)<\/li>\n<li>Cue tip Everest Multi Layer 11 mm<\/li>\n<li>Ferrule: Buffalo PC<\/li>\n<li>Included\u00a0padded velvet soft cue bag \u00a0with logo Buffalo &#8211; deep blue colour- velcro system<\/li>\n<li>Included shaft protector with logo Buffalo<\/li>\n<li>Included rubber bumper on the bottom of the cue<\/li>\n<li>Included joint protector<\/li>\n<li>This cue features Buffalo&#8217;s interchangeable single wooden joint system, which produces a soft hit<\/li>\n<\/ul>\n<p><strong>Available for consultation and direct purchase in our showroom:<\/strong><\/p>\n<p>BC \u0158ipsk\u00e1, \u0158ipsk\u00e1 24, Prague 3, Czech rep.<\/p>\n<p><strong>Material:<\/strong>\u00a0 maple wood ,\u00a0Canadian maple (AA level), lacquere, high gloss and UV protection<\/p>\n<p><strong>Availability:<\/strong>\u00a0In stock delivery within 3 working days<\/p>\n<p><strong>Producer:<\/strong>\u00a0Buffalo, Netherlands<\/p>\n","protected":false},"excerpt":{"rendered":"<p>BUFFALO ELAN CAROM CUE No: 2 Buffalo Single Wooden Joint System Adustable Weight Screw System Quality Controlled The weight 470gr The length 140 cm ( shaft 68 cm, butt 72 cm) Cue tip Everest Multi Layer 11 mm Ferrule: Buffalo PC Included\u00a0padded velvet soft cue bag \u00a0with logo Buffalo &#8211; deep blue colour- velcro system [&hellip;]<\/p>\n","protected":false},"featured_media":5213,"comment_status":"open","ping_status":"closed","template":"","meta":[],"product_brand":[],"product_cat":[334,254],"product_tag":[],"class_list":{"0":"post-3646","1":"product","2":"type-product","3":"status-publish","4":"has-post-thumbnail","6":"product_cat-carom-cues","7":"product_cat-cues","9":"first","10":"onbackorder","11":"shipping-taxable","12":"purchasable","13":"product-type-simple"},"_links":{"self":[{"href":"https:\/\/www.billiard-pro.cz\/en\/wp-json\/wp\/v2\/product\/3646","targetHints":{"allow":["GET"]}}],"collection":[{"href":"https:\/\/www.billiard-pro.cz\/en\/wp-json\/wp\/v2\/product"}],"about":[{"href":"https:\/\/www.billiard-pro.cz\/en\/wp-json\/wp\/v2\/types\/product"}],"replies":[{"embeddable":true,"href":"https:\/\/www.billiard-pro.cz\/en\/wp-json\/wp\/v2\/comments?post=3646"}],"wp:featuredmedia":[{"embeddable":true,"href":"https:\/\/www.billiard-pro.cz\/en\/wp-json\/wp\/v2\/media\/5213"}],"wp:attachment":[{"href":"https:\/\/www.billiard-pro.cz\/en\/wp-json\/wp\/v2\/media?parent=3646"}],"wp:term":[{"taxonomy":"product_brand","embeddable":true,"href":"https:\/\/www.billiard-pro.cz\/en\/wp-json\/wp\/v2\/product_brand?post=3646"},{"taxonomy":"product_cat","embeddable":true,"href":"https:\/\/www.billiard-pro.cz\/en\/wp-json\/wp\/v2\/product_cat?post=3646"},{"taxonomy":"product_tag","embeddable":true,"href":"https:\/\/www.billiard-pro.cz\/en\/wp-json\/wp\/v2\/product_tag?post=3646"}],"curies":[{"name":"wp","href":"https:\/\/api.w.org\/{rel}","templated":true}]}}