{"id":3678,"date":"2015-01-16T13:42:52","date_gmt":"2015-01-16T12:42:52","guid":{"rendered":"http:\/\/localhost\/iwansimonis\/obchod\/nezerazene\/loose-super-aramith-pro-cue-ball-572-mm-white-logo\/"},"modified":"2015-05-16T09:24:07","modified_gmt":"2015-05-16T09:24:07","slug":"loose-super-aramith-pro-cue-ball-572-mm-white-logo","status":"publish","type":"product","link":"https:\/\/www.billiard-pro.cz\/en\/obchod\/billiard-balls-aramith-3\/pool-balls\/loose-super-aramith-pro-cue-ball-572-mm-white-logo\/","title":{"rendered":"Loose Super Aramith Pro cue ball 57,2 mm white + logo"},"content":{"rendered":"<p><strong>Loose Super Aramith Pro Cue ball \u00a057,2 mm white with red Aramith logo\u00a0<img decoding=\"async\" class=\"alignright\" src=\"https:\/\/www.billiard-pro.cz\/wp-content\/uploads\/2013\/09\/aramith-logo.jpg\" alt=\"Aramith\" \/><\/strong><\/p>\n<ul>\n<li>Loose SAPro &#8211; original set <a title=\"Kule\u010dn\u00edkov\u00e9  koule POOL Super Aramith Pro, 57,2 mm\" href=\"https:\/\/www.billiard-pro.cz\/obchod\/koule-aramith\/pool-super-aramith-pro-572-mm\/\">Super Aramith Pro 57,2 mm<\/a><\/li>\n<li>The cue ball known around the world for its distinctive Aramith logo, the symbol that means quality in billiards.<\/li>\n<li>Aramith Unique Phenolic Resin<\/li>\n<li>High Impact Resistance<\/li>\n<li>Perfectly Rounded and Balanced<\/li>\n<li>Prolonged Longevity<\/li>\n<li>Lengthens Cloth Life<\/li>\n<li>High Quality Standards<\/li>\n<li>Money Saving Investment<\/li>\n<li>This loose Aramith \u00a0ball is made from unique phenolic resin<\/li>\n<li>Designed in the Aramith laboratories<\/li>\n<li>Reducing table cloth wear and lengthening cloth life!<\/li>\n<li>Tests show Aramith phenolic balls withstand over 50 times more impacts than polyester balls<\/li>\n<li>They are also twice more scratch-resistant!<\/li>\n<\/ul>\n<p>To clean, use<a title=\"\u010cisti\u010d kule\u010dn\u00edkov\u00fdch koul\u00ed Aramith  ball cleaner \u2013 1 lahev \u2013 250 ml\" href=\"https:\/\/www.billiard-pro.cz\/obchod\/koule-aramith\/aramith-ball-cleaner-roztok-na-cisteni-kouli-1-lahev-250-ml\/\">\u00a0Aramith ball \u00a0Cleaner .<\/a><\/p>\n<p><strong>Producer<\/strong>: SALUC\/ARAMITH, Belgium<\/p>\n<p><strong>Availability:<\/strong>\u00a0In stock delivery within 3 working days<\/p>\n","protected":false},"excerpt":{"rendered":"<p>Loose Super Aramith Pro Cue ball \u00a057,2 mm white with red Aramith logo\u00a0 Loose SAPro &#8211; original set Super Aramith Pro 57,2 mm The cue ball known around the world for its distinctive Aramith logo, the symbol that means quality in billiards. Aramith Unique Phenolic Resin High Impact Resistance Perfectly Rounded and Balanced Prolonged Longevity [&hellip;]<\/p>\n","protected":false},"featured_media":5265,"comment_status":"closed","ping_status":"closed","template":"","meta":[],"product_brand":[],"product_cat":[278,389],"product_tag":[],"class_list":{"0":"post-3678","1":"product","2":"type-product","3":"status-publish","4":"has-post-thumbnail","6":"product_cat-billiard-balls-aramith-3","7":"product_cat-pool-balls","9":"first","10":"instock","11":"shipping-taxable","12":"purchasable","13":"product-type-simple"},"_links":{"self":[{"href":"https:\/\/www.billiard-pro.cz\/en\/wp-json\/wp\/v2\/product\/3678","targetHints":{"allow":["GET"]}}],"collection":[{"href":"https:\/\/www.billiard-pro.cz\/en\/wp-json\/wp\/v2\/product"}],"about":[{"href":"https:\/\/www.billiard-pro.cz\/en\/wp-json\/wp\/v2\/types\/product"}],"replies":[{"embeddable":true,"href":"https:\/\/www.billiard-pro.cz\/en\/wp-json\/wp\/v2\/comments?post=3678"}],"wp:featuredmedia":[{"embeddable":true,"href":"https:\/\/www.billiard-pro.cz\/en\/wp-json\/wp\/v2\/media\/5265"}],"wp:attachment":[{"href":"https:\/\/www.billiard-pro.cz\/en\/wp-json\/wp\/v2\/media?parent=3678"}],"wp:term":[{"taxonomy":"product_brand","embeddable":true,"href":"https:\/\/www.billiard-pro.cz\/en\/wp-json\/wp\/v2\/product_brand?post=3678"},{"taxonomy":"product_cat","embeddable":true,"href":"https:\/\/www.billiard-pro.cz\/en\/wp-json\/wp\/v2\/product_cat?post=3678"},{"taxonomy":"product_tag","embeddable":true,"href":"https:\/\/www.billiard-pro.cz\/en\/wp-json\/wp\/v2\/product_tag?post=3678"}],"curies":[{"name":"wp","href":"https:\/\/api.w.org\/{rel}","templated":true}]}}