{"id":3692,"date":"2015-01-28T10:24:07","date_gmt":"2015-01-28T09:24:07","guid":{"rendered":"http:\/\/localhost\/iwansimonis\/obchod\/nezerazene\/pool-aramith-us-tournament-pro-cup-tv-572-mm-2\/"},"modified":"2015-05-20T07:10:12","modified_gmt":"2015-05-20T07:10:12","slug":"pool-aramith-us-tournament-pro-cup-tv-572-mm-2","status":"publish","type":"product","link":"https:\/\/www.billiard-pro.cz\/en\/obchod\/billiard-balls-aramith-3\/pool-balls\/pool-aramith-us-tournament-pro-cup-tv-572-mm-2\/","title":{"rendered":"POOL Aramith US Tournament Pro Cup TV 57,2 mm"},"content":{"rendered":"<ul>\n<li><strong>US TOURNAMENT PRO CUP TV 57.2 mm\u00a0<img decoding=\"async\" class=\"alignright\" src=\"https:\/\/www.billiard-pro.cz\/wp-content\/uploads\/2013\/09\/aramith-logo.jpg\" alt=\"Aramith\" \/><\/strong><\/li>\n<li>The Duramith-technology improves the durability of the balls<\/li>\n<li>Long lasting brilliancy of the colours<\/li>\n<li>The advantages of Aramith balls:<img loading=\"lazy\" decoding=\"async\" class=\"size-full wp-image-5289 alignright\" src=\"https:\/\/www.billiard-pro.cz\/wp-content\/uploads\/2015\/01\/novinkaLogo-300x181.jpg\" alt=\"novinkaLogo-300x181\" width=\"300\" height=\"181\" data-id=\"2950\" \/><\/li>\n<li>Precise calibration of each ball for maximum consistency within the set.<\/li>\n<li>The preferred set used worldwide in tournaments and championships because of its uncompromised quality.<\/li>\n<li>For ultimate precise shots and ball repositioning.<\/li>\n<li>Through hardened vitrified surface with ultra-high density for exceptional scratch and impact resistance.<\/li>\n<li>Extra durable smooth surface that minimizes table cloth wear for an exceptional cloth and ball longevity.<\/li>\n<li>The highest end phenolic resin available, designed in our laboratories.<\/li>\n<li>For all criteria : density, balance, diameter, roundness, color, glossiness, hardness, weight<\/li>\n<li>Professional tournament billiard balls of the highest quality<\/li>\n<li>Balls for \u00a0World Championship in pool<\/li>\n<li>Equal weight guaranteed<\/li>\n<li>Precise balancing balls<\/li>\n<li>White ball with red dots<\/li>\n<li>Made of phenolic resin<\/li>\n<li>Set of 16 balls with a diameter of 57.2 mm<\/li>\n<li>Good visibility balls for TV records<\/li>\n<li>Diameter 57.2 mm<\/li>\n<li>Long life ball<\/li>\n<li>Extending the life of the SIMONIS cloth<\/li>\n<\/ul>\n<p>To clean, use\u00a0<a title=\"\u010cisti\u010d koul\u00ed Aramith  ball cleaner \u2013 roztok na \u010di\u0161t\u011bn\u00ed kule\u010dn\u00edkov\u00fdch  koul\u00ed 1 lahev \u2013 250 ml\" href=\"https:\/\/www.billiard-pro.cz\/obchod\/koule-aramith\/aramith-ball-cleaner-roztok-na-cisteni-kouli-1-lahev-250-ml\/\">Aramith ball Cleaner .<\/a><\/p>\n<p><strong>Manufacturer<\/strong>: Saluc S. A.. \/ Aramith, Belgium<\/p>\n<p><strong>Availability:<\/strong>\u00a0In stock delivery within 3 working days<\/p>\n","protected":false},"excerpt":{"rendered":"<p>US TOURNAMENT PRO CUP TV 57.2 mm\u00a0 The Duramith-technology improves the durability of the balls Long lasting brilliancy of the colours The advantages of Aramith balls: Precise calibration of each ball for maximum consistency within the set. The preferred set used worldwide in tournaments and championships because of its uncompromised quality. For ultimate precise shots [&hellip;]<\/p>\n","protected":false},"featured_media":5287,"comment_status":"open","ping_status":"closed","template":"","meta":[],"product_brand":[],"product_cat":[389],"product_tag":[],"class_list":{"0":"post-3692","1":"product","2":"type-product","3":"status-publish","4":"has-post-thumbnail","6":"product_cat-pool-balls","8":"first","9":"instock","10":"shipping-taxable","11":"purchasable","12":"product-type-simple"},"_links":{"self":[{"href":"https:\/\/www.billiard-pro.cz\/en\/wp-json\/wp\/v2\/product\/3692","targetHints":{"allow":["GET"]}}],"collection":[{"href":"https:\/\/www.billiard-pro.cz\/en\/wp-json\/wp\/v2\/product"}],"about":[{"href":"https:\/\/www.billiard-pro.cz\/en\/wp-json\/wp\/v2\/types\/product"}],"replies":[{"embeddable":true,"href":"https:\/\/www.billiard-pro.cz\/en\/wp-json\/wp\/v2\/comments?post=3692"}],"wp:featuredmedia":[{"embeddable":true,"href":"https:\/\/www.billiard-pro.cz\/en\/wp-json\/wp\/v2\/media\/5287"}],"wp:attachment":[{"href":"https:\/\/www.billiard-pro.cz\/en\/wp-json\/wp\/v2\/media?parent=3692"}],"wp:term":[{"taxonomy":"product_brand","embeddable":true,"href":"https:\/\/www.billiard-pro.cz\/en\/wp-json\/wp\/v2\/product_brand?post=3692"},{"taxonomy":"product_cat","embeddable":true,"href":"https:\/\/www.billiard-pro.cz\/en\/wp-json\/wp\/v2\/product_cat?post=3692"},{"taxonomy":"product_tag","embeddable":true,"href":"https:\/\/www.billiard-pro.cz\/en\/wp-json\/wp\/v2\/product_tag?post=3692"}],"curies":[{"name":"wp","href":"https:\/\/api.w.org\/{rel}","templated":true}]}}