{"id":3708,"date":"2015-01-30T16:53:47","date_gmt":"2015-01-30T15:53:47","guid":{"rendered":"http:\/\/localhost\/iwansimonis\/obchod\/nezerazene\/maple-carom-shaft-eco-12mm71-cm\/"},"modified":"2015-05-19T19:21:55","modified_gmt":"2015-05-19T19:21:55","slug":"maple-carom-shaft-eco-12mm71-cm","status":"publish","type":"product","link":"https:\/\/www.billiard-pro.cz\/en\/obchod\/billiard-accessories-3\/cues\/carom-cues\/carom-shafts\/maple-carom-shaft-eco-12mm71-cm\/","title":{"rendered":"MAPLE CAROM SHAFT ECO 12mm\/71 cm"},"content":{"rendered":"<p><strong>MAPLE CAROM SHAFT ECO 12 mm\/71 cm<img loading=\"lazy\" decoding=\"async\" class=\"alignright\" src=\"https:\/\/www.billiard-pro.cz\/wp-content\/uploads\/2014\/06\/buffalo.png\" alt=\"buffalo\" width=\"66\" height=\"17\" data-id=\"2412\" \/><\/strong><\/p>\n<ul>\n<li>\u00a0Fits onto any single jointed carom cue<\/li>\n<li>Great Value for Money<\/li>\n<li>Single Wooden Joint System<\/li>\n<li>Quality Controlled<\/li>\n<li>This is a very popular spare shaft for single jointed range of carom cues<\/li>\n<li>This shaft features an interchangeable single wooden joint system<\/li>\n<li>This shaft is 68.5cm long and has a 12 mm tip Le Prof<\/li>\n<\/ul>\n<p><strong>Available for consultation and direct purchase in our showroom:<\/strong><\/p>\n<p>BC \u0158ipsk\u00e1, \u0158ipsk\u00e1 24, Praha 3<\/p>\n<p><strong>Material:<\/strong>\u00a0 maple wood<\/p>\n<p><strong>Availability:<\/strong>\u00a0In stock delivery within 3 working days<\/p>\n<p><strong>Producer:<\/strong>\u00a0Buffalo, Netherlands<\/p>\n","protected":false},"excerpt":{"rendered":"<p>MAPLE CAROM SHAFT ECO 12 mm\/71 cm \u00a0Fits onto any single jointed carom cue Great Value for Money Single Wooden Joint System Quality Controlled This is a very popular spare shaft for single jointed range of carom cues This shaft features an interchangeable single wooden joint system This shaft is 68.5cm long and has a [&hellip;]<\/p>\n","protected":false},"featured_media":5305,"comment_status":"open","ping_status":"closed","template":"","meta":[],"product_brand":[],"product_cat":[372],"product_tag":[],"class_list":{"0":"post-3708","1":"product","2":"type-product","3":"status-publish","4":"has-post-thumbnail","6":"product_cat-carom-shafts","8":"first","9":"outofstock","10":"shipping-taxable","11":"purchasable","12":"product-type-simple"},"_links":{"self":[{"href":"https:\/\/www.billiard-pro.cz\/en\/wp-json\/wp\/v2\/product\/3708","targetHints":{"allow":["GET"]}}],"collection":[{"href":"https:\/\/www.billiard-pro.cz\/en\/wp-json\/wp\/v2\/product"}],"about":[{"href":"https:\/\/www.billiard-pro.cz\/en\/wp-json\/wp\/v2\/types\/product"}],"replies":[{"embeddable":true,"href":"https:\/\/www.billiard-pro.cz\/en\/wp-json\/wp\/v2\/comments?post=3708"}],"wp:featuredmedia":[{"embeddable":true,"href":"https:\/\/www.billiard-pro.cz\/en\/wp-json\/wp\/v2\/media\/5305"}],"wp:attachment":[{"href":"https:\/\/www.billiard-pro.cz\/en\/wp-json\/wp\/v2\/media?parent=3708"}],"wp:term":[{"taxonomy":"product_brand","embeddable":true,"href":"https:\/\/www.billiard-pro.cz\/en\/wp-json\/wp\/v2\/product_brand?post=3708"},{"taxonomy":"product_cat","embeddable":true,"href":"https:\/\/www.billiard-pro.cz\/en\/wp-json\/wp\/v2\/product_cat?post=3708"},{"taxonomy":"product_tag","embeddable":true,"href":"https:\/\/www.billiard-pro.cz\/en\/wp-json\/wp\/v2\/product_tag?post=3708"}],"curies":[{"name":"wp","href":"https:\/\/api.w.org\/{rel}","templated":true}]}}