{"id":3740,"date":"2015-02-19T16:17:47","date_gmt":"2015-02-19T15:17:47","guid":{"rendered":"http:\/\/localhost\/iwansimonis\/obchod\/nezerazene\/laperti-carom-set-cue-and-case-no-6\/"},"modified":"2016-05-10T13:13:05","modified_gmt":"2016-05-10T11:13:05","slug":"laperti-carom-set-cue-and-case-no-6","status":"publish","type":"product","link":"https:\/\/www.billiard-pro.cz\/en\/obchod\/billiard-accessories-3\/cues\/carom-cues\/laperti-carom-set-cue-and-case-no-6\/","title":{"rendered":"Laperti Carom Set Cue and Case No: 6"},"content":{"rendered":"<ul>\n<li><strong>LAPERTI CAROM SET CUE AND CASE NO:6<\/strong><\/li>\n<li>Great Value for Money<\/li>\n<li>Includes Hard Case<\/li>\n<li>Comes with 1 Shaft<\/li>\n<li>Single Wooden Joint System<\/li>\n<li>Adustable Weight Screw System<\/li>\n<li>Quality Controlled<\/li>\n<li>This attractive cue has a cherry stained maple forearm with thick black decal stripes.<\/li>\n<li>The grip is black with white decals, offset by 2 thick white decal rings.<\/li>\n<li>The butt sleeve is also cherry maple with black and white ring decals, offset by a thick natural maple ring at the butt cap.<\/li>\n<li>This cue comes with its own durable cue case and features an interchangeable single wooden joint system, which produces a soft hit.<\/li>\n<li>This cue comes with a 11 mm cue tip<\/li>\n<li>Weight: 480 gr<\/li>\n<\/ul>\n<p>&nbsp;<\/p>\n<p><strong>Available for consultation and direct purchase in our showroom:<\/strong><\/p>\n<p>BC \u0158ipsk\u00e1, \u0158ipsk\u00e1 24, Praha 3<\/p>\n<p><strong>Material:<\/strong>\u00a0 maple wood ,\u00a0Canadian maple (AA level), lacquere, high gloss and UV protection<\/p>\n<p><strong>Availability:<\/strong>\u00a0In stock delivery within 3 working days<\/p>\n<p><strong>Producer:<\/strong>\u00a0LAPERTI\/Buffalo<\/p>\n","protected":false},"excerpt":{"rendered":"<p>LAPERTI CAROM SET CUE AND CASE NO:6 Great Value for Money Includes Hard Case Comes with 1 Shaft Single Wooden Joint System Adustable Weight Screw System Quality Controlled This attractive cue has a cherry stained maple forearm with thick black decal stripes. The grip is black with white decals, offset by 2 thick white decal [&hellip;]<\/p>\n","protected":false},"featured_media":9653,"comment_status":"open","ping_status":"closed","template":"","meta":[],"product_brand":[],"product_cat":[334,254],"product_tag":[],"class_list":{"0":"post-3740","1":"product","2":"type-product","3":"status-publish","4":"has-post-thumbnail","6":"product_cat-carom-cues","7":"product_cat-cues","9":"first","10":"instock","11":"shipping-taxable","12":"purchasable","13":"product-type-simple"},"_links":{"self":[{"href":"https:\/\/www.billiard-pro.cz\/en\/wp-json\/wp\/v2\/product\/3740","targetHints":{"allow":["GET"]}}],"collection":[{"href":"https:\/\/www.billiard-pro.cz\/en\/wp-json\/wp\/v2\/product"}],"about":[{"href":"https:\/\/www.billiard-pro.cz\/en\/wp-json\/wp\/v2\/types\/product"}],"replies":[{"embeddable":true,"href":"https:\/\/www.billiard-pro.cz\/en\/wp-json\/wp\/v2\/comments?post=3740"}],"wp:featuredmedia":[{"embeddable":true,"href":"https:\/\/www.billiard-pro.cz\/en\/wp-json\/wp\/v2\/media\/9653"}],"wp:attachment":[{"href":"https:\/\/www.billiard-pro.cz\/en\/wp-json\/wp\/v2\/media?parent=3740"}],"wp:term":[{"taxonomy":"product_brand","embeddable":true,"href":"https:\/\/www.billiard-pro.cz\/en\/wp-json\/wp\/v2\/product_brand?post=3740"},{"taxonomy":"product_cat","embeddable":true,"href":"https:\/\/www.billiard-pro.cz\/en\/wp-json\/wp\/v2\/product_cat?post=3740"},{"taxonomy":"product_tag","embeddable":true,"href":"https:\/\/www.billiard-pro.cz\/en\/wp-json\/wp\/v2\/product_tag?post=3740"}],"curies":[{"name":"wp","href":"https:\/\/api.w.org\/{rel}","templated":true}]}}