{"id":3756,"date":"2015-03-10T09:54:35","date_gmt":"2015-03-10T08:54:35","guid":{"rendered":"http:\/\/localhost\/iwansimonis\/obchod\/nezerazene\/billiard-table-gabriels-sentinel-ebony-9-ft-black-matt-finish-pool\/"},"modified":"2020-06-02T12:59:58","modified_gmt":"2020-06-02T10:59:58","slug":"billiard-table-gabriels-sentinel-ebony-9-ft-black-matt-finish-pool","status":"publish","type":"product","link":"https:\/\/www.billiard-pro.cz\/en\/obchod\/billiard-tables\/pool-billiard-tables\/billiard-table-gabriels-sentinel-ebony-9-ft-black-matt-finish-pool\/","title":{"rendered":"Billiard Table GABRIELS SENTINEL Ebony 9 ft, black matt finish, Pool"},"content":{"rendered":"<p><strong>Billiard Table Gabriels SENTINEL Ebony , 9 ft , black matt finish<img loading=\"lazy\" decoding=\"async\" class=\"size-full wp-image-2950 alignright\" src=\"https:\/\/www.billiard-pro.cz\/wp-content\/uploads\/2015\/01\/novinkaLogo-300x181.jpg\" alt=\"novinkaLogo-300x181\" width=\"300\" height=\"181\" data-id=\"2950\" srcset=\"https:\/\/www.billiard-pro.cz\/wp-content\/uploads\/2015\/01\/novinkaLogo-300x181.jpg 300w, https:\/\/www.billiard-pro.cz\/wp-content\/uploads\/2015\/01\/novinkaLogo-300x181-148x89.jpg 148w, https:\/\/www.billiard-pro.cz\/wp-content\/uploads\/2015\/01\/novinkaLogo-300x181-31x18.jpg 31w, https:\/\/www.billiard-pro.cz\/wp-content\/uploads\/2015\/01\/novinkaLogo-300x181-38x22.jpg 38w\" sizes=\"auto, (max-width: 300px) 100vw, 300px\" \/><img loading=\"lazy\" decoding=\"async\" class=\"size-full wp-image-2608 alignright\" src=\"https:\/\/www.billiard-pro.cz\/wp-content\/uploads\/2014\/08\/logo-gabriels.jpg\" alt=\"logo-gabriels\" width=\"160\" height=\"49\" data-id=\"2608\" srcset=\"https:\/\/www.billiard-pro.cz\/wp-content\/uploads\/2014\/08\/logo-gabriels.jpg 160w, https:\/\/www.billiard-pro.cz\/wp-content\/uploads\/2014\/08\/logo-gabriels-148x45.jpg 148w, https:\/\/www.billiard-pro.cz\/wp-content\/uploads\/2014\/08\/logo-gabriels-31x9.jpg 31w, https:\/\/www.billiard-pro.cz\/wp-content\/uploads\/2014\/08\/logo-gabriels-38x11.jpg 38w\" sizes=\"auto, (max-width: 160px) 100vw, 160px\" \/><\/strong><\/p>\n<p><strong>Price includes:<\/strong><\/p>\n<p>&nbsp;<\/p>\n<ul>\n<li>pool \u00a0billiard cloth\u00a0<strong><a title=\"Kule\u010dn\u00edkov\u00e9 sukno SIMONIS POOL 760 s dopravou ZDARMA\" href=\"https:\/\/www.billiard-pro.cz\/obchod\/platna-iwan-simonis\/pool-760\/\">Simonis 760\u00a0<\/a>&#8211;\u00a0<a title=\"Barvy suken 2\" href=\"https:\/\/www.billiard-pro.cz\/barvy-suken-2\/\">Colours of cloth<\/a><\/strong><\/li>\n<li>choose your colour an type in order note<\/li>\n<\/ul>\n<ul>\n<li>The &#8216;next gen&#8217; version of the Signature Pro pool table, which is considered as one of the best-engineered pool tables ever.<\/li>\n<li>Sentinel is equipped with our own pocket-liners, which have a minimum lifespan of 5 years, even in a commercial environment!<\/li>\n<li>Astro Pro rubbers in K66 profile, an improved steel frame with 20 individual levellers and pocket sizes that are available as per customers request.<\/li>\n<li>3-piece slate, doweled, thickness 30 mm<\/li>\n<li>The top of the line version is finished with Dianite rails, which are impervious to dents, scratches, and cigarette burns (extra surcharge 550,- EUR)<\/li>\n<li>Sentinel tables meet and exceed the specifications as set by EPBF and WPA.<\/li>\n<li>Sentinel is available in following sizes:<\/li>\n<li>2338 x 1169 mm (8-foot)<\/li>\n<li>2540 x 1270 mm (9-foot)<\/li>\n<li>2840 x 1420 mm (10-foot)<\/li>\n<\/ul>\n<p><strong>Availability:<\/strong>\u00a0externally delivery within 15 working days<\/p>\n<p><strong>Producer:<\/strong>\u00a0Gabriels, Netherlands<\/p>\n<p><strong>You can order by phone, E-mail: info@billiard-pro.cz or via E-shop. After receiving your order, we will always contact you by phone or E-mail to more specify \u00a0your requested date and place of delivery and \u00a0your selected colour of SIMONIS cloth.<\/strong><\/p>\n","protected":false},"excerpt":{"rendered":"<p>Billiard Table Gabriels SENTINEL Ebony , 9 ft , black matt finish Price includes: &nbsp; pool \u00a0billiard cloth\u00a0Simonis 760\u00a0&#8211;\u00a0Colours of cloth choose your colour an type in order note The &#8216;next gen&#8217; version of the Signature Pro pool table, which is considered as one of the best-engineered pool tables ever. Sentinel is equipped with our [&hellip;]<\/p>\n","protected":false},"featured_media":5377,"comment_status":"closed","ping_status":"closed","template":"","meta":[],"product_brand":[],"product_cat":[340,342],"product_tag":[],"class_list":{"0":"post-3756","1":"product","2":"type-product","3":"status-publish","4":"has-post-thumbnail","6":"product_cat-billiard-tables","7":"product_cat-pool-billiard-tables","9":"first","10":"instock","11":"shipping-taxable","12":"purchasable","13":"product-type-simple"},"_links":{"self":[{"href":"https:\/\/www.billiard-pro.cz\/en\/wp-json\/wp\/v2\/product\/3756","targetHints":{"allow":["GET"]}}],"collection":[{"href":"https:\/\/www.billiard-pro.cz\/en\/wp-json\/wp\/v2\/product"}],"about":[{"href":"https:\/\/www.billiard-pro.cz\/en\/wp-json\/wp\/v2\/types\/product"}],"replies":[{"embeddable":true,"href":"https:\/\/www.billiard-pro.cz\/en\/wp-json\/wp\/v2\/comments?post=3756"}],"wp:featuredmedia":[{"embeddable":true,"href":"https:\/\/www.billiard-pro.cz\/en\/wp-json\/wp\/v2\/media\/5377"}],"wp:attachment":[{"href":"https:\/\/www.billiard-pro.cz\/en\/wp-json\/wp\/v2\/media?parent=3756"}],"wp:term":[{"taxonomy":"product_brand","embeddable":true,"href":"https:\/\/www.billiard-pro.cz\/en\/wp-json\/wp\/v2\/product_brand?post=3756"},{"taxonomy":"product_cat","embeddable":true,"href":"https:\/\/www.billiard-pro.cz\/en\/wp-json\/wp\/v2\/product_cat?post=3756"},{"taxonomy":"product_tag","embeddable":true,"href":"https:\/\/www.billiard-pro.cz\/en\/wp-json\/wp\/v2\/product_tag?post=3756"}],"curies":[{"name":"wp","href":"https:\/\/api.w.org\/{rel}","templated":true}]}}