{"id":3760,"date":"2015-03-10T11:41:23","date_gmt":"2015-03-10T10:41:23","guid":{"rendered":"http:\/\/localhost\/iwansimonis\/obchod\/nezerazene\/billiard-table-gabriels-sentinel-zebrano-9-ft-pool\/"},"modified":"2020-06-02T13:01:13","modified_gmt":"2020-06-02T11:01:13","slug":"billiard-table-gabriels-sentinel-zebrano-9-ft-pool","status":"publish","type":"product","link":"https:\/\/www.billiard-pro.cz\/en\/obchod\/billiard-tables\/pool-billiard-tables\/billiard-table-gabriels-sentinel-zebrano-9-ft-pool\/","title":{"rendered":"Billiard Table GABRIELS SENTINEL Zebrano 9 ft, Pool"},"content":{"rendered":"<p><strong>Billiard Table Gabriels SENTINEL Zebrano , 9 ft &#8211; poolbilliard<img loading=\"lazy\" decoding=\"async\" class=\"alignright\" src=\"https:\/\/www.billiard-pro.cz\/wp-content\/uploads\/2015\/01\/novinkaLogo-300x181.jpg\" alt=\"novinkaLogo-300x181\" width=\"300\" height=\"181\" data-id=\"2950\" \/><img loading=\"lazy\" decoding=\"async\" class=\"alignright\" src=\"https:\/\/www.billiard-pro.cz\/wp-content\/uploads\/2014\/08\/logo-gabriels.jpg\" alt=\"logo-gabriels\" width=\"160\" height=\"49\" data-id=\"2608\" \/><\/strong><\/p>\n<p><strong>Price includes:<\/strong><\/p>\n<p>&nbsp;<\/p>\n<ul>\n<li>pool \u00a0billiard cloth\u00a0<strong><a title=\"Kule\u010dn\u00edkov\u00e9 sukno SIMONIS POOL 760 s dopravou ZDARMA\" href=\"https:\/\/www.billiard-pro.cz\/obchod\/platna-iwan-simonis\/pool-760\/\">Simonis 760\u00a0<\/a><\/strong><\/li>\n<li>choose your<a href=\"https:\/\/www.billiard-pro.cz\/en\/colors-of-clothes-2\/\"> colour<\/a> and type in order note<\/li>\n<\/ul>\n<ul>\n<li>The &#8216;next gen&#8217; version of the Signature Pro pool table, which is considered as one of the best-engineered pool tables ever.<\/li>\n<li>Sentinel is equipped with our own pocket-liners, which have a minimum lifespan of 5 years, even in a commercial environment!<\/li>\n<li>Astro Pro rubbers in K66 profile, an improved steel frame with 20 individual levellers and pocket sizes that are available as per customers request.<\/li>\n<li>3-piece slate, doweled, thickness 30 mm<\/li>\n<li>The top of the line version is finished with Dianite rails, which are impervious to dents, scratches, and cigarette burns (extra surcharge 550,- EUR)<\/li>\n<li>Sentinel tables meet and exceed the specifications as set by EPBF and WPA.<\/li>\n<li>Sentinel is available in following sizes:<\/li>\n<li>2338 x 1169 mm (8-foot)<\/li>\n<li>2540 x 1270 mm (9-foot)<\/li>\n<li>2840 x 1420 mm (10-foot)<\/li>\n<\/ul>\n<p><strong>Availability:<\/strong>\u00a0externally delivery within 15 working days<\/p>\n<p><strong>Producer:<\/strong>\u00a0Gabriels, Netherlands<\/p>\n<p><strong>You can order by phone, E-mail: info@billiard-pro.cz or via E-shop. After receiving your order, we will always contact you by phone or E-mail to more specify \u00a0your requested date and place of delivery and \u00a0your selected colour of SIMONIS cloth.<\/strong><\/p>\n","protected":false},"excerpt":{"rendered":"<p>Billiard Table Gabriels SENTINEL Zebrano , 9 ft &#8211; poolbilliard Price includes: &nbsp; pool \u00a0billiard cloth\u00a0Simonis 760\u00a0 choose your colour and type in order note The &#8216;next gen&#8217; version of the Signature Pro pool table, which is considered as one of the best-engineered pool tables ever. Sentinel is equipped with our own pocket-liners, which have [&hellip;]<\/p>\n","protected":false},"featured_media":5381,"comment_status":"closed","ping_status":"closed","template":"","meta":[],"product_brand":[],"product_cat":[340,342],"product_tag":[],"class_list":{"0":"post-3760","1":"product","2":"type-product","3":"status-publish","4":"has-post-thumbnail","6":"product_cat-billiard-tables","7":"product_cat-pool-billiard-tables","9":"first","10":"instock","11":"shipping-taxable","12":"purchasable","13":"product-type-simple"},"_links":{"self":[{"href":"https:\/\/www.billiard-pro.cz\/en\/wp-json\/wp\/v2\/product\/3760","targetHints":{"allow":["GET"]}}],"collection":[{"href":"https:\/\/www.billiard-pro.cz\/en\/wp-json\/wp\/v2\/product"}],"about":[{"href":"https:\/\/www.billiard-pro.cz\/en\/wp-json\/wp\/v2\/types\/product"}],"replies":[{"embeddable":true,"href":"https:\/\/www.billiard-pro.cz\/en\/wp-json\/wp\/v2\/comments?post=3760"}],"wp:featuredmedia":[{"embeddable":true,"href":"https:\/\/www.billiard-pro.cz\/en\/wp-json\/wp\/v2\/media\/5381"}],"wp:attachment":[{"href":"https:\/\/www.billiard-pro.cz\/en\/wp-json\/wp\/v2\/media?parent=3760"}],"wp:term":[{"taxonomy":"product_brand","embeddable":true,"href":"https:\/\/www.billiard-pro.cz\/en\/wp-json\/wp\/v2\/product_brand?post=3760"},{"taxonomy":"product_cat","embeddable":true,"href":"https:\/\/www.billiard-pro.cz\/en\/wp-json\/wp\/v2\/product_cat?post=3760"},{"taxonomy":"product_tag","embeddable":true,"href":"https:\/\/www.billiard-pro.cz\/en\/wp-json\/wp\/v2\/product_tag?post=3760"}],"curies":[{"name":"wp","href":"https:\/\/api.w.org\/{rel}","templated":true}]}}