{"id":7215,"date":"2015-07-16T22:17:08","date_gmt":"2015-07-16T20:17:08","guid":{"rendered":""},"modified":"2015-07-16T22:41:01","modified_gmt":"2015-07-16T20:41:01","slug":"billiard-cue-cuetec-black-snooker","status":"publish","type":"product","link":"https:\/\/www.billiard-pro.cz\/en\/obchod\/billiard-accessories-3\/cues\/snooker-cues\/billiard-cue-cuetec-black-snooker\/","title":{"rendered":"Billiard Cue Cuetec, black, Snooker"},"content":{"rendered":"<p><strong>Billiard Cue Cuetec, black, Snooker<img loading=\"lazy\" decoding=\"async\" class=\"size-full wp-image-4867 alignright\" src=\"https:\/\/www.billiard-pro.cz\/wp-content\/uploads\/2014\/06\/images-1.jpg\" alt=\"images (1)\" width=\"95\" height=\"62\" \/><\/strong><\/p>\n<ul>\n<li>Clear fiberglass clad over ash wood (dent-resistant)<\/li>\n<li>Brass ferrule 10 mm<\/li>\n<li>10 mm tip<\/li>\n<li>Lacquered butt<\/li>\n<li>No grip<\/li>\n<li>Cue type Play cue<\/li>\n<li>Game type Snooker<\/li>\n<\/ul>\n<p><strong>Available for consultation and direct purchase in our showroom:<\/strong><\/p>\n<p>BC \u0158ipsk\u00e1, \u0158ipsk\u00e1 24, Praha 3<\/p>\n<p><strong>Material:<\/strong>\u00a0 ash wood<\/p>\n<p><strong>Availability:<\/strong>\u00a0In stock delivery within 3 working days<\/p>\n<p><strong>Producer:<\/strong>\u00a0 Cuetec, USA<\/p>\n","protected":false},"excerpt":{"rendered":"<p>Billiard Cue Cuetec, black, Snooker Clear fiberglass clad over ash wood (dent-resistant) Brass ferrule 10 mm 10 mm tip Lacquered butt No grip Cue type Play cue Game type Snooker Available for consultation and direct purchase in our showroom: BC \u0158ipsk\u00e1, \u0158ipsk\u00e1 24, Praha 3 Material:\u00a0 ash wood Availability:\u00a0In stock delivery within 3 working days [&hellip;]<\/p>\n","protected":false},"featured_media":11072,"comment_status":"closed","ping_status":"closed","template":"","meta":[],"product_brand":[],"product_cat":[254,346],"product_tag":[],"class_list":{"0":"post-7215","1":"product","2":"type-product","3":"status-publish","4":"has-post-thumbnail","6":"product_cat-cues","7":"product_cat-snooker-cues","9":"first","10":"onbackorder","11":"shipping-taxable","12":"purchasable","13":"product-type-simple"},"_links":{"self":[{"href":"https:\/\/www.billiard-pro.cz\/en\/wp-json\/wp\/v2\/product\/7215","targetHints":{"allow":["GET"]}}],"collection":[{"href":"https:\/\/www.billiard-pro.cz\/en\/wp-json\/wp\/v2\/product"}],"about":[{"href":"https:\/\/www.billiard-pro.cz\/en\/wp-json\/wp\/v2\/types\/product"}],"replies":[{"embeddable":true,"href":"https:\/\/www.billiard-pro.cz\/en\/wp-json\/wp\/v2\/comments?post=7215"}],"wp:featuredmedia":[{"embeddable":true,"href":"https:\/\/www.billiard-pro.cz\/en\/wp-json\/wp\/v2\/media\/11072"}],"wp:attachment":[{"href":"https:\/\/www.billiard-pro.cz\/en\/wp-json\/wp\/v2\/media?parent=7215"}],"wp:term":[{"taxonomy":"product_brand","embeddable":true,"href":"https:\/\/www.billiard-pro.cz\/en\/wp-json\/wp\/v2\/product_brand?post=7215"},{"taxonomy":"product_cat","embeddable":true,"href":"https:\/\/www.billiard-pro.cz\/en\/wp-json\/wp\/v2\/product_cat?post=7215"},{"taxonomy":"product_tag","embeddable":true,"href":"https:\/\/www.billiard-pro.cz\/en\/wp-json\/wp\/v2\/product_tag?post=7215"}],"curies":[{"name":"wp","href":"https:\/\/api.w.org\/{rel}","templated":true}]}}