{"id":7656,"date":"2015-08-24T17:02:56","date_gmt":"2015-08-24T15:02:56","guid":{"rendered":""},"modified":"2019-08-13T10:47:41","modified_gmt":"2019-08-13T08:47:41","slug":"billiard-cue-hard-case-classic-style-sy-2-red-black-22-85cm","status":"publish","type":"product","link":"https:\/\/www.billiard-pro.cz\/en\/obchod\/billiard-accessories-3\/cue-tube-cue-bag-cue-case\/billiard-cue-hard-case-classic-style-sy-2-red-black-22-85cm\/","title":{"rendered":"Billiard Cue Hard Case Classic Style SY-2, red-black, 2\/2, 85cm"},"content":{"rendered":"<p><b>BILLIARD CUE HARD CASE CLASSIC STYLE SY-2 &#8211; 85 CM &#8211; 2\/2<\/b><\/p>\n<ul>\n<li>Quality Hard Cue Case<\/li>\n<li>Good Cue Protection of pool or pyramid cue<\/li>\n<li><strong>Holds 2 Butt \/ 2 Shafts<\/strong><\/li>\n<li>Satin Lined Interior<\/li>\n<li>Good Value for Money<\/li>\n<li>Modern design<\/li>\n<li>An adjustable and cushioned shoulder strap on side<\/li>\n<li>with one accessory bag in XXL size to offer space for your whole equipment (suitable for jump-butts)<\/li>\n<li>Protects your cue against hits<strong>Important Information:<\/strong>Due to the utilization of natural materials and the deviant colour modes on screens, slightly colour differences can not be excluded<\/li>\n<\/ul>\n<p>&nbsp;<\/p>\n<p><strong>Available for consultation and direct purchase in our showroom:<\/strong><\/p>\n<p>BC \u0158ipsk\u00e1, \u0158ipsk\u00e1 24, Praha 3<\/p>\n<p><strong>Material:<\/strong>\u00a0natural material, black\/red combination, \u00a0padding inside<\/p>\n<p><strong>Manufacturer<\/strong>: Classic Billiard<\/p>\n<p><strong>Availability:<\/strong>\u00a0In stock delivery within 3 working days<\/p>\n","protected":false},"excerpt":{"rendered":"<p>BILLIARD CUE HARD CASE CLASSIC STYLE SY-2 &#8211; 85 CM &#8211; 2\/2 Quality Hard Cue Case Good Cue Protection of pool or pyramid cue Holds 2 Butt \/ 2 Shafts Satin Lined Interior Good Value for Money Modern design An adjustable and cushioned shoulder strap on side with one accessory bag in XXL size to [&hellip;]<\/p>\n","protected":false},"featured_media":12985,"comment_status":"closed","ping_status":"closed","template":"","meta":[],"product_brand":[],"product_cat":[252,276],"product_tag":[],"class_list":{"0":"post-7656","1":"product","2":"type-product","3":"status-publish","4":"has-post-thumbnail","6":"product_cat-billiard-accessories-3","7":"product_cat-cue-tube-cue-bag-cue-case","9":"first","10":"instock","11":"shipping-taxable","12":"purchasable","13":"product-type-simple"},"_links":{"self":[{"href":"https:\/\/www.billiard-pro.cz\/en\/wp-json\/wp\/v2\/product\/7656","targetHints":{"allow":["GET"]}}],"collection":[{"href":"https:\/\/www.billiard-pro.cz\/en\/wp-json\/wp\/v2\/product"}],"about":[{"href":"https:\/\/www.billiard-pro.cz\/en\/wp-json\/wp\/v2\/types\/product"}],"replies":[{"embeddable":true,"href":"https:\/\/www.billiard-pro.cz\/en\/wp-json\/wp\/v2\/comments?post=7656"}],"wp:featuredmedia":[{"embeddable":true,"href":"https:\/\/www.billiard-pro.cz\/en\/wp-json\/wp\/v2\/media\/12985"}],"wp:attachment":[{"href":"https:\/\/www.billiard-pro.cz\/en\/wp-json\/wp\/v2\/media?parent=7656"}],"wp:term":[{"taxonomy":"product_brand","embeddable":true,"href":"https:\/\/www.billiard-pro.cz\/en\/wp-json\/wp\/v2\/product_brand?post=7656"},{"taxonomy":"product_cat","embeddable":true,"href":"https:\/\/www.billiard-pro.cz\/en\/wp-json\/wp\/v2\/product_cat?post=7656"},{"taxonomy":"product_tag","embeddable":true,"href":"https:\/\/www.billiard-pro.cz\/en\/wp-json\/wp\/v2\/product_tag?post=7656"}],"curies":[{"name":"wp","href":"https:\/\/api.w.org\/{rel}","templated":true}]}}