{"id":8237,"date":"2016-02-25T12:52:05","date_gmt":"2016-02-25T11:52:05","guid":{"rendered":""},"modified":"2018-09-11T14:09:13","modified_gmt":"2018-09-11T12:09:13","slug":"laperti-round-cue-tube-black-1b-1s","status":"publish","type":"product","link":"https:\/\/www.billiard-pro.cz\/en\/obchod\/billiard-accessories-3\/cue-tube-cue-bag-cue-case\/laperti-round-cue-tube-black-1b-1s\/","title":{"rendered":"Laperti Round Cue Tube Black 1B- 1S"},"content":{"rendered":"<p><strong>LAPERTI ROUND CUE TUBE BLACK 1B-1S<\/strong><\/p>\n<ul>\n<li>Quality Round Cue Tube<\/li>\n<li>Good Cue Protection<\/li>\n<li><strong>Holds 1 Butt \/ 1 Shaft<\/strong><\/li>\n<li>Leatherette Exterior<\/li>\n<li>Padded interior<\/li>\n<li>Shoulder Strap with\u00a0adjustable length<\/li>\n<li>Good Value for Money<\/li>\n<\/ul>\n<p><strong>Available for consultation and direct purchase in our showroom:<\/strong><\/p>\n<p>BC \u0158ipsk\u00e1, \u0158ipsk\u00e1 24, Praha 3<\/p>\n<p><strong>Material:<\/strong>\u00a0synthetic leather, lightweight, padding inside<\/p>\n<p><strong>Manufacturer<\/strong>: Laperti Cues<\/p>\n<p><strong>Availability:<\/strong>\u00a0In stock<\/p>\n","protected":false},"excerpt":{"rendered":"<p>LAPERTI ROUND CUE TUBE BLACK 1B-1S Quality Round Cue Tube Good Cue Protection Holds 1 Butt \/ 1 Shaft Leatherette Exterior Padded interior Shoulder Strap with\u00a0adjustable length Good Value for Money Available for consultation and direct purchase in our showroom: BC \u0158ipsk\u00e1, \u0158ipsk\u00e1 24, Praha 3 Material:\u00a0synthetic leather, lightweight, padding inside Manufacturer: Laperti Cues Availability:\u00a0In [&hellip;]<\/p>\n","protected":false},"featured_media":8240,"comment_status":"open","ping_status":"closed","template":"","meta":[],"product_brand":[],"product_cat":[252,276],"product_tag":[],"class_list":{"0":"post-8237","1":"product","2":"type-product","3":"status-publish","4":"has-post-thumbnail","6":"product_cat-billiard-accessories-3","7":"product_cat-cue-tube-cue-bag-cue-case","9":"first","10":"instock","11":"shipping-taxable","12":"purchasable","13":"product-type-simple"},"_links":{"self":[{"href":"https:\/\/www.billiard-pro.cz\/en\/wp-json\/wp\/v2\/product\/8237","targetHints":{"allow":["GET"]}}],"collection":[{"href":"https:\/\/www.billiard-pro.cz\/en\/wp-json\/wp\/v2\/product"}],"about":[{"href":"https:\/\/www.billiard-pro.cz\/en\/wp-json\/wp\/v2\/types\/product"}],"replies":[{"embeddable":true,"href":"https:\/\/www.billiard-pro.cz\/en\/wp-json\/wp\/v2\/comments?post=8237"}],"wp:featuredmedia":[{"embeddable":true,"href":"https:\/\/www.billiard-pro.cz\/en\/wp-json\/wp\/v2\/media\/8240"}],"wp:attachment":[{"href":"https:\/\/www.billiard-pro.cz\/en\/wp-json\/wp\/v2\/media?parent=8237"}],"wp:term":[{"taxonomy":"product_brand","embeddable":true,"href":"https:\/\/www.billiard-pro.cz\/en\/wp-json\/wp\/v2\/product_brand?post=8237"},{"taxonomy":"product_cat","embeddable":true,"href":"https:\/\/www.billiard-pro.cz\/en\/wp-json\/wp\/v2\/product_cat?post=8237"},{"taxonomy":"product_tag","embeddable":true,"href":"https:\/\/www.billiard-pro.cz\/en\/wp-json\/wp\/v2\/product_tag?post=8237"}],"curies":[{"name":"wp","href":"https:\/\/api.w.org\/{rel}","templated":true}]}}