{"id":8505,"date":"2016-04-13T11:23:04","date_gmt":"2016-04-13T09:23:04","guid":{"rendered":"http:\/\/www.billiard-pro.cz\/en\/obchod\/billiard-balls-aramith-3\/loose-aramith-premier-white-carom-ball-603-mm\/"},"modified":"2024-10-22T11:41:06","modified_gmt":"2024-10-22T09:41:06","slug":"loose-aramith-premier-blue-carom-ball-603-mm-2","status":"publish","type":"product","link":"https:\/\/www.billiard-pro.cz\/en\/obchod\/billiard-balls-aramith-3\/pool-balls\/loose-aramith-premier-blue-carom-ball-603-mm-2\/","title":{"rendered":"Loose Aramith Premier white pool ball 57,2 mm"},"content":{"rendered":"<p><strong>Loose ball\u00a0 pool Aramith Premier 57,2 mm white<img decoding=\"async\" class=\"alignright\" src=\"https:\/\/www.billiard-pro.cz\/wp-content\/uploads\/2013\/09\/aramith-logo.jpg\" alt=\"Aramith\" \/><\/strong><\/p>\n<ul>\n<li>Aramith Unique Phenolic Resin<\/li>\n<li>High Impact Resistance<\/li>\n<li>Perfectly Rounded and Balanced<\/li>\n<li>Prolonged Longevity<\/li>\n<li>Lengthens Cloth Life<\/li>\n<li>High Quality Standards<\/li>\n<li>Money Saving Investment<\/li>\n<li>This loose blue carom ball is made from unique phenolic resin<\/li>\n<li>Designed in the Aramith laboratories<\/li>\n<li>Reducing table cloth wear and lengthening cloth life!<\/li>\n<li>Tests show Aramith phenolic balls withstand over 50 times more impacts than polyester balls<\/li>\n<li>They are also twice more scratch-resistant<\/li>\n<\/ul>\n<p>To clean, use<a title=\"\u010cisti\u010d kule\u010dn\u00edkov\u00fdch koul\u00ed Aramith ball cleaner \u2013 1 lahev \u2013 250 ml\" href=\"https:\/\/www.billiard-pro.cz\/obchod\/koule-aramith\/aramith-ball-cleaner-roztok-na-cisteni-kouli-1-lahev-250-ml\/\">\u00a0Aramith ball \u00a0Cleaner\u00a0<\/a><\/p>\n<p><strong>Producer<\/strong>: SALUC\/ARAMITH, Belgium<\/p>\n<p><strong>Availability:<\/strong>\u00a0In stock delivery within 3 working days<\/p>\n","protected":false},"excerpt":{"rendered":"<p>Loose ball\u00a0 pool Aramith Premier 57,2 mm white Aramith Unique Phenolic Resin High Impact Resistance Perfectly Rounded and Balanced Prolonged Longevity Lengthens Cloth Life High Quality Standards Money Saving Investment This loose blue carom ball is made from unique phenolic resin Designed in the Aramith laboratories Reducing table cloth wear and lengthening cloth life! Tests [&hellip;]<\/p>\n","protected":false},"featured_media":14544,"comment_status":"closed","ping_status":"closed","template":"","meta":[],"product_brand":[],"product_cat":[278,389],"product_tag":[],"class_list":{"0":"post-8505","1":"product","2":"type-product","3":"status-publish","4":"has-post-thumbnail","6":"product_cat-billiard-balls-aramith-3","7":"product_cat-pool-balls","9":"first","10":"instock","11":"shipping-taxable","12":"purchasable","13":"product-type-simple"},"_links":{"self":[{"href":"https:\/\/www.billiard-pro.cz\/en\/wp-json\/wp\/v2\/product\/8505","targetHints":{"allow":["GET"]}}],"collection":[{"href":"https:\/\/www.billiard-pro.cz\/en\/wp-json\/wp\/v2\/product"}],"about":[{"href":"https:\/\/www.billiard-pro.cz\/en\/wp-json\/wp\/v2\/types\/product"}],"replies":[{"embeddable":true,"href":"https:\/\/www.billiard-pro.cz\/en\/wp-json\/wp\/v2\/comments?post=8505"}],"wp:featuredmedia":[{"embeddable":true,"href":"https:\/\/www.billiard-pro.cz\/en\/wp-json\/wp\/v2\/media\/14544"}],"wp:attachment":[{"href":"https:\/\/www.billiard-pro.cz\/en\/wp-json\/wp\/v2\/media?parent=8505"}],"wp:term":[{"taxonomy":"product_brand","embeddable":true,"href":"https:\/\/www.billiard-pro.cz\/en\/wp-json\/wp\/v2\/product_brand?post=8505"},{"taxonomy":"product_cat","embeddable":true,"href":"https:\/\/www.billiard-pro.cz\/en\/wp-json\/wp\/v2\/product_cat?post=8505"},{"taxonomy":"product_tag","embeddable":true,"href":"https:\/\/www.billiard-pro.cz\/en\/wp-json\/wp\/v2\/product_tag?post=8505"}],"curies":[{"name":"wp","href":"https:\/\/api.w.org\/{rel}","templated":true}]}}