{"id":3086,"date":"2013-08-12T19:40:54","date_gmt":"2013-08-12T17:40:54","guid":{"rendered":"http:\/\/localhost\/iwansimonis\/uvod\/"},"modified":"2025-02-03T11:50:35","modified_gmt":"2025-02-03T10:50:35","slug":"uvod","status":"publish","type":"page","link":"https:\/\/www.billiard-pro.cz\/sk\/","title":{"rendered":"\u00davod"},"content":{"rendered":"<h1 style=\"text-align: center;\">Vitajte v na\u0161om e-shope so zna\u010dkov\u00fdm biliardov\u00fdm tovarom.<\/h1>\n<div class=\"row\">\n<div class=\"ctvrt\" style=\"text-align: center;\"><a href=\"\/sk\/kategorie-produktu\/biliardova-sukna-simonis\/\"><img decoding=\"async\" class=\"size-full wp-image-2102\" src=\"https:\/\/www.billiard-pro.cz\/wp-content\/uploads\/2013\/08\/home-1.jpg\" alt=\"home-1\" data-id=\"2102\" \/><\/a><br \/>\n<a style=\"font-size: 18px;\" href=\"\/sk\/kategorie-produktu\/biliardova-sukna-simonis\/\">IWAN SIMONIS s\u00fakna<\/a><br \/>\nK\u00fapte si s\u00fakna belgickej kvality!<\/div>\n<div class=\"ctvrt\" style=\"text-align: center;\"><a href=\"\/sk\/kategorie-produktu\/biliardove-gule-aramith\/\"><img decoding=\"async\" class=\"size-full wp-image-2103\" src=\"https:\/\/www.billiard-pro.cz\/wp-content\/uploads\/2013\/08\/home-2.jpg\" alt=\"home-2\" data-id=\"2103\" \/><\/a><br \/>\n<a style=\"font-size: 18px;\" href=\"\/sk\/kategorie-produktu\/biliardove-gule-aramith\/\">ARAMITH gu\u013ee<\/a><br \/>\nVyberte zo \u0161irokej ponuky!<\/div>\n<div class=\"ctvrt\" style=\"text-align: center;\"><a href=\"\/sk\/kategorie-produktu\/billiardove-potreby\/\"><img decoding=\"async\" class=\"size-full wp-image-2104\" src=\"https:\/\/www.billiard-pro.cz\/wp-content\/uploads\/2013\/08\/home-3.jpg\" alt=\"home-3\" data-id=\"2104\" \/><\/a><br \/>\n<a style=\"font-size: 18px;\" href=\"\/sk\/kategorie-produktu\/billiardove-potreby\/\">Biliardov\u00e9 potreby a \u0161\u00edpky<\/a><br \/>\nPre amat\u00e9rov i profesion\u00e1lov!<\/div>\n<div class=\"ctvrt\" style=\"text-align: center;\"><a href=\"\/sk\/kontakt\/\"><img decoding=\"async\" class=\"alignleft size-full wp-image-2105\" src=\"https:\/\/www.billiard-pro.cz\/wp-content\/uploads\/2013\/08\/home-4.jpg\" alt=\"home-4\" data-id=\"2105\" \/><\/a><br \/>\n<a style=\"font-size: 18px;\" href=\"\/sk\/kontakt\/\">Klubov\u00e1 predaj\u0148a<\/a><br \/>\nNav\u0161t\u00edvte n\u00e1s osobne!<\/div>\n<\/div>\n<div style=\"padding: 5px; background-color: #ebf3f0; border: 1px solid #398567; margin: 20px 0;\">\n<h2 style=\"text-align: center; color: #000; font-size: 20px; font-weight: bold; padding-bottom: 5px;\">Biliardov\u00e9 s\u00fakno a biliardov\u00e9 gule s\u00fa najd\u00f4le\u017eitej\u0161ou s\u00fa\u010das\u0165ou v\u00e1\u0161ho stola!<\/h2>\n<div class=\"row\">\n<div class=\"pul\">\n<h4>Vedeli ste, \u017ee IWAN SIMONIS:<\/h4>\n<ul>\n<li>je tesne tkan\u00e9 a prec\u00edzne \u010desan\u00e9 s\u00fakno z v\u00fdberovej jemnej vlnenej priadze<\/li>\n<li>je s\u00fakno, ktor\u00e9 br\u00e1ni ne\u017eiad\u00facemu vplyvu na rot\u00e1ciu gule<\/li>\n<li>poskytuje presn\u00fa a bezchybn\u00fa hraciu plochu<\/li>\n<li>je odoln\u00e9 vo\u010di oderu, natrhnutiu, \u0161kvrn\u00e1m a po\u0161kodeniu<\/li>\n<li>je mimoriadne trvanliv\u00e9 a m\u00e1 3x dlh\u0161iu \u017eivotnos\u0165 ako in\u00e9 s\u00fakna<\/li>\n<li>je biliardov\u00e9 s\u00fakno \u0161ampi\u00f3nov<\/li>\n<li>\u0161etr\u00ed va\u0161e prev\u00e1dzkov\u00e9 n\u00e1klady<\/li>\n<li>je st\u00e1lofarebn\u00e9<\/li>\n<\/ul>\n<\/div>\n<div class=\"pul\">\n<h4>Vedeli ste, \u017ee ARAMITH:<\/h4>\n<ul>\n<li>s\u00fa biliardov\u00e9 gule vyroben\u00e9 unik\u00e1tnou technol\u00f3giou z fenolovej \u017eivice<\/li>\n<li>vydr\u017e\u00ed a\u017e 5x dlh\u0161ie ako gule vyroben\u00e9 z polyesteru<\/li>\n<li>s\u00fa garantovan\u00e9 rovnak\u00e9 hmotnosti v r\u00e1mci sady<\/li>\n<li>ka\u017ed\u00e1 gu\u013ea je ru\u010dne kontrolovan\u00e1 predt\u00fdm ne\u017e opust\u00ed tov\u00e1re\u0148<\/li>\n<li>pou\u017e\u00edvaj\u00fa sa prakticky na v\u0161etk\u00fdch turnajoch po celom svete<\/li>\n<li>s\u00fa mimoriadne hladk\u00e9 a leskl\u00e9<\/li>\n<li>s\u00fa odoln\u00e9 proti opotrebeniu<\/li>\n<li>80% biliardov\u00fdch g\u00fal\u00b4 pou\u017e\u00edvan\u00fdch na celom svete poch\u00e1dza z v\u00fdroby spolo\u010dnosti Saluc \/ ARAMITH<\/li>\n<\/ul>\n<\/div>\n<\/div>\n<\/div>\n<p style=\"text-align: center;\">V\u0161etko o <a href=\"\/sk\/kategorie-produktu\/biliardova-sukna-simonis\/\">s\u00fakne SIMONIS<\/a>, <a href=\"\/sk\/kategorie-produktu\/biliardove-gule-aramith\/\">guliach ARAMITH<\/a> a \u010fal\u0161\u00edch <a href=\"\/sk\/kategorie-produktu\/billiardove-potreby\/\">zna\u010dkov\u00fdch potreb\u00e1ch<\/a> n\u00e1jdete na na\u0161ich webov\u00fdch str\u00e1nkach.<\/p>\n<p style=\"text-align: center;\">Zna\u010dky, ktor\u00e9 prezentujeme a pon\u00fakame na predaj dobre pozn\u00e1me a pou\u017e\u00edvame viac ako 30 rokov <a href=\"http:\/\/www.billiard-ripska.cz\/\" target=\"_blank\" rel=\"noopener noreferrer\">v na\u0161om biliardovom klube<\/a>.<\/p>\n<p style=\"text-align: center;\">Neuspokojte sa s napodobeninou a nakupujte kvalitu.<\/p>\n<p style=\"text-align: center;\"><strong>Na\u0161a spolo\u010dnos\u0165 je dr\u017eite\u013eom Certifik\u00e1tu D\u00f4veryhodn\u00e1 Firma.<\/strong><\/p>\n<p style=\"text-align: center;\"><img loading=\"lazy\" decoding=\"async\" class=\"aligncenter size-full wp-image-2940\" src=\"https:\/\/www.billiard-pro.cz\/wp-content\/uploads\/2013\/08\/pieczec.png\" alt=\"pieczec\" width=\"200\" height=\"107\" data-id=\"2940\" srcset=\"https:\/\/www.billiard-pro.cz\/wp-content\/uploads\/2013\/08\/pieczec.png 200w, https:\/\/www.billiard-pro.cz\/wp-content\/uploads\/2013\/08\/pieczec-148x79.png 148w, https:\/\/www.billiard-pro.cz\/wp-content\/uploads\/2013\/08\/pieczec-31x16.png 31w, https:\/\/www.billiard-pro.cz\/wp-content\/uploads\/2013\/08\/pieczec-38x20.png 38w\" sizes=\"auto, (max-width: 200px) 100vw, 200px\" \/><\/p>\n<p style=\"text-align: center;\"><span class=\"jCAhz ChMk0b\"><span class=\"ryNqvb\">Podporujeme biliardov\u00fd \u0161port a tr\u00e9ning mlad\u00fdch talentov. <\/span><\/span><\/p>\n<p style=\"text-align: center;\"><span class=\"jCAhz ChMk0b\"><span class=\"ryNqvb\">Z\u013eava pre \u0161tudentov <a href=\"https:\/\/www.pushoutsports.com\/contact\">Pushout Sports<\/a> 10% na vybran\u00fd tovar z na\u0161ej ponuky!<\/span><\/span><\/p>\n<p style=\"text-align: center;\">Prihl\u00e1ste sa do biliardovej \u0161koly <a href=\"https:\/\/www.pushoutsports.com\/contact\">Pushout Sports<\/a> Praha pod veden\u00edm Calvina Washburna!<\/p>\n<p>&nbsp;<\/p>\n<p style=\"text-align: center;\"><a href=\"https:\/\/www.pushoutsports.com\"><img loading=\"lazy\" decoding=\"async\" class=\"aligncenter size-medium wp-image-17247\" src=\"https:\/\/www.billiard-pro.cz\/wp-content\/uploads\/2025\/02\/PUSHOUT-ProfilImage-A-300x300.png\" alt=\"\" width=\"300\" height=\"300\" srcset=\"https:\/\/www.billiard-pro.cz\/wp-content\/uploads\/2025\/02\/PUSHOUT-ProfilImage-A-300x300.png 300w, https:\/\/www.billiard-pro.cz\/wp-content\/uploads\/2025\/02\/PUSHOUT-ProfilImage-A-150x150.png 150w, https:\/\/www.billiard-pro.cz\/wp-content\/uploads\/2025\/02\/PUSHOUT-ProfilImage-A-100x100.png 100w, https:\/\/www.billiard-pro.cz\/wp-content\/uploads\/2025\/02\/PUSHOUT-ProfilImage-A.png 320w\" sizes=\"auto, (max-width: 300px) 100vw, 300px\" \/><\/a><\/p>\n","protected":false},"excerpt":{"rendered":"<p>Vitajte v na\u0161om e-shope so zna\u010dkov\u00fdm biliardov\u00fdm tovarom. IWAN SIMONIS s\u00fakna K\u00fapte si s\u00fakna belgickej kvality! ARAMITH gu\u013ee Vyberte zo \u0161irokej ponuky! Biliardov\u00e9 potreby a \u0161\u00edpky Pre amat\u00e9rov i profesion\u00e1lov! Klubov\u00e1 predaj\u0148a Nav\u0161t\u00edvte n\u00e1s osobne! Biliardov\u00e9 s\u00fakno a biliardov\u00e9 gule s\u00fa najd\u00f4le\u017eitej\u0161ou s\u00fa\u010das\u0165ou v\u00e1\u0161ho stola! Vedeli ste, \u017ee IWAN SIMONIS: je tesne tkan\u00e9 a prec\u00edzne [&hellip;]<\/p>\n","protected":false},"author":2,"featured_media":0,"parent":0,"menu_order":0,"comment_status":"closed","ping_status":"closed","template":"","meta":{"footnotes":""},"class_list":["post-3086","page","type-page","status-publish","hentry"],"_links":{"self":[{"href":"https:\/\/www.billiard-pro.cz\/sk\/wp-json\/wp\/v2\/pages\/3086","targetHints":{"allow":["GET"]}}],"collection":[{"href":"https:\/\/www.billiard-pro.cz\/sk\/wp-json\/wp\/v2\/pages"}],"about":[{"href":"https:\/\/www.billiard-pro.cz\/sk\/wp-json\/wp\/v2\/types\/page"}],"author":[{"embeddable":true,"href":"https:\/\/www.billiard-pro.cz\/sk\/wp-json\/wp\/v2\/users\/2"}],"replies":[{"embeddable":true,"href":"https:\/\/www.billiard-pro.cz\/sk\/wp-json\/wp\/v2\/comments?post=3086"}],"version-history":[{"count":5,"href":"https:\/\/www.billiard-pro.cz\/sk\/wp-json\/wp\/v2\/pages\/3086\/revisions"}],"predecessor-version":[{"id":17270,"href":"https:\/\/www.billiard-pro.cz\/sk\/wp-json\/wp\/v2\/pages\/3086\/revisions\/17270"}],"wp:attachment":[{"href":"https:\/\/www.billiard-pro.cz\/sk\/wp-json\/wp\/v2\/media?parent=3086"}],"curies":[{"name":"wp","href":"https:\/\/api.w.org\/{rel}","templated":true}]}}