{"id":3089,"date":"2013-08-12T21:02:38","date_gmt":"2013-08-12T21:02:38","guid":{"rendered":"http:\/\/localhost\/iwansimonis\/navody-a-tipy\/"},"modified":"2013-08-12T21:02:38","modified_gmt":"2013-08-12T21:02:38","slug":"navody-a-tipy","status":"publish","type":"page","link":"https:\/\/www.billiard-pro.cz\/sk\/navody-a-tipy\/","title":{"rendered":"N\u00e1vody a tipy"},"content":{"rendered":"<p><strong>N\u00c1VODY A \u010eAL\u0160IE ZAUJ\u00cdMAV\u00c9 INFORM\u00c1CIE O PON\u00daKAN\u00ddCH PRODUKTOV ( ALEBO \u010cO SA INAM NEZMESTILO , ALE MOHLO BY V\u00c1S ZAUJ\u00cdMA\u0164 )<\/strong><\/p>\n<p>V tejto sekcii pon\u00fakame sp\u00fasty zauj\u00edmav\u00fdch inform\u00e1ci\u00ed o hist\u00f3rii gule\u010dn\u00edkov\u00e9 hry, pravidl\u00e1ch biliardu a najm\u00e4 o produktoch z na\u0161ej internetovej ponuky. N\u00e1jdete tu n\u00e1vody na spr\u00e1vny v\u00fdpo\u010det spotreby biliardov\u00e9ho s\u00fakna, av\u0161ak POZO, m\u00f4\u017eu tu by\u0165 odch\u00fdlky v spotrebe s\u00fakna pod\u013ea jednotliv\u00fdch druhov stolov a pou\u017eit\u00e9 bridlice. Toto je len orienta\u010dn\u00e1 n\u00e1vod, ktor\u00fd v\u00e1m posl\u00fa\u017ei pre lep\u0161iu predstavu.<\/p>\n<p>N\u00e1jdete tu tie\u017e pokyny na in\u0161tal\u00e1ciu s\u00fakna SIMONIS ak jeho \u010distenie ( revolu\u010dn\u00e9 X 1 ) pre zachovanie ve\u013emi dlhej \u017eivotnosti. \u010ealej sa dozviete ako bezpe\u010dne spozn\u00e1te origin\u00e1l s\u00fakno SIMONIS a \u010fal\u0161ie zauj\u00edmav\u00e9 inform\u00e1cie.<\/p>\n<p>Kto m\u00e1 \u010das a z\u00e1ujem si pre\u010d\u00edta\u0165 v\u0161etko o ve\u013emi zauj\u00edmav\u00e9 a dlhej hist\u00f3rii spolo\u010dnosti Iwan Simonis a unik\u00e1tny v\u00fdrobe suken SIMONIS, kliknite na hlavnej str\u00e1nke na vodorovnej li\u0161te umiestnen\u00fd odkaz <a title=\"O SPOLE\u010cNOSTI SIMONIS A SIMONIS SUKNECH\" href=\"https:\/\/www.billiard-pro.cz\/iwan-simonis\/o-spolecnosti-simonis-a-simonis-platnech\/\">&#8220; O IWAN SIMONIS &#8222;<\/a><\/p>\n<p>Ak nen\u00e1jdete inform\u00e1ciu k n\u00e1\u0161mu pon\u00fakan\u00e9mu sortimentu, ktor\u00fa pr\u00e1ve h\u013ead\u00e1te, nev\u00e1hajte n\u00e1s kontaktova\u0165 prostredn\u00edctvom on &#8211; line chat okienka vpravo dole alebo telefonicky alebo E &#8211; mailom.<\/p>\n<p>Nebojte sa op\u00fdta\u0165 . Sme tu pre v\u00e1s a radi sa podel\u00edme o svoje sk\u00fasenosti a vedomosti .<\/p>\n","protected":false},"excerpt":{"rendered":"<p>N\u00c1VODY A \u010eAL\u0160IE ZAUJ\u00cdMAV\u00c9 INFORM\u00c1CIE O PON\u00daKAN\u00ddCH PRODUKTOV ( ALEBO \u010cO SA INAM NEZMESTILO , ALE MOHLO BY V\u00c1S ZAUJ\u00cdMA\u0164 ) V tejto sekcii pon\u00fakame sp\u00fasty zauj\u00edmav\u00fdch inform\u00e1ci\u00ed o hist\u00f3rii gule\u010dn\u00edkov\u00e9 hry, pravidl\u00e1ch biliardu a najm\u00e4 o produktoch z na\u0161ej internetovej ponuky. N\u00e1jdete tu n\u00e1vody na spr\u00e1vny v\u00fdpo\u010det spotreby biliardov\u00e9ho s\u00fakna, av\u0161ak POZO, m\u00f4\u017eu tu [&hellip;]<\/p>\n","protected":false},"author":2,"featured_media":0,"parent":0,"menu_order":0,"comment_status":"closed","ping_status":"closed","template":"","meta":{"footnotes":""},"class_list":["post-3089","page","type-page","status-publish","hentry"],"_links":{"self":[{"href":"https:\/\/www.billiard-pro.cz\/sk\/wp-json\/wp\/v2\/pages\/3089","targetHints":{"allow":["GET"]}}],"collection":[{"href":"https:\/\/www.billiard-pro.cz\/sk\/wp-json\/wp\/v2\/pages"}],"about":[{"href":"https:\/\/www.billiard-pro.cz\/sk\/wp-json\/wp\/v2\/types\/page"}],"author":[{"embeddable":true,"href":"https:\/\/www.billiard-pro.cz\/sk\/wp-json\/wp\/v2\/users\/2"}],"replies":[{"embeddable":true,"href":"https:\/\/www.billiard-pro.cz\/sk\/wp-json\/wp\/v2\/comments?post=3089"}],"version-history":[{"count":0,"href":"https:\/\/www.billiard-pro.cz\/sk\/wp-json\/wp\/v2\/pages\/3089\/revisions"}],"wp:attachment":[{"href":"https:\/\/www.billiard-pro.cz\/sk\/wp-json\/wp\/v2\/media?parent=3089"}],"curies":[{"name":"wp","href":"https:\/\/api.w.org\/{rel}","templated":true}]}}