{"id":3092,"date":"2013-08-12T21:02:51","date_gmt":"2013-08-12T19:02:51","guid":{"rendered":"http:\/\/localhost\/iwansimonis\/kontakt-2\/"},"modified":"2025-02-03T13:23:23","modified_gmt":"2025-02-03T12:23:23","slug":"kontakt-2","status":"publish","type":"page","link":"https:\/\/www.billiard-pro.cz\/sk\/kontakt-2\/","title":{"rendered":"Kontakt"},"content":{"rendered":"<div class=\"row\">\n<div class=\"pul\">\n<h3>Kamenn\u00e1 predej\u0148a<\/h3>\n<p>(tak\u00e9 v\u00fddej objedn\u00e1vek z E-shopu)<br \/>\nBilliard Club \u0158ipsk\u00e1<\/p>\n<p><a href=\"http:\/\/www.google.cz\/maps\/place\/Billiard+club+-+\u0158ipsk\u00e1\/@50.076711,14.452582,17z\/data=!3m1!4b1!4m2!3m1!1s0x470b9482b388ad01:0xe31e24470479d7ee?hl=cs\"> (mapa)<\/a><br \/>\n\u0158ipsk\u00e1 547\/24<br \/>\n130 00 Praha 3<br \/>\n\u010cesk\u00e1 republika<\/p>\n<p><strong>E-mail:<\/strong>\u00a0<a href=\"mailto:info@billiard-pro.cz\">info@billiard-pro.cz<\/a><br \/>\n<strong>Tel.:<\/strong>\u00a0 +420 606 766 132<br \/>\n<strong>Prev\u00e1dzkov\u00e1 doba her\u0148a :<\/strong> denne 13-01 hodin<\/p>\n<p><strong>Rezerv\u00e1cia biliardov\u00fdch stolov klub:<\/strong> + 420 602 444 532<\/p>\n<p><strong>Prev\u00e1dzkov\u00e1 doba predaj\u0148a :<\/strong> denne 13-22 hodin<\/p>\n<p><a href=\"https:\/\/www.pushoutsports.com\"><strong>Pushout Sports<\/strong><\/a> &#8211; tr\u00e9ninkov\u00e1 \u0161kola Calvina Washburna:<\/p>\n<p><strong>E-mail:<\/strong> rcmwashburn@gmail.com<\/p>\n<p><strong>Tel.:<\/strong> +420 601 537 033<\/p>\n<\/div>\n<div class=\"pul\"><a href=\"http:\/\/www.billiard-ripska.cz\"><img loading=\"lazy\" decoding=\"async\" class=\"size-full wp-image-4800 alignright\" src=\"https:\/\/www.billiard-pro.cz\/wp-content\/uploads\/2014\/05\/10352791_10202652905537808_4709445922467580151_n.jpg\" alt=\"Billiard \u0158ipsk\u00e1\" width=\"314\" height=\"209\" data-id=\"2253\" srcset=\"https:\/\/www.billiard-pro.cz\/wp-content\/uploads\/2014\/05\/10352791_10202652905537808_4709445922467580151_n.jpg 314w, https:\/\/www.billiard-pro.cz\/wp-content\/uploads\/2014\/05\/10352791_10202652905537808_4709445922467580151_n-300x200.jpg 300w\" sizes=\"auto, (max-width: 314px) 100vw, 314px\" \/><\/a><\/div>\n<\/div>\n<p><!--row --><\/p>\n<div class=\"row\">\n<div class=\"pul\">\n<h2>Kadia\u013e k n\u00e1m?<\/h2>\n<p>Metrom (Linka A) alebo elektri\u010dkou \u010d. 11 do stanice \u201cN\u00e1mestie Ji\u0159\u00edho z Pod\u011bbrad\u201d a potom k n\u00e1m d\u00f4js\u0165 150 metrov pozd\u013a\u017e n\u00e1mest\u00ed pe\u0161o. Elektri\u010dkou \u010d 10 alebo 16 do stanice \u201cVinohradsk\u00e1 vod\u00e1re\u0148\u201d alebo \u201cPerunova\u201d. \u0158ipsk\u00e1 ulice sa nach\u00e1dza medzi t\u00fdmito stanicami a je kolm\u00e1 na ulici Korunn\u00ed, po ktorej ved\u00fa trasy t\u00fdchto elektri\u010diek.<\/p>\n<\/div>\n<div class=\"pul\"><iframe loading=\"lazy\" style=\"border: 0; width: 100%;\" src=\"https:\/\/www.google.com\/maps\/embed?pb=!1m14!1m8!1m3!1d2560.511422859438!2d14.452582000000001!3d50.076710999999996!3m2!1i1024!2i768!4f13.1!3m3!1m2!1s0x470b9482b388ad01%3A0xe31e24470479d7ee!2sBilliard+club+-+%C5%98ipsk%C3%A1!5e0!3m2!1scs!2scz!4v1431257932113\" width=\"300\" height=\"300\" frameborder=\"0\"><\/iframe><\/div>\n<\/div>\n<p><!-- row --><\/p>\n<div class=\"row\">\n<div class=\"tretina\">\n<h3>Faktura\u010dn\u00e9 \u00fadaje<\/h3>\n<p>Regest Centrum, s.r.o.<br \/>\nZ\u00e1lepsk\u00e1 138<br \/>\n252 41 Doln\u00ed B\u0159e\u017eany-Lhota<br \/>\n\u010cesk\u00e1 republika<\/p>\n<p><strong>I\u010cO: \u00a0 \u00a0<\/strong>27898709<\/p>\n<p><strong>D<\/strong><strong>I\u010c: \u00a0 \u00a0<\/strong>CZ27898709<\/p>\n<p><strong>EORI: <\/strong>CZ27898709<\/p>\n<\/div>\n<div class=\"tretina\">\n<p>&nbsp;<\/p>\n<p>Majite\u013eka:<br \/>\nLenka Kub\u00ednov\u00e1<br \/>\nTel.: +420 606 766 132<\/p>\n<\/div>\n<div class=\"tretina\">\n<p style=\"text-align: center;\">Spolo\u010dnos\u0165 je dr\u017eite\u013eom Certifik\u00e1tu D\u00f4veryhodn\u00e1 firma.<br \/>\n<img loading=\"lazy\" decoding=\"async\" class=\"aligncenter size-full wp-image-5286\" src=\"https:\/\/www.billiard-pro.cz\/wp-content\/uploads\/2013\/08\/pieczec.png\" alt=\"pieczec\" width=\"200\" height=\"107\" data-id=\"2940\" \/><\/p>\n<\/div>\n<\/div>\n<h3>Bankov\u00e9 spojenie:<\/h3>\n<p><img decoding=\"async\" style=\"float: left; margin: 10px; margin-left: 0;\" src=\"\/wp-content\/uploads\/2013\/08\/fio-150x150.jpg\" alt=\"FIO banka\" \/><strong>Fio banka, a.s.<\/strong><\/p>\n<p><strong>\u010c\u00edslo \u00fa\u010dtu CZK:<\/strong> 2200444078\/2010<br \/>\n<strong>\u010c\u00edslo \u00fa\u010dtu EUR:<\/strong>\u00a02400444080\/2010<\/p>\n<p><strong>IBAN code: \u00a0 \u00a0 \u00a0 \u00a0\u00a0<\/strong>CZ7420100000002400444080<br \/>\n<strong>BIC\/SWIFT: \u00a0 \u00a0 \u00a0 \u00a0\u00a0<\/strong>FIOBCZPPXXX<\/p>\n<p style=\"text-align: left;\">Obchodn\u00e1 spolo\u010dnos\u0165 REGEST CENTRUM, s.r.o. je zap\u00edsan\u00e1 v obchodnom registri Okresn\u00e9ho s\u00fadu v Prahe pod registra\u010dn\u00fdm \u010d\u00edslom 100149\/2007, oddiel C, vlo\u017eka 125090 d\u00e1tum z\u00e1pisu 18. m\u00e1ja 2007.<\/p>\n<h2>Nap\u00ed\u0161te n\u00e1m<\/h2>\n<p>[kontakt mailto=&#8220;info@billiard-pro.cz&#8220;]<\/p>\n","protected":false},"excerpt":{"rendered":"<p>Kamenn\u00e1 predej\u0148a (tak\u00e9 v\u00fddej objedn\u00e1vek z E-shopu) Billiard Club \u0158ipsk\u00e1 (mapa) \u0158ipsk\u00e1 547\/24 130 00 Praha 3 \u010cesk\u00e1 republika E-mail:\u00a0info@billiard-pro.cz Tel.:\u00a0 +420 606 766 132 Prev\u00e1dzkov\u00e1 doba her\u0148a : denne 13-01 hodin Rezerv\u00e1cia biliardov\u00fdch stolov klub: + 420 602 444 532 Prev\u00e1dzkov\u00e1 doba predaj\u0148a : denne 13-22 hodin Pushout Sports &#8211; tr\u00e9ninkov\u00e1 \u0161kola Calvina Washburna: [&hellip;]<\/p>\n","protected":false},"author":2,"featured_media":0,"parent":0,"menu_order":0,"comment_status":"closed","ping_status":"closed","template":"page-fullwidth.php","meta":{"footnotes":""},"class_list":["post-3092","page","type-page","status-publish","hentry"],"_links":{"self":[{"href":"https:\/\/www.billiard-pro.cz\/sk\/wp-json\/wp\/v2\/pages\/3092","targetHints":{"allow":["GET"]}}],"collection":[{"href":"https:\/\/www.billiard-pro.cz\/sk\/wp-json\/wp\/v2\/pages"}],"about":[{"href":"https:\/\/www.billiard-pro.cz\/sk\/wp-json\/wp\/v2\/types\/page"}],"author":[{"embeddable":true,"href":"https:\/\/www.billiard-pro.cz\/sk\/wp-json\/wp\/v2\/users\/2"}],"replies":[{"embeddable":true,"href":"https:\/\/www.billiard-pro.cz\/sk\/wp-json\/wp\/v2\/comments?post=3092"}],"version-history":[{"count":2,"href":"https:\/\/www.billiard-pro.cz\/sk\/wp-json\/wp\/v2\/pages\/3092\/revisions"}],"predecessor-version":[{"id":17280,"href":"https:\/\/www.billiard-pro.cz\/sk\/wp-json\/wp\/v2\/pages\/3092\/revisions\/17280"}],"wp:attachment":[{"href":"https:\/\/www.billiard-pro.cz\/sk\/wp-json\/wp\/v2\/media?parent=3092"}],"curies":[{"name":"wp","href":"https:\/\/api.w.org\/{rel}","templated":true}]}}