{"id":3104,"date":"2013-09-01T20:09:07","date_gmt":"2013-09-01T18:09:07","guid":{"rendered":"http:\/\/localhost\/iwansimonis\/historia-a-profil-vyroby-guli-aramith\/"},"modified":"2013-09-01T20:09:07","modified_gmt":"2013-09-01T20:09:07","slug":"historia-a-profil-vyroby-guli-aramith","status":"publish","type":"page","link":"https:\/\/www.billiard-pro.cz\/sk\/navody-a-tipy\/historia-a-profil-vyroby-guli-aramith\/","title":{"rendered":"Hist\u00f3ria a profil v\u00fdroby gul\u00ed Aramith"},"content":{"rendered":"<p><strong>Hist\u00f3ria a profil <a title=\"POOL Super Aramith Pool s kuf\u0159\u00edkem, 57,2 mm \u2013 sada koul\u00ed 16 ks \u2013 skv\u011bl\u00fd d\u00e1rek\" href=\"https:\/\/www.billiard-pro.cz\/obchod\/koule-aramith\/pool-super-aramith-pool-s-kufrikem-572-mm-sada-kouli-16-ks-skvely-darek\/\">billiardov\u00fdch gul\u00ed<\/a><\/strong><\/p>\n<p><strong><a href=\"https:\/\/www.billiard-pro.cz\/wp-content\/uploads\/2013\/09\/aramithtovarna.jpg\"><img loading=\"lazy\" decoding=\"async\" class=\"alignright size-full wp-image-4080\" alt=\"aramithtovarna\" src=\"https:\/\/www.billiard-pro.cz\/wp-content\/uploads\/2013\/09\/aramithtovarna.jpg\" width=\"269\" height=\"202\" data-id=\"808\" \/><\/a><\/strong>Callanelle je mal\u00e1 dedinka v belgickom regi\u00f3ne Walloon, ktor\u00e1 sa nach\u00e1dza bl\u00edzko miest Tournal, Mons (Belgicko) a Lille (Franc\u00fazsko). Bola zalo\u017een\u00e1 v roku 1923 a Saluc bola v tej dobe chemickou firmou \u0161pecializuj\u00facou sa na garbiarske produkty. Po roku 1950, ke\u010f tento priemysel upadol, sa Saluc za\u010dala \u0161pecializova\u0165 na v\u00fdrobu biliardov\u00fdch g\u00fa\u013e.<\/p>\n<p>Dnes firma Saluc produkuje a distribuuje biliardov\u00e9 gule pod registrovanou zna\u010dkou Aramith vo viac ako 85 krajin\u00e1ch, pri\u010dom jej podiel na celosvetovom trhu tvori 80% .<\/p>\n<p>Spolo\u010dnos\u0165 sa tie\u017e \u0161pecializuje na produkciu priemyseln\u00fdch g\u00fa\u013e vo v\u0161etk\u00fdch druhoch aplik\u00e1ci\u00ed, rovnako ako aj na 9 pinov\u00e9 kolkov\u00e9 gule a na trackball. V\u00fdvoz predstavuje 98% jej \u010dinnosti.<\/p>\n<p>Jednou z hlavn\u00fdch s\u00edl\/v\u00fdhod spolo\u010dnosti je jej vertik\u00e1lna integr\u00e1cia: Saluc m\u00e1 svoju vlastn\u00fa chemick\u00fa tov\u00e1re\u0148 na v\u00fdrobu fenolovej \u017eivice, ktor\u00e1 poskytuje v\u00fdnimo\u010dn\u00e9 vlastnosti hotov\u00fdm v\u00fdrobkom. T\u00e1to integr\u00e1cia prin\u00e1\u0161a cenov\u00fa optimaliz\u00e1ciu a poskytuje z\u00e1ruku kvality.<br \/>\n________________________________________<\/p>\n<p>Legenda Aramith: Pr\u00edbeh o spolo\u010dnosti Saluc, belgickej tov\u00e1rni na v\u00fdrobu biliardov\u00fdch g\u00fa\u013e<br \/>\n* S dovolen\u00edm Inside Pool Magazine<\/p>\n<p><strong>LEGEND\u00c1RNA REPUT\u00c1CIA<\/strong><\/p>\n<p><a href=\"https:\/\/www.billiard-pro.cz\/wp-content\/uploads\/2013\/09\/aramithdelnik.jpg\"><img loading=\"lazy\" decoding=\"async\" class=\"alignleft  wp-image-806\" alt=\"aramithdelnik\" src=\"https:\/\/www.billiard-pro.cz\/wp-content\/uploads\/2013\/09\/aramithdelnik-300x252.jpg\" width=\"210\" height=\"176\" data-id=\"806\" srcset=\"https:\/\/www.billiard-pro.cz\/wp-content\/uploads\/2013\/09\/aramithdelnik-300x252.jpg 300w, https:\/\/www.billiard-pro.cz\/wp-content\/uploads\/2013\/09\/aramithdelnik-148x124.jpg 148w, https:\/\/www.billiard-pro.cz\/wp-content\/uploads\/2013\/09\/aramithdelnik-31x26.jpg 31w, https:\/\/www.billiard-pro.cz\/wp-content\/uploads\/2013\/09\/aramithdelnik-38x32.jpg 38w, https:\/\/www.billiard-pro.cz\/wp-content\/uploads\/2013\/09\/aramithdelnik-255x215.jpg 255w, https:\/\/www.billiard-pro.cz\/wp-content\/uploads\/2013\/09\/aramithdelnik.jpg 456w\" sizes=\"auto, (max-width: 210px) 100vw, 210px\" \/><\/a>Bez toho, aby sme boli obozn\u00e1men\u00ed s t\u00fdmto typom priemyslu, len ve\u013emi m\u00e1lo z n\u00e1s by mohlo h\u00e1da\u0165, \u017ee pribli\u017ene 80% celosvetovo pou\u017e\u00edvan\u00fdch biliardov\u00fdch g\u00fa\u013e poch\u00e1dza z malej dediny na vidieku Belgicka. Za viac ako pol storo\u010die spolo\u010dnos\u0165 SALUC SA vyrobila v tajnosti svojich priestorov v Callenelle jedine\u010dn\u00e9 a dobre zn\u00e1me Aramith fenolov\u00e9 gule, ktor\u00e9 urobili t\u00fato miniat\u00farnu dedinku hlavn\u00fdm svetov\u00fdm miestom ich produkcie. Ale ako spolo\u010dnos\u0165 v tomto regi\u00f3ne, nie presne zameran\u00e9mu na biliardov\u00fd \u0161port, pri\u0161la k takejto \u00fa\u010dasti?<\/p>\n<p>\u201eSaluc bola zalo\u017een\u00e1 v roku 1923 a \u0161pecializovala sa na v\u00fdrobu syntetickej triesloviny v regi\u00f3ne Callenelle, z\u00e1sobuj\u00fac asi styridsa\u0165 garbiarn\u00ed v okol\u00ed,\u201c spom\u00edna Curt Bossuyt, CEO. \u201ePo druhej svetovej vojne, ke\u010f v regi\u00f3ne do\u0161lo ku kv\u00e1zi \u00fapln\u00e9mu z\u00e1niku tohto odvetvia, sa Saluc v tvrdej konkurencii niektor\u00fdch chemick\u00fdch gigantov postupne kompromitovala v jej doteraj\u0161ej \u010dinnosti, a to prin\u00fatilo spolo\u010dnos\u0165 h\u013eada\u0165 altenat\u00edvy.<\/p>\n<p><strong>KL&#8217;\u00da\u010cOV\u00dd FAKTOR: FENOLOV\u00c9 \u017dIVICE<\/strong><\/p>\n<p><strong><\/strong>Na z\u00e1klade svojho know-how vo v\u00fdrobe fenolov\u00fdch \u017eiv\u00edc, firma Saluc objavila rozumn\u00fa pr\u00edle\u017eitos\u0165 v prechode na v\u00fdrobu biliardov\u00fdch g\u00fa\u013e. \u201eTento v\u00fdber mal dve pr\u00ed\u010diny\u201c, pripom\u00edna Bossuyt. \u201eFenolov\u00e9 \u017eivice maj\u00fa v\u00fdborn\u00e9 fyzik\u00e1lne a chemick\u00e9 vlastnosti, a navy\u0161e biliardov\u00fd trh bol v plnom raste.\u201c<br \/>\nKomercializ\u00e1cia prv\u00fdch g\u00fa\u013e za\u010dala v 60-tych rokoch, v \u010dase, ke\u010f konkurova\u0165 trom dobre zaveden\u00fdm v\u00fdrobcom bolo ve\u013emi \u0165a\u017ek\u00e9. Prostredn\u00edctvom neust\u00e1leho vylep\u0161ovania kvality a zv\u00fd\u0161en\u00edm objemu v\u00fdroby, sa Salucu podarilo z\u00edska\u0165 v\u00fdznamn\u00e9 konkuren\u010dn\u00e9 postavenie. Dnes je Saluc jedin\u00e1 spolo\u010dnos\u0165 celosvetovo produkuj\u00faca fenolov\u00e9 biliardov\u00e9 gule, vyv\u00e1\u017eaj\u00faca viac ako 99% svojej produkcie do viac ako 60 kraj\u00edn.<br \/>\nOproti polyesteru, fenolov\u00e9 \u017eivice pou\u017e\u00edvan\u00e9 Salucom boli \u0161pecificky dizajnovan\u00e9 pre biliardov\u00e9 aplik\u00e1cie a spolo\u010dnos\u0165 ich vyr\u00e1ba v jej vlastnej chemickej tov\u00e1rni. T\u00e1to unik\u00e1tna technol\u00f3gia vedie k \u0161peci\u00e1lne vhodn\u00e9mu materi\u00e1lu s bezkonkuren\u010dn\u00fdmi vlastnos\u0165ami, ako je jeho odolnos\u0165 proti odlupovaniu a po\u0161kriabaniu. \u201eFenolov\u00e9 gule od Aramithu vydr\u017eia 5-kr\u00e1t dlh\u0161ie ako ostatn\u00e9 biliardov\u00e9 gule, vyroben\u00e9 z polyesteru,\u201c dod\u00e1va Yves Bilquin, obchodn\u00fd a marketingov\u00fd riadite\u013e pre Severn\u00fa Ameriku a b\u00fdval\u00fd mana\u017e\u00e9r pre v\u00fdskum a v\u00fdvoj. \u201eIch unik\u00e1tna \u0161trukt\u00fara, stokr\u00e1t jemnej\u0161ia ne\u017e miner\u00e1lom plnen\u00e9 gule, d\u00e1va guliam Aramith ich \u0161pecifick\u00fa reaktivitu a umo\u017e\u0148uje im udr\u017ea\u0165 vysok\u00fd lesk po\u010das dlhej doby, \u010doho v\u00fdsledkom je minim\u00e1lne opotrebenie g\u00fa\u013e a povrchu stola.\u201c<br \/>\n\u201eTu sa jednoducho ned\u00e1 porovn\u00e1va\u0165,\u201c podot\u00fdka Vito Leo, Ph.D. v odbore materi\u00e1lov\u00fdch vied a fyziky pevn\u00fdch l\u00e1tok, p\u00f4sobiaci na Universit\u00e9 Libre de Bruxelles, ktor\u00e1 vykon\u00e1va nez\u00e1visl\u00e9 testy na \u0161peci\u00e1lne dizajnovan\u00fdch simul\u00e1toroch biliardov\u00fdch stolov. \u201eKde s\u00fa testovan\u00e9 v\u0161etky druhy polyesterov\u00fdch g\u00fa\u013e, vr\u00e1tane typu DAP ako aj ostatn\u00fdch typov. Oboje, pl\u00e1tno aj gule, s\u00fa po ur\u010ditom \u010dase zna\u010dne po\u0161koden\u00e9 \u2013 niektor\u00e9 z nich dokonca zni\u010den\u00e9 \u2013 zatia\u013e \u010do gule Aramith, spolu s pou\u017eitou tkaninou, vykazuj\u00fa v\u00fdnimo\u010dn\u00fa tvarov\u00fa stabilitu i po rozsiahlych testoch dlhovekosti.\u201c<br \/>\nNavy\u0161e \u0161pi\u010dkov\u00e9 fenolov\u00e9 gule sa vyzna\u010duj\u00fa extra tvrdou, hutnou a priesvitnou liatou vrstvou, ktor\u00e1 d\u00e1va v\u00fdrobkom v\u00fdnimo\u010dn\u00e9 vlastnosti. \u201eV\u010faka t\u00fdmto vlastnostiam Aramith prin\u00e1\u0161a pre maloobchodn\u00edkov jednoduch\u00fd syst\u00e9m predaja,&#8220; vysvet\u013euje Bilquin. \u201eD\u00e1vame \u0161kolenia na \u017eiados\u0165 obchodn\u00edkov, ktor\u00e9 umo\u017e\u0148uj\u00fa predajcom vysvetli\u0165, pre\u010do s\u00fa fenolov\u00e9 \u017eivice prirodzenou vo\u013ebou a pre\u010do upgrade sady Aramith na maximum prin\u00e1\u0161a hr\u00e1\u010dovi v\u00fdhodu. Touto cestou zabezpe\u010duje predajca svojim z\u00e1kazn\u00edkom najvy\u0161\u0161iu spokojnos\u0165 a najni\u017e\u0161ie ro\u010dn\u00e9 n\u00e1klady, a to v\u010faka n\u00edzkym n\u00e1kladom na \u00fadr\u017ebu stola a tkaniny, ktor\u00fa gule Aramith zaistia. Biliardov\u00e9 herne, ktor\u00e9 v\u0161etky mas\u00edvne pou\u017e\u00edvaj\u00fa iba tieto gule, poskytuj\u00fa \u0161irok\u00fa evidenciu o tom, \u017ee gu\u013eami Aramith je mo\u017en\u00e9 uspokoji\u0165 n\u00e1ro\u010dn\u00fdch hr\u00e1\u010dov, a z\u00e1rove\u0148 minimalizova\u0165 prev\u00e1dzkov\u00e9 n\u00e1klady s\u00favisiace s tkaninou a gu\u013eami.\u201c<\/p>\n<p><strong><a href=\"https:\/\/www.billiard-pro.cz\/wp-content\/uploads\/2013\/09\/aramithlide.jpg\"><img loading=\"lazy\" decoding=\"async\" class=\"size-medium wp-image-807 alignleft\" alt=\"aramithlide\" src=\"https:\/\/www.billiard-pro.cz\/wp-content\/uploads\/2013\/09\/aramithlide-300x119.jpg\" width=\"300\" height=\"119\" data-id=\"807\" srcset=\"https:\/\/www.billiard-pro.cz\/wp-content\/uploads\/2013\/09\/aramithlide-300x119.jpg 300w, https:\/\/www.billiard-pro.cz\/wp-content\/uploads\/2013\/09\/aramithlide-148x59.jpg 148w, https:\/\/www.billiard-pro.cz\/wp-content\/uploads\/2013\/09\/aramithlide-31x12.jpg 31w, https:\/\/www.billiard-pro.cz\/wp-content\/uploads\/2013\/09\/aramithlide-38x15.jpg 38w, https:\/\/www.billiard-pro.cz\/wp-content\/uploads\/2013\/09\/aramithlide.jpg 318w\" sizes=\"auto, (max-width: 300px) 100vw, 300px\" \/><\/a>DOBRE STR\u00c1\u017dEN\u00c9 TAJOMSTVO<\/strong><\/p>\n<p><strong><\/strong>V\u010faka integrovan\u00e9mu v\u00fdrobn\u00e9mu procesu je mo\u017en\u00e9 dosiahnu\u0165 \u00fazku kontrolu vstupn\u00fdch materi\u00e1lov. Trin\u00e1s\u0165 krokov\u00fd v\u00fdrobn\u00fd proces, trvaj\u00faci a\u017e 23 dn\u00ed, zah\u0155\u0148a odlievanie a vytvrdzovacie postupy, kombinovan\u00e9 s unik\u00e1tnym sp\u00f4sobom br\u00fasenia a najmodernej\u0161ou technol\u00f3giou le\u0161tenia. Po\u010das trvania tohoto procesu asistuje pracovn\u00edkom po\u010d\u00edta\u010dov\u00e1 technol\u00f3gia, ktor\u00e1 s nimi neust\u00e1le komunikuje, aby bolo mo\u017en\u00e9 garantova\u0165 najpr\u00edsnej\u0161ie limity a \u0161pecifik\u00e1cie. Bez oh\u013eadu na automatiz\u00e1ciu a pou\u017eit\u00e9 \u0161tatistick\u00e9 kontroly kvality, je ka\u017ed\u00e1 gu\u013ea pred odoslan\u00edm z tov\u00e1rne manu\u00e1lne skontrolovan\u00e1, aby bol zabezpe\u010den\u00fd spo\u013eahliv\u00fd v\u00fdstup pre svetov\u00e9 trhy.<\/p>\n<p><strong>POU\u017d\u00cdVAN\u00c9 V\u0160ETK\u00ddMI PROF\u00cdKMI<\/strong><\/p>\n<p><strong><\/strong>Referenciou pre sety Aramith je ich pou\u017e\u00edvanie, prakticky, vo v\u0161etk\u00fdch pr\u00edpadoch na turnajoch po celom svete, \u010di u\u017e je to pool, snooker alebo karambol discipl\u00edna. Organiz\u00e1cie, ako s\u00fa United States Poolplayers Professional Association, American Poolplayer Association, a mnoho \u010fal\u0161\u00edch, tie\u017e menovali Aramith v\u00fdhradn\u00fdm, ofici\u00e1lnym dod\u00e1vate\u013eom biliardov\u00fdch g\u00fa\u013e, pou\u017e\u00edvan\u00fdch na ich turnajoch. Zvolen\u00fd biliardov\u00fd set, ktor\u00fd je vidie\u0165 v telev\u00edzii, je Super AramithPro-Cup, a predstavuje sl\u00e1vny, dizajnov\u00fd a chr\u00e1nen\u00fd n\u00e1vrh bielej gule\u010dn\u00edkovej gule so \u0161iestimi \u010derven\u00fdmi bodkami, kumuluj\u00faci ostr\u00fa presnos\u0165 s vizualiz\u00e1ciou rot\u00e1cie, \u010do je ve\u013ek\u00e1 pomoc pre oboch, div\u00e1kov aj hr\u00e1\u010dov. Tento nov\u00fd produkt je \u010dasto uzn\u00e1van\u00fd ako amat\u00e9rmi, tak profesion\u00e1lmi.<\/p>\n<p><strong>ARAMITH, NOV\u00dd \u0160TANDARD PRE T\u00c1GA<\/strong><\/p>\n<p><strong><\/strong>\u201ePr\u00ednos hodnoty pre koncov\u00e9ho u\u017e\u00edvate\u013ea a hodnoty pre obchodn\u00fd kan\u00e1l bol pre Aramith z\u00e1kladom jeho \u00faspechu. To je d\u00f4vod, pre\u010do sa firma Saluc rozhodla integrova\u0165 svoje vedomosti, zru\u010dnosti a know-how v s\u00favislosti s gu\u013eami optimaliz\u00e1ciou n\u00e1vrhu \u010fal\u0161\u00edch produktov, ktor\u00e9 na seba v s\u00favislosti s gu\u013eou nadv\u00e4zuj\u00fa, &#8222;vysvet\u013euje Bilquin. Okrem \u00faplne novej rady vysoko kvalitn\u00fdch s\u00faprav stolov\u00e9ho pr\u00edslu\u0161enstva, zah\u0155\u0148aj\u00facej napr\u00edklad obaly na gule a t\u00e1ga, spolo\u010dnos\u0165 uviedla po\u010das posledn\u00e9ho apr\u00edlov\u00e9ho obchodn\u00e9ho veletrhu BCA produktov\u00fd program t\u00e1g, zah\u0155\u0148aj\u00faci prelomov\u00fd shaft s ultra-n\u00edzkym priehybom. Na z\u00e1klade nieko\u013ek\u00fdch nov\u00fdch high-tech prvkov a pou\u017eit\u00edm modern\u00fdch technol\u00f3gi\u00ed, vr\u00e1tane Acuerate technol\u00f3gie, je spom\u00ednan\u00e9 t\u00e1go navrhnut\u00e9 tak, aby sa stalo nov\u00fdm odkazom v gule\u010dn\u00edkovom priemysle. Bolo uznan\u00e9 nieko\u013ek\u00fdmi profesion\u00e1lnymi hr\u00e1\u010dmi, a v\u010faka svojej atrakt\u00edvnej cene bude m\u00f4c\u0165 ma\u0165 ka\u017ed\u00fd hr\u00e1\u010d pr\u00edstup k \u0161pi\u010dkov\u00e9mu t\u00e1gu s preuk\u00e1zate\u013enou schopnos\u0165ou dosiahnu\u0165 n\u00edzke odch\u00fdlky.<\/p>\n<p><strong>CEL\u00c1 RADA S NAJTESNEJ\u0160\u00cdMI \u0160PECIFIK\u00c1CIAMI<\/strong><\/p>\n<p><strong><\/strong>Okrem poolu, snookru a karambolu existuj\u00fa po celom svete mnoh\u00e9 \u010fal\u0161ie varianty gule\u010dn\u00edkov\u00fdch hier. Okrem viac ako 800 rozdielnych biliardov\u00fdch typov Saluc vyr\u00e1ba gule vo ve\u013ekostiach od 3\/8 palcov a\u017e do ve\u013ekosti presahuj\u00facej 7 palcov pre aplik\u00e1cie od priemyslu, po\u010d\u00edta\u010dov a medic\u00edny a\u017e po 9 &#8211; pinov\u00e9 a duck &#8211; pinov\u00e9 bowlingov\u00e9 gule.<\/p>\n<p>Fenolov\u00e9 \u017eivice Aramith sa vyr\u00e1baj\u00fa v nieko\u013ek\u00fdch variant\u00e1ch, od Premier kvality, cez PREMIUM, a\u017e po Super Aramith (ktor\u00e9 sa pou\u017e\u00edvaj\u00fa najviac pri vysoko prec\u00edznych karambolov\u00fdch guliach ) a Super Aramith PRO, pou\u017e\u00edvan\u00fdch vo vrcholovej rade gul\u00ed. So st\u00fapaj\u00facou kvalitou dost\u00e1va \u017eivica jemnej\u0161iu zrnitos\u0165, v\u00fdsledkom \u010doho je fantastick\u00fd lesk, ktor\u00fd pretrv\u00e1va po dlh\u00fd \u010das. Najd\u00f4le\u017eitej\u0161ie je, \u017ee pomocou rozdielnych vytvrdzovac\u00edch krokov materi\u00e1l z\u00edskava transparentn\u00fd liaty povrch, vysoko odoln\u00fd proti opotrebeniu, tak\u017ee gu\u013ea aj pl\u00e1tno vydr\u017eia ove\u013ea dlh\u0161ie.<br \/>\nBez oh\u013eadu na \u00farove\u0148 kvality, s\u00fa v\u0161etky gule kontrolovan\u00e9 pod\u013ea siedmych z\u00e1kladn\u00fdch krit\u00e9ri\u00ed: hustota, v\u00e1ha, tolerancia priemeru, gu\u013eatos\u0165, farebn\u00e1 presnos\u0165, lesklos\u0165 povrchu a \u017eiarivos\u0165.<br \/>\nRada Premier je najviac roz\u0161\u00edren\u00e1 kv\u00f4li svojmu vynikaj\u00facemu pomeru ceny a kvality. Napriek tomu bola ned\u00e1vno predstaven\u00e1 rada PREMIUM ako \u010fal\u0161ia gener\u00e1cia kvality Premier, ktor\u00e1 zabezpe\u010duje e\u0161te ni\u017e\u0161ie ro\u010dn\u00e9 n\u00e1klady na gule a pl\u00e1tno. S technol\u00f3giou Vitrotech je povrch gule PREMIUM \u00faplne cel\u00fd spevnen\u00fd, d\u00e1va jej unik\u00e1tny liaty povrch, \u010d\u00edm zvy\u0161uje hustotu plochy, a z tohoto d\u00f4vodu prin\u00e1\u0161a dlh\u00fa \u017eivotnos\u0165. Jej ve\u013emi jemn\u00e1 molekul\u00e1rna \u0161trukt\u00fara bola vytvoren\u00e1 tak, aby bola odoln\u00e1 teplote pri vysokom tren\u00ed, ke\u010f gule vk\u013azavaj\u00fa do rot\u00e1cie. Ke\u010f\u017ee sa jej povrch neobije, udr\u017eiava to jej jemn\u00fd lesk ove\u013ea dlh\u0161ie, a z\u00e1rove\u0148 nebude ni\u010di\u0165 pl\u00e1tno, \u010do predstavuje ve\u013ek\u00fd pe\u0148a\u017en\u00fd rozdiel pre majite\u013ea stolu.<br \/>\nPokia\u013e ide o vrcholov\u00fa radu Super Aramith PRO, t\u00e1 sa odli\u0161uje hlavne svojim kr\u00e1snym dizajnom s \u010d\u00edslami a maxim\u00e1lne d\u00f4kladn\u00fdm liat\u00edm. Je to ale predov\u0161etk\u00fdm tvarovo plne vyrovnan\u00e1 profesion\u00e1lna sada, kde prec\u00edzna kalibr\u00e1cia ka\u017edej gule garantuje maxim\u00e1lnu jednotnos\u0165 v r\u00e1mci konkr\u00e9tnej sady. Sada Super Aramith PRO existuje aj v dizajne st\u00e9ho v\u00fdro\u010dia vyroben\u00e9ho \u0161peci\u00e1lne pre firmu Brunswick.<\/p>\n<p><strong>ZNAK SKUTO\u010cNEJ KVALITY<\/strong><\/p>\n<p><strong><strong><a href=\"https:\/\/www.billiard-pro.cz\/wp-content\/uploads\/2013\/09\/aramithvrtulnik.jpg\"><img loading=\"lazy\" decoding=\"async\" class=\"alignleft\" alt=\"aramithvrtulnik\" src=\"https:\/\/www.billiard-pro.cz\/wp-content\/uploads\/2013\/09\/aramithvrtulnik-300x246.jpg\" width=\"210\" height=\"172\" data-id=\"809\" \/><\/a><\/strong><\/strong><\/p>\n<p>Mnoho \u013eud\u00ed si st\u00e1le mysl\u00ed, \u017ee tolerancia priemeru gule alebo gu\u013eatos\u0165 je z\u00e1kladn\u00e1 charakteristika pre biliardov\u00e9 gule. Hoci nie s\u00fa ned\u00f4le\u017eit\u00e9, tieto charakteristiky s\u00fa relat\u00edvne \u013eahko dosiahnute\u013en\u00e9. Aj napriek tomu, \u017ee m\u00e1te gu\u013eu s najlep\u0161ou toleranciou, u\u017eijete si ju iba do tej miery, ako prec\u00edzne s\u00fa vyroben\u00e9 hrany stola, ktor\u00e9ho kvalita je v\u017edy ni\u017e\u0161ia ako kvalita gule.<\/p>\n<p>Z toho d\u00f4vodu s\u00fa kvalita a prec\u00edznos\u0165 po\u010das hry ovplyv\u0148ovan\u00e9 ove\u013ea viac materi\u00e1lom, z ktor\u00e9ho s\u00fa gule vyroben\u00e9, ich molekul\u00e1rnou \u0161trukt\u00farou, ich hustotou a v\u00fdslednou kvalitou odrazu. V\u00fdsledkom pr\u00edli\u0161 vysokej alebo pr\u00edli\u0161 malej odr\u00e1\u017eavosti je chaotick\u00e9 spr\u00e1vanie gule, \u010do m\u00e1 za n\u00e1sledok n\u00e1hodnos\u0165 v premiest\u0148ovan\u00ed gul\u00ed a striel.<br \/>\nChemick\u00e9 v\u00fdrobn\u00e9 procesy s\u00fa tie\u017e nesmierne d\u00f4le\u017eit\u00e9, preto\u017ee by mohli v\u00e1\u017ene ovplyvni\u0165 rovnov\u00e1hu gule. Nedostatok rovnov\u00e1hy vedie ku k\u013eu\u010dkovaniu gule, ktor\u00e9 z\u00e1sadne ovplyv\u0148uje kontaktn\u00fd bod medzi dvomi gu\u013eami, a vy sa \u010dudujete, pre\u010do ste stratili t\u00fato strelu.<br \/>\nNakoniec, v \u0161pi\u010dkovej rade je konzistencia t\u00fdchto charakterist\u00edk medzi akouko\u013evek gu\u013eou, v r\u00e1mci toho ist\u00e9ho setu, maximalizovan\u00e1 skoro a\u017e do dokonalosti, preto\u017ee pre profesion\u00e1lnu hru je to nutn\u00e9. To je pr\u00edpad rady g\u00fa\u013e Super Aramith PRO, ktor\u00e9 s\u00fa individu\u00e1lne zrovnan\u00e9 tak, aby vytvorili perfektn\u00fd homog\u00e9nny set. To je to, pre\u010do boli gule Aramith po desa\u0165ro\u010dia exkluz\u00edvne zvolen\u00e9 pre prakticky v\u0161etky profesion\u00e1lne feder\u00e1cie a svetov\u00e9 \u0161ampion\u00e1ty. Tieto \u0161pecifik\u00e1cie najvy\u0161\u0161ej rady sa taktie\u017e vy\u017eaduj\u00fa v gule\u010dn\u00edkov\u00fdch a karambolov\u00fdch profesion\u00e1lnych setoch. Niet sa \u010domu divi\u0165, ke\u010f pr\u00e1ve v takej discipl\u00edne akou je karambol, ktor\u00fa mnoh\u00ed pova\u017euj\u00fa za naj\u0165a\u017e\u0161iu discipl\u00ednu v biliardovom \u0161porte, je Aramith bez diskusi\u00ed jedin\u00e1 zna\u010dka, ktor\u00e1 je uzn\u00e1van\u00e1.<\/p>\n<p><strong>\u010cO BUDE NASLEDOVA\u0164 \u010eALEJ?<\/strong><\/p>\n<p>Svet biliardu sa men\u00ed v \u010dase, ale v\u00fdznamnej\u0161ie v minul\u00fdch rokoch. Hr\u00e1\u010di sa \u010d\u00edm \u010falej, t\u00fdm viac st\u00e1vaj\u00fa n\u00e1ro\u010dnej\u0161\u00edmi na vysoko v\u00fdkonn\u00e9 produkty. Nov\u00e9 zv\u00e4zy hr\u00e1\u010dov prin\u00e1\u0161aj\u00fa svoje vlastn\u00e9 sady g\u00fa\u013e, preto\u017ee hraj\u00fa rad\u0161ej s kvalitn\u00fdmi produktami, namiesto menej udr\u017eiavan\u00fdmi, ktor\u00e9 je mo\u017en\u00e9 n\u00e1js\u0165 na stole.<br \/>\n\u201eToto je adresovan\u00e9 t\u00fdm n\u00e1ro\u010dnej\u0161\u00edm a vyberavej\u0161\u00edm hr\u00e1\u010dom, a to, \u017ee Aramith vyv\u00edja nov\u00e9 atrakt\u00edvne \u0161pi\u010dkov\u00e9 produkty, ako s\u00fa obaly, umo\u017e\u0148uj\u00face ulo\u017ei\u0165 v nich sady aj t\u00e1ga,\u201c podot\u00fdka Bilquin. \u201eBudeme u\u017e\u0161ie spolupracova\u0165 s trhom, aby boli tieto produkty \u013eahko dostupn\u00e9 pre maloobchodn\u00edkov a biliardov\u00e9 kluby.\u201c<br \/>\n\u201eBiliard je \u0161port zanieten\u00fdch \u013eud\u00ed. My ako v\u00fdrobcovia sme taktie\u017e zanieten\u00ed dod\u00e1va\u0165 hr\u00e1\u010dom a trhu produkty, ktor\u00e9 im umo\u017enia u\u017e\u00edva\u0165 si tento \u0161port, zatia\u013e \u010do bude ich v\u00fdkon narasta\u0165. Aramith sa zav\u00e4zuje prinies\u0165 hodnotu ku koncov\u00e9mu pou\u017e\u00edvate\u013eovi a hodnotu na trh.\u201c<br \/>\n________________________________________<br \/>\n05\/2012 \u2013\u00a0Najlep\u0161ie produkty prich\u00e1dzaj\u00fa spolu!<\/p>\n<p>IWAN SIMONIS S. A. \/ Belgicko, svetov\u00fd l\u00edder vo v\u00fdrobe biliardov\u00e9ho pl\u00e1tna, s rados\u0165ou oznamuje akviz\u00edciu spolo\u010dnosti SALUC S. A. \/ Belgicko, svetov\u00e9ho l\u00eddra vo v\u00fdrobe biliardov\u00fdch setov Aramith.<\/p>\n<p>Spojenie t\u00fdchto dvoch dopl\u0148uj\u00facich sa belgick\u00fdch produktov \u2013 zbo\u017e\u0148ovan\u00fdch amat\u00e9rmi a profesion\u00e1lnymi biliardov\u00fdmi hr\u00e1\u010dmi po celom svete a schv\u00e1len\u00fdch v\u00e4\u010d\u0161inou organiz\u00e1torov svetov\u00fdch \u0161ampion\u00e1tov a turnajov po celom svete \u2013 pom\u00f4\u017ee posilni\u0165 poz\u00edciu t\u00fdchto glob\u00e1lne uzn\u00e1van\u00fdch a vysoko kvalitn\u00fdch biliardov\u00fdch v\u00fdrobkov na medzin\u00e1rodnej \u00farovni: pl\u00e1tna IWAN SIMONIS a ARAMITH gule!!!<\/p>\n","protected":false},"excerpt":{"rendered":"<p>Hist\u00f3ria a profil billiardov\u00fdch gul\u00ed Callanelle je mal\u00e1 dedinka v belgickom regi\u00f3ne Walloon, ktor\u00e1 sa nach\u00e1dza bl\u00edzko miest Tournal, Mons (Belgicko) a Lille (Franc\u00fazsko). Bola zalo\u017een\u00e1 v roku 1923 a Saluc bola v tej dobe chemickou firmou \u0161pecializuj\u00facou sa na garbiarske produkty. Po roku 1950, ke\u010f tento priemysel upadol, sa Saluc za\u010dala \u0161pecializova\u0165 na v\u00fdrobu [&hellip;]<\/p>\n","protected":false},"author":2,"featured_media":0,"parent":3089,"menu_order":8,"comment_status":"closed","ping_status":"closed","template":"","meta":{"footnotes":""},"class_list":["post-3104","page","type-page","status-publish","hentry"],"_links":{"self":[{"href":"https:\/\/www.billiard-pro.cz\/sk\/wp-json\/wp\/v2\/pages\/3104","targetHints":{"allow":["GET"]}}],"collection":[{"href":"https:\/\/www.billiard-pro.cz\/sk\/wp-json\/wp\/v2\/pages"}],"about":[{"href":"https:\/\/www.billiard-pro.cz\/sk\/wp-json\/wp\/v2\/types\/page"}],"author":[{"embeddable":true,"href":"https:\/\/www.billiard-pro.cz\/sk\/wp-json\/wp\/v2\/users\/2"}],"replies":[{"embeddable":true,"href":"https:\/\/www.billiard-pro.cz\/sk\/wp-json\/wp\/v2\/comments?post=3104"}],"version-history":[{"count":0,"href":"https:\/\/www.billiard-pro.cz\/sk\/wp-json\/wp\/v2\/pages\/3104\/revisions"}],"up":[{"embeddable":true,"href":"https:\/\/www.billiard-pro.cz\/sk\/wp-json\/wp\/v2\/pages\/3089"}],"wp:attachment":[{"href":"https:\/\/www.billiard-pro.cz\/sk\/wp-json\/wp\/v2\/media?parent=3104"}],"curies":[{"name":"wp","href":"https:\/\/api.w.org\/{rel}","templated":true}]}}