{"id":3107,"date":"2013-09-01T20:24:33","date_gmt":"2013-09-01T20:24:33","guid":{"rendered":"http:\/\/localhost\/iwansimonis\/o-iwan-simonis\/"},"modified":"2013-09-01T20:24:33","modified_gmt":"2013-09-01T20:24:33","slug":"o-iwan-simonis","status":"publish","type":"page","link":"https:\/\/www.billiard-pro.cz\/sk\/o-iwan-simonis\/","title":{"rendered":"O Iwan Simonis"},"content":{"rendered":"<p><strong>SIMONIS \u2013 333 ROKOV SK\u00daSENOST\u00cd.<\/strong><br \/>\n<strong> PL\u00c1TNO NA POOL, KARAMBOL, SNOOKER A PYRAMID OD SVETOV\u00c9HO L\u00cdDRA.<\/strong><\/p>\n<p><a href=\"https:\/\/www.billiard-pro.cz\/wp-content\/uploads\/2013\/09\/kral.jpg\"><img loading=\"lazy\" decoding=\"async\" class=\"alignleft\" alt=\"kral\" src=\"https:\/\/www.billiard-pro.cz\/wp-content\/uploads\/2013\/09\/kral-211x300.jpg\" width=\"127\" height=\"180\" data-id=\"827\" \/><\/a><\/p>\n<p>S\u00fakno Simonis je pova\u017eovan\u00e9 za najlep\u0161\u00ed produkt svojho druhu, preto\u017ee umo\u017e\u0148uje hra\u0165 na ka\u017edom stole tak dobre, ako sa len d\u00e1. S\u00fakno je jednou z najfunk\u010dnej\u0161\u00edch \u010das\u0165\u00ed v\u00e1\u0161ho gule\u010dn\u00edkov\u00e9ho stola a Simonis demon\u0161truje jeho funk\u010dn\u00fa dokonalos\u0165 t\u00fdm, \u017ee nikdy nezasahuje do skuto\u010dnej dr\u00e1hy gule.<\/p>\n<p>Sukn\u00e1 tejto vynikaj\u00facej kvality s\u00fa vyr\u00e1ban\u00e9 u\u017e od roku 1680. Simonis bol v\u017edy v \u010dele technol\u00f3gie a v\u00fdroby gule\u010dn\u00edkov\u00e9ho sukn\u00e1, a hlavne poskytuje svetu najpresnej\u0161ie hern\u00e9 s\u00fakno.<\/p>\n<p>Gule\u010dn\u00edkov\u00e9 s\u00fakno Simonis<\/p>\n<ul>\n<li>Skuto\u010dn\u00fd \u0161tandard pre presnos\u0165 a konzistentn\u00fa hru,<\/li>\n<li>S\u00fakno, ktor\u00e9 zvy\u0161uje Va\u0161e pote\u0161enie z hry,<\/li>\n<li>Modern\u00e1 spolo\u010dnos\u0165 postaven\u00e1 na viac ako troch storo\u010diach sk\u00fasenost\u00ed,<\/li>\n<li>V\u00fdroba \u0161etrn\u00e1 k \u017eivotn\u00e9mu prostrediu,<\/li>\n<li>Najvy\u0161\u0161ia hodnota v gule\u010dn\u00edkovom s\u00fakne!<\/li>\n<\/ul>\n<p><strong>ZNA\u010cENIE<\/strong><\/p>\n<p>Ka\u017ed\u00fd zvitok origin\u00e1lneho s\u00fakna IWAN SIMONIS m\u00e1 tri r\u00f4zne zna\u010denia, ktor\u00e9 garantuj\u00fa pravos\u0165 produktu.<\/p>\n<p>Pri okrajovej strane s\u00fakna je eventu\u00e1lne ka\u017ed\u00fdch 60 cm:<\/p>\n<ol>\n<li>IWAN SIMONIS ve\u013emi zn\u00e1me podpisov\u00e9 logo.<\/li>\n<li>Tla\u010den\u00fdm p\u00edsmom nap\u00edsan\u00e9 meno produktu IWAN SIMONIS spolu (860, napr\u00edklad). Tieto dve zna\u010denia, ktor\u00e9 sa oby\u010dajne zvykli tla\u010di\u0165 bielou farbou a\u017e do augusta 2007, sa od tejto doby tla\u010dia laserom v zlatej farbe.<\/li>\n<li>Zna\u010denie IWAN SIMONIS p\u00edsan\u00e9 tla\u010den\u00fdm p\u00edsmom je nasledovan\u00e9 s\u00e9riov\u00fdm \u010d\u00edslom zvitku (ID \u010d\u00edslo): toto nezmazate\u013en\u00e9 U. V. zna\u010denie je vidite\u013en\u00e9 iba pod \u010diernym svetlom (tie\u017e sa tla\u010d\u00ed v strede \u0161\u00edrky pl\u00e1tna ka\u017ed\u00fd meter).<\/li>\n<\/ol>\n<p><strong>KONTROLA KVALITY<\/strong><\/p>\n<p>Sme pravdepodobne jedin\u00fdm v\u00fdrobcom gule\u010dn\u00edkov\u00e9ho s\u00fakna, ktor\u00fd vykon\u00e1va ru\u010dne tri intenz\u00edvne kontroly kvality po\u010das produkcie, tak ako aj vizu\u00e1lnu kontrolu ka\u017ed\u00e9ho kusu s\u00fakna po ka\u017edej f\u00e1ze v\u00fdrobn\u00e9ho procesu. V\u0161etky na\u0161e s\u00fakna s\u00fa skontrolovan\u00e9 prv\u00fdkr\u00e1t, ke\u010f op\u00fa\u0161\u0165aj\u00fa proces tkania. Zamestn\u00e1vame \u0161pecializovan\u00fdch pracovn\u00edkov, ktor\u00ed sleduj\u00fa ka\u017ed\u00fd meter s\u00fakna, a odstr\u00e1nia ak\u00e9ko\u013evek chyby vzniknut\u00e9 pri pleten\u00ed a tkan\u00ed. T\u00e1to kontrola sa opakuje po farben\u00ed a nakoniec pred t\u00fdm, ako sa s\u00fakno dostane do skladu k fin\u00e1lnym v\u00fdrobkom. Okrem toho realizujeme pravideln\u00e9 dynamometrick\u00e9 testy, aby sme skontrolovali zhody rozsahu, elasticity, hr\u00fabky a opotrebenia na\u0161ich sukien. Tieto testy zabezpe\u010dia st\u00e1lu kvalitu s\u00fakna Iwan Simonis, faktom pre V\u00e1s bude, \u017ee si m\u00f4\u017eete donies\u0165 d\u00f4kaz na v\u00e1\u0161 st\u00f4l.<\/p>\n<p>Od roku 2003 na\u0161a spolo\u010dnos\u0165 vyhovuje \u0161tandardom certifik\u00e1tu ISO 9001:2000 pre produkciu a predaj s\u00fakna na gule\u010dn\u00edk a na stoly pre kas\u00edna, upev\u0148uj\u00fac n\u00e1\u0161 nepretr\u017eit\u00fd z\u00e1v\u00e4zok zlep\u0161ova\u0165 kvalitu na\u0161ich produktov.<\/p>\n<p><strong>KVALIFIKOVAN\u00cd PRACOVN\u00cdCI<\/strong><\/p>\n<p>Po\u010das zlat\u00e9ho veku textiln\u00e9ho priemyslu vo Verviers sa viacero \u0161k\u00f4l \u0161pecializuj\u00facich sa na pr\u00e1cu s vlnou, zameralo na zaistenie kvalifikovan\u00fdch pracovn\u00edkov pre mnoh\u00e9 spolo\u010dnosti v regi\u00f3ne. E\u0161te predned\u00e1vnom bolo mo\u017en\u00e9 n\u00e1js\u0165 vo Verviers jedin\u00fa vy\u0161\u0161iu odborn\u00fa \u0161kolu textiln\u00e9ho in\u017einierstva v Belgicku a dnes tu je tie\u017e sie\u0165 \u0161k\u00f4l podie\u013eaj\u00facich sa na vy\u0161kolen\u00ed profesion\u00e1lnych pracovn\u00edkov pre r\u00f4zne odvetvia pracuj\u00face s vlnou. Ich pr\u00edprava je doplnen\u00e1 o d\u00f4kladn\u00e9 vyu\u010denie v na\u0161ej spolo\u010dnosti, kde sa nau\u010dia najmodernej\u0161ie techniky. Nov\u00ed zamestnanci taktie\u017e vyu\u017e\u00edvaj\u00fa v\u00fdhodu know-how, ktor\u00fd im bol predan\u00fd predch\u00e1dzaj\u00facimi gener\u00e1ciami, ked\u017ee tri storo\u010dia existencie Iwan Simonis viedli k v\u00fdvoju v\u00fdrobn\u00fdch technol\u00f3gi\u00ed a zlep\u0161eniu kvality na\u0161ich v\u00fdrobkov.<\/p>\n","protected":false},"excerpt":{"rendered":"<p>SIMONIS \u2013 333 ROKOV SK\u00daSENOST\u00cd. PL\u00c1TNO NA POOL, KARAMBOL, SNOOKER A PYRAMID OD SVETOV\u00c9HO L\u00cdDRA. S\u00fakno Simonis je pova\u017eovan\u00e9 za najlep\u0161\u00ed produkt svojho druhu, preto\u017ee umo\u017e\u0148uje hra\u0165 na ka\u017edom stole tak dobre, ako sa len d\u00e1. S\u00fakno je jednou z najfunk\u010dnej\u0161\u00edch \u010das\u0165\u00ed v\u00e1\u0161ho gule\u010dn\u00edkov\u00e9ho stola a Simonis demon\u0161truje jeho funk\u010dn\u00fa dokonalos\u0165 t\u00fdm, \u017ee nikdy nezasahuje [&hellip;]<\/p>\n","protected":false},"author":2,"featured_media":0,"parent":0,"menu_order":0,"comment_status":"closed","ping_status":"closed","template":"page-s-menu.php","meta":{"footnotes":""},"class_list":["post-3107","page","type-page","status-publish","hentry"],"_links":{"self":[{"href":"https:\/\/www.billiard-pro.cz\/sk\/wp-json\/wp\/v2\/pages\/3107","targetHints":{"allow":["GET"]}}],"collection":[{"href":"https:\/\/www.billiard-pro.cz\/sk\/wp-json\/wp\/v2\/pages"}],"about":[{"href":"https:\/\/www.billiard-pro.cz\/sk\/wp-json\/wp\/v2\/types\/page"}],"author":[{"embeddable":true,"href":"https:\/\/www.billiard-pro.cz\/sk\/wp-json\/wp\/v2\/users\/2"}],"replies":[{"embeddable":true,"href":"https:\/\/www.billiard-pro.cz\/sk\/wp-json\/wp\/v2\/comments?post=3107"}],"version-history":[{"count":0,"href":"https:\/\/www.billiard-pro.cz\/sk\/wp-json\/wp\/v2\/pages\/3107\/revisions"}],"wp:attachment":[{"href":"https:\/\/www.billiard-pro.cz\/sk\/wp-json\/wp\/v2\/media?parent=3107"}],"curies":[{"name":"wp","href":"https:\/\/api.w.org\/{rel}","templated":true}]}}