{"id":3116,"date":"2013-09-03T19:34:40","date_gmt":"2013-09-03T17:34:40","guid":{"rendered":"http:\/\/localhost\/iwansimonis\/odporucana-spotreba-sukna\/"},"modified":"2024-04-08T12:33:36","modified_gmt":"2024-04-08T10:33:36","slug":"odporucana-spotreba-sukna","status":"publish","type":"page","link":"https:\/\/www.billiard-pro.cz\/sk\/navody-a-tipy\/odporucana-spotreba-sukna\/","title":{"rendered":"Odpor\u00fa\u010dan\u00e1 spotreba s\u00fakna"},"content":{"rendered":"<p><strong>Odpor\u00fa\u010dan\u00e1 spotreba s\u00fakna Simonis pod\u013ea jednotliv\u00fdch typov stolov a hier v be\u017en\u00fdch metrech.<\/strong><\/p>\n<p><strong>Spotreba s\u00fakna na billiardov\u00e9 stoly:<\/strong><\/p>\n<p><strong>Spotreba s\u00fakna : (\u0161\u00edrka s\u00fakna 165 cm)<\/strong> :<strong> SIMONIS 860\/165cm, 760\/165cm a 920\/160cm<\/strong><br \/>\n6 &#8222;- hracia plocha 180 x \u00a0 \u00a090 \u00a0 \u00a0spotreba s\u00fakna = \u00a02,00 m<br \/>\n7 &#8222;- hracia plocha 200 x 100 \u00a0 \u00a0spotreba s\u00fakna = 2,30 m<br \/>\n8 &#8222;- hracia plocha 224 x 112 \u00a0 \u00a0 spotreba s\u00fakna = \u00a02,80 m<br \/>\n9 &#8222;- hracia plocha 254 x 127 \u00a0 \u00a0 spotreba s\u00fakna = 3,40 m<\/p>\n<p><strong>Spotreba s\u00fakna 860\/198 alebo 760\/195 cm : \u00a0SIMONIS 860, 760 &#8211; tie\u017e pre 920\/195 cm<\/strong><br \/>\nSpotreba na pool 6 &#8222;- 2,0 m<br \/>\nSpotreba na pool 7 &#8222;- 2,2 m<br \/>\nSpotreba na pool 8 &#8222;- 2,5 m<br \/>\nSpotreba na pool 9 &#8222;- 2,9 m<\/p>\n<p><strong>Spotreba s\u00fakna na snookerov\u00e9 stoly: STRACHAN<\/strong><br \/>\n10 &#8222;- 3,70 m<br \/>\n12 &#8222;- \u00a05,00 m<\/p>\n<p><strong>Spotreba s\u00fakna na karambolov\u00e9 stoly: (plat\u00ed pre stoly, kde s\u00fa mantinely uchyten\u00e9 cez hraciu dosku) <\/strong><\/p>\n<p><strong>SIMONIS 300 RAPID (\u0161\u00edrka 170cm &#8211; mal\u00e9 stoly, 195 cm\u00a0ve\u013ek\u00e9 stoly)<\/strong><br \/>\nhracia plocha karambolu: 140 x 70 cm &#8211; \u00a0 \u00a0 spotreba s\u00fakna = 1,70 m<br \/>\nhracia plocha karambolu: 160 x 80 cm &#8211; \u00a0 \u00a0 \u00a0spotreba s\u00fakna = 1,90 m<br \/>\nhracia plocha karambolu: 180 x 90 cm &#8211; \u00a0 \u00a0 \u00a0spotreba s\u00fakna = 2,10 m<br \/>\nhracia plocha karambolu: 190 x 95 cm &#8211; \u00a0 \u00a0 \u00a0spotreba s\u00fakna = 2,20 m<br \/>\nhracia plocha karambolu: 200 x 100 cm &#8211; \u00a0 spotreba s\u00fakna = 2,60 m<br \/>\nhracia plocha karambolu: 210 x 105 cm &#8211; \u00a0 \u00a0spotreba s\u00fakna = 2,70 m<br \/>\nhracia plocha karambolu: 230 x 115 cm &#8211; \u00a0 \u00a0 spotreba s\u00fakna = 2,90 m<br \/>\nhracia plocha karambolu: 284 x 142 cm &#8211; \u00a0 \u00a0 spotreba s\u00fakna = 3,40 m<\/p>\n","protected":false},"excerpt":{"rendered":"<p>Odpor\u00fa\u010dan\u00e1 spotreba s\u00fakna Simonis pod\u013ea jednotliv\u00fdch typov stolov a hier v be\u017en\u00fdch metrech. Spotreba s\u00fakna na billiardov\u00e9 stoly: Spotreba s\u00fakna : (\u0161\u00edrka s\u00fakna 165 cm) : SIMONIS 860\/165cm, 760\/165cm a 920\/160cm 6 &#8222;- hracia plocha 180 x \u00a0 \u00a090 \u00a0 \u00a0spotreba s\u00fakna = \u00a02,00 m 7 &#8222;- hracia plocha 200 x 100 \u00a0 \u00a0spotreba s\u00fakna [&hellip;]<\/p>\n","protected":false},"author":2,"featured_media":0,"parent":3089,"menu_order":4,"comment_status":"closed","ping_status":"closed","template":"","meta":{"footnotes":""},"class_list":["post-3116","page","type-page","status-publish","hentry"],"_links":{"self":[{"href":"https:\/\/www.billiard-pro.cz\/sk\/wp-json\/wp\/v2\/pages\/3116","targetHints":{"allow":["GET"]}}],"collection":[{"href":"https:\/\/www.billiard-pro.cz\/sk\/wp-json\/wp\/v2\/pages"}],"about":[{"href":"https:\/\/www.billiard-pro.cz\/sk\/wp-json\/wp\/v2\/types\/page"}],"author":[{"embeddable":true,"href":"https:\/\/www.billiard-pro.cz\/sk\/wp-json\/wp\/v2\/users\/2"}],"replies":[{"embeddable":true,"href":"https:\/\/www.billiard-pro.cz\/sk\/wp-json\/wp\/v2\/comments?post=3116"}],"version-history":[{"count":0,"href":"https:\/\/www.billiard-pro.cz\/sk\/wp-json\/wp\/v2\/pages\/3116\/revisions"}],"up":[{"embeddable":true,"href":"https:\/\/www.billiard-pro.cz\/sk\/wp-json\/wp\/v2\/pages\/3089"}],"wp:attachment":[{"href":"https:\/\/www.billiard-pro.cz\/sk\/wp-json\/wp\/v2\/media?parent=3116"}],"curies":[{"name":"wp","href":"https:\/\/api.w.org\/{rel}","templated":true}]}}