{"id":3119,"date":"2013-09-03T19:36:46","date_gmt":"2013-09-03T19:36:46","guid":{"rendered":"http:\/\/localhost\/iwansimonis\/znacenie-sukna-simonis\/"},"modified":"2013-09-03T19:36:46","modified_gmt":"2013-09-03T19:36:46","slug":"znacenie-sukna-simonis","status":"publish","type":"page","link":"https:\/\/www.billiard-pro.cz\/sk\/navody-a-tipy\/znacenie-sukna-simonis\/","title":{"rendered":"Zna\u010denie s\u00fakna Simonis"},"content":{"rendered":"<p><strong>ZNA\u010cENIE GULE\u010cN\u00cdKOV\u00ddCH SUKIEN SIMONIS<\/strong><\/p>\n<p>Ka\u017ed\u00e1 rola origin\u00e1lneho s\u00fakna \u00a0IWAN SIMONIS m\u00e1 3 r\u00f4zne zna\u010dky, ktor\u00e9 potvrdzuj\u00fa jeho pravos\u0165:<\/p>\n<p>Ved\u013ea obruby \/ strana l\u00e1tky je pribli\u017ene ka\u017ed\u00fdch 60 cm:<\/p>\n<p>IWAN SIMONIS zn\u00e1mej podpisov\u00e9 logo:<\/p>\n<p><img loading=\"lazy\" decoding=\"async\" alt=\"simonisznaceni1\" src=\"https:\/\/www.billiard-pro.cz\/wp-content\/uploads\/2013\/09\/simonisznaceni1-283x100.jpg\" width=\"266\" height=\"93\" \/><\/p>\n<p>2.\u00a0\u00a0Tla\u010den\u00fdm p\u00edsmom nap\u00edsan\u00e9 meno produktu IWAN SIMONIS (tu pre uk\u00e1\u017eku 860). Do augusta roku 2007 boli tieto dve zna\u010dky vytla\u010den\u00e9 bielou farbou, od tej doby s\u00fa laserovo vytla\u010den\u00e9 farbou zlatou.<\/p>\n<p><img loading=\"lazy\" decoding=\"async\" alt=\"simonisznaceni2\" src=\"https:\/\/www.billiard-pro.cz\/wp-content\/uploads\/2013\/09\/simonisznaceni2-283x100.jpg\" width=\"266\" height=\"93\" \/><\/p>\n<p>3.\u00a0\u00a0Zna\u010dka IWAN SIMONIS p\u00edsan\u00fdm p\u00edsmom, nasledovan\u00e1 \u010d\u00edseln\u00fdm k\u00f3dom role (ID). Toto nezmazate\u013ene \u00da.v. zna\u010denie je vidite\u013en\u00e9 iba pod UV \u017eiaren\u00edm (uprostred \u0161\u00edrky s\u00fakna \u00a0je na ka\u017edom metri l\u00e1tky).<\/p>\n<p><img loading=\"lazy\" decoding=\"async\" alt=\"simonisznaceni3\" src=\"https:\/\/www.billiard-pro.cz\/wp-content\/uploads\/2013\/09\/simonisznaceni3-283x100.jpg\" width=\"266\" height=\"93\" \/><\/p>\n","protected":false},"excerpt":{"rendered":"<p>ZNA\u010cENIE GULE\u010cN\u00cdKOV\u00ddCH SUKIEN SIMONIS Ka\u017ed\u00e1 rola origin\u00e1lneho s\u00fakna \u00a0IWAN SIMONIS m\u00e1 3 r\u00f4zne zna\u010dky, ktor\u00e9 potvrdzuj\u00fa jeho pravos\u0165: Ved\u013ea obruby \/ strana l\u00e1tky je pribli\u017ene ka\u017ed\u00fdch 60 cm: IWAN SIMONIS zn\u00e1mej podpisov\u00e9 logo: 2.\u00a0\u00a0Tla\u010den\u00fdm p\u00edsmom nap\u00edsan\u00e9 meno produktu IWAN SIMONIS (tu pre uk\u00e1\u017eku 860). Do augusta roku 2007 boli tieto dve zna\u010dky vytla\u010den\u00e9 bielou farbou, [&hellip;]<\/p>\n","protected":false},"author":2,"featured_media":0,"parent":3089,"menu_order":3,"comment_status":"closed","ping_status":"closed","template":"page-s-menu.php","meta":{"footnotes":""},"class_list":["post-3119","page","type-page","status-publish","hentry"],"_links":{"self":[{"href":"https:\/\/www.billiard-pro.cz\/sk\/wp-json\/wp\/v2\/pages\/3119","targetHints":{"allow":["GET"]}}],"collection":[{"href":"https:\/\/www.billiard-pro.cz\/sk\/wp-json\/wp\/v2\/pages"}],"about":[{"href":"https:\/\/www.billiard-pro.cz\/sk\/wp-json\/wp\/v2\/types\/page"}],"author":[{"embeddable":true,"href":"https:\/\/www.billiard-pro.cz\/sk\/wp-json\/wp\/v2\/users\/2"}],"replies":[{"embeddable":true,"href":"https:\/\/www.billiard-pro.cz\/sk\/wp-json\/wp\/v2\/comments?post=3119"}],"version-history":[{"count":0,"href":"https:\/\/www.billiard-pro.cz\/sk\/wp-json\/wp\/v2\/pages\/3119\/revisions"}],"up":[{"embeddable":true,"href":"https:\/\/www.billiard-pro.cz\/sk\/wp-json\/wp\/v2\/pages\/3089"}],"wp:attachment":[{"href":"https:\/\/www.billiard-pro.cz\/sk\/wp-json\/wp\/v2\/media?parent=3119"}],"curies":[{"name":"wp","href":"https:\/\/api.w.org\/{rel}","templated":true}]}}