{"id":3122,"date":"2013-09-03T19:44:12","date_gmt":"2013-09-03T19:44:12","guid":{"rendered":"http:\/\/localhost\/iwansimonis\/strih-sukna-simonis\/"},"modified":"2013-09-03T19:44:12","modified_gmt":"2013-09-03T19:44:12","slug":"strih-sukna-simonis","status":"publish","type":"page","link":"https:\/\/www.billiard-pro.cz\/sk\/navody-a-tipy\/strih-sukna-simonis\/","title":{"rendered":"Strih s\u00fakna Simonis"},"content":{"rendered":"<h1><strong style=\"font-size: 13px;\">SPRIEVODCA REZAN\u00cdM S\u00daKNA- V\u00ddPO\u010cET SPOTREBY:<\/strong><\/h1>\n<p>Ve\u013ea stolov vy\u017eaduje zvl\u00e1\u0161tne ve\u013ekosti s\u00fakna, aby mohli by\u0165 spr\u00e1vne potiahnut\u00e9. Na sprievodcu spolo\u010dnosti Simonis sa be\u017ene odkazuje.<\/p>\n<div>\n<p><strong>\u00a0<\/strong><\/p>\n<p><img decoding=\"async\" alt=\"navod\" src=\"https:\/\/www.billiard-pro.cz\/wp-content\/uploads\/2013\/08\/navod.jpg\" width=\"680\" data-id=\"343\" \/><\/p>\n<\/div>\n","protected":false},"excerpt":{"rendered":"<p>SPRIEVODCA REZAN\u00cdM S\u00daKNA- V\u00ddPO\u010cET SPOTREBY: Ve\u013ea stolov vy\u017eaduje zvl\u00e1\u0161tne ve\u013ekosti s\u00fakna, aby mohli by\u0165 spr\u00e1vne potiahnut\u00e9. Na sprievodcu spolo\u010dnosti Simonis sa be\u017ene odkazuje. \u00a0<\/p>\n","protected":false},"author":2,"featured_media":0,"parent":3089,"menu_order":4,"comment_status":"closed","ping_status":"closed","template":"page-s-menu.php","meta":{"footnotes":""},"class_list":["post-3122","page","type-page","status-publish","hentry"],"_links":{"self":[{"href":"https:\/\/www.billiard-pro.cz\/sk\/wp-json\/wp\/v2\/pages\/3122","targetHints":{"allow":["GET"]}}],"collection":[{"href":"https:\/\/www.billiard-pro.cz\/sk\/wp-json\/wp\/v2\/pages"}],"about":[{"href":"https:\/\/www.billiard-pro.cz\/sk\/wp-json\/wp\/v2\/types\/page"}],"author":[{"embeddable":true,"href":"https:\/\/www.billiard-pro.cz\/sk\/wp-json\/wp\/v2\/users\/2"}],"replies":[{"embeddable":true,"href":"https:\/\/www.billiard-pro.cz\/sk\/wp-json\/wp\/v2\/comments?post=3122"}],"version-history":[{"count":0,"href":"https:\/\/www.billiard-pro.cz\/sk\/wp-json\/wp\/v2\/pages\/3122\/revisions"}],"up":[{"embeddable":true,"href":"https:\/\/www.billiard-pro.cz\/sk\/wp-json\/wp\/v2\/pages\/3089"}],"wp:attachment":[{"href":"https:\/\/www.billiard-pro.cz\/sk\/wp-json\/wp\/v2\/media?parent=3122"}],"curies":[{"name":"wp","href":"https:\/\/api.w.org\/{rel}","templated":true}]}}