{"id":3125,"date":"2013-09-03T19:47:49","date_gmt":"2013-09-03T17:47:49","guid":{"rendered":"http:\/\/localhost\/iwansimonis\/cistic-sukna-simonis-x1\/"},"modified":"2017-02-03T17:19:16","modified_gmt":"2017-02-03T16:19:16","slug":"cistic-sukna-simonis-x1","status":"publish","type":"page","link":"https:\/\/www.billiard-pro.cz\/sk\/navody-a-tipy\/cistic-sukna-simonis-x1\/","title":{"rendered":"\u010cisti\u010d sukn\u00e1 Simonis X1"},"content":{"rendered":"<ul>\n<li style=\"text-align: left;\"><strong style=\"font-size: 2em;\"><span style=\"font-size: 13px;\"><a href=\"https:\/\/www.billiard-pro.cz\/sk\/obchod\/biliardova-sukna-simonis\/cistice-a-kartace-sk\/cistiace-hladidlo-zberac-kriedoveho-prachu-biliardoveho-platna-sukna-simonis-x-1\/\">SIMONIS X 1<\/a> &#8211; revolu\u010dn\u00e1 technol\u00f3gia v \u010disten\u00ed s\u00fakna SIMONIS na va\u0161om stole!<\/span><\/strong><\/li>\n<\/ul>\n<div>\n<p><img loading=\"lazy\" decoding=\"async\" class=\"alignright\" src=\"https:\/\/www.billiard-pro.cz\/wp-content\/uploads\/2013\/09\/simoniscleaner.jpg\" alt=\"simoniscleaner\" width=\"250\" height=\"167\" data-id=\"810\" \/>Na\u0161a spolo\u010dnos\u0165 m\u00e1 nepretr\u017eit\u00fd cie\u013e a prioritu vylep\u0161ova\u0165 kvalitu svojich pl\u00e1tien, kde \u00fa\u010delom je pon\u00faka\u0165 optim\u00e1lny materi\u00e1l z h\u013eadiska kvality, prec\u00edznosti, odolnosti a st\u00e1losti vo v\u0161etk\u00fdch discipl\u00ednach s\u00favisiacich s gule\u010dn\u00edkom.<\/p>\n<p>Za \u00fa\u010delom, aby najlep\u0161ie udr\u017ealo svoje kvality, si gule\u010dn\u00edkov\u00e9 pl\u00e1tno zasl\u00fa\u017ei efekt\u00edvne \u010distenie. Pre tento \u00fa\u010del sme vymysleli a vyvinuli \u00faplne inovat\u00edvne pr\u00edslu\u0161enstvo: Simonis X-1.<\/p>\n<p>Pre pravideln\u00fa \u00fadr\u017ebu hracieho povrchu, napr\u00edklad odstr\u00e1nenie prachu z kriedy, u\u017e viac nebudete potrebova\u0165 tradi\u010dn\u00fa kefu, ktor\u00e1 iba pren\u00e1\u0161a tento prach zo strany na stranu pl\u00e1tna, a tie\u017e nie denn\u00e9 pou\u017e\u00edvanie vys\u00e1va\u010da, ktor\u00fd m\u00f4\u017ee po\u0161kodi\u0165 pl\u00e1tno, a ktor\u00e9ho pou\u017eitie je preto nepraktick\u00e9, a tie\u017e nie produkt na \u00fadr\u017ebu, ktor\u00fd obvykle na\u0165ahuje, alebo odfarbuje pl\u00e1tno, \u010di degraduje jeho vlastnosti. Simonis X-1 h\u013abkovo odstra\u0148uje prach z kriedy z gule\u010dn\u00edkov\u00e9ho pl\u00e1tna a udr\u017euje jeho revolu\u010dn\u00fa high-tech \u0161trukt\u00faru.<\/p>\n<p><a href=\"http:\/\/www.simonis-x1.com\/\">www.simonis-x1.com<\/a><\/p>\n<p>Pou\u017eitie Simonis X-1<\/p>\n<p>Simonis X-1 pracuje so statickou elektrinou a vzl\u00ednavos\u0165ou. Z tohto d\u00f4vodu je ve\u013emi flexibiln\u00fd a r\u00fdchly. Sta\u010d\u00ed pohyb sem a tam, ale nie prehnan\u00fd tlak, ktor\u00e9 by bolo potrebn\u00e9 vyvin\u00fa\u0165 pre optim\u00e1lnu \u00fa\u010dinnos\u0165 be\u017en\u00fdm kefou.<\/p>\n<p><a href=\"https:\/\/www.billiard-pro.cz\/wp-content\/uploads\/2013\/09\/utilisation1.gif\"><img loading=\"lazy\" decoding=\"async\" src=\"https:\/\/www.billiard-pro.cz\/wp-content\/uploads\/2013\/09\/utilisation1.gif\" alt=\"utilisation\" width=\"315\" height=\"157\" data-id=\"1023\" \/><\/a>\u00a0<a href=\"https:\/\/www.billiard-pro.cz\/wp-content\/uploads\/2013\/09\/finition1.gif\"><img loading=\"lazy\" decoding=\"async\" src=\"https:\/\/www.billiard-pro.cz\/wp-content\/uploads\/2013\/09\/finition1.gif\" alt=\"finition\" width=\"316\" height=\"158\" data-id=\"1024\" \/><\/a><\/p>\n<p>Simonis X-1 m\u00e1 vysok\u00fa absorp\u010dn\u00fa schopnos\u0165 a je schopn\u00fd \u013eahko pozbiera\u0165 prach a\u017e z polovice kriedy vo svojej textiln\u00fd \u0161trukt\u00fare. Akon\u00e1hle Simonis X-1 u\u017e vyzer\u00e1, \u017ee neudr\u017e\u00ed kriedu, v\u0161etko \u010do m\u00e1 \u010dlovek urobi\u0165, je uvo\u013eni\u0165 prach pohlten\u00fd high-tech kon\u0161trukci\u00ed s cie\u013eom obnovi\u0165 jeho p\u00f4vodn\u00fd \u00fa\u010dinnos\u0165.<\/p>\n<p>Ak chcete toto vykona\u0165, odpor\u00fa\u010dame v\u00e1m:<\/p>\n<p>Bu\u010f povys\u00e1va\u0165 textiln\u00e9 \u0161trukt\u00faru alebo vyklepa\u0165 obsah poklepan\u00edm z\u013eahka r\u00fak.<br \/>\nNIKDY Nie udriet\u00b4\u02c7 X1 o tvrd\u00fa plochu, mohol by sa po\u0161kodi\u0165.<br \/>\nNIKDY ne\u010distite X1 textilnu \u00a0\u0161trukt\u00faru \u017eiadnu tekutinou.<br \/>\nFarebn\u00e1 stopa kriedy na textiln\u00e9 \u0161trukt\u00fare je norm\u00e1lna \u00a0a nijako nezni\u017euje \u00fa\u010dinnos\u0165 \u010disti\u010de.<\/p>\n<p><strong><strong><a href=\"https:\/\/www.billiard-pro.cz\/wp-content\/uploads\/2013\/09\/detail.jpg\"><img loading=\"lazy\" decoding=\"async\" class=\"alignright\" src=\"https:\/\/www.billiard-pro.cz\/wp-content\/uploads\/2013\/09\/detail-150x150.jpg\" alt=\"detail\" width=\"150\" height=\"150\" data-id=\"1026\" \/><\/a><\/strong>DESIGN:<\/strong><br \/>\nRozmery a tvar Simonis X-1 boli navrhnut\u00e9 tak, aby sa \u010do najlep\u0161ie prisp\u00f4sobili ka\u017ed\u00e9mu u\u017e\u00edvate\u013eovi. Jeho proti\u0161mykov\u00e1 rukov\u00e4\u0165 je vhodn\u00e1 pre v\u0161etky ruky a jeho ve\u013ekos\u0165 je navrhnut\u00e1 tak, aby bola optim\u00e1lna pre kontrolu pri \u010disten\u00ed stola.<br \/>\nJej zahnut\u00fd tvar umo\u017e\u0148uje efekt\u00edvne vy\u010disti\u0165 aj mantinely bez rizika po\u0161kodenia tkaniny alebo gumy.<\/p>\n<\/div>\n","protected":false},"excerpt":{"rendered":"<p>SIMONIS X 1 &#8211; revolu\u010dn\u00e1 technol\u00f3gia v \u010disten\u00ed s\u00fakna SIMONIS na va\u0161om stole! Na\u0161a spolo\u010dnos\u0165 m\u00e1 nepretr\u017eit\u00fd cie\u013e a prioritu vylep\u0161ova\u0165 kvalitu svojich pl\u00e1tien, kde \u00fa\u010delom je pon\u00faka\u0165 optim\u00e1lny materi\u00e1l z h\u013eadiska kvality, prec\u00edznosti, odolnosti a st\u00e1losti vo v\u0161etk\u00fdch discipl\u00ednach s\u00favisiacich s gule\u010dn\u00edkom. Za \u00fa\u010delom, aby najlep\u0161ie udr\u017ealo svoje kvality, si gule\u010dn\u00edkov\u00e9 pl\u00e1tno zasl\u00fa\u017ei efekt\u00edvne [&hellip;]<\/p>\n","protected":false},"author":2,"featured_media":0,"parent":3089,"menu_order":5,"comment_status":"closed","ping_status":"closed","template":"","meta":{"footnotes":""},"class_list":["post-3125","page","type-page","status-publish","hentry"],"_links":{"self":[{"href":"https:\/\/www.billiard-pro.cz\/sk\/wp-json\/wp\/v2\/pages\/3125","targetHints":{"allow":["GET"]}}],"collection":[{"href":"https:\/\/www.billiard-pro.cz\/sk\/wp-json\/wp\/v2\/pages"}],"about":[{"href":"https:\/\/www.billiard-pro.cz\/sk\/wp-json\/wp\/v2\/types\/page"}],"author":[{"embeddable":true,"href":"https:\/\/www.billiard-pro.cz\/sk\/wp-json\/wp\/v2\/users\/2"}],"replies":[{"embeddable":true,"href":"https:\/\/www.billiard-pro.cz\/sk\/wp-json\/wp\/v2\/comments?post=3125"}],"version-history":[{"count":0,"href":"https:\/\/www.billiard-pro.cz\/sk\/wp-json\/wp\/v2\/pages\/3125\/revisions"}],"up":[{"embeddable":true,"href":"https:\/\/www.billiard-pro.cz\/sk\/wp-json\/wp\/v2\/pages\/3089"}],"wp:attachment":[{"href":"https:\/\/www.billiard-pro.cz\/sk\/wp-json\/wp\/v2\/media?parent=3125"}],"curies":[{"name":"wp","href":"https:\/\/api.w.org\/{rel}","templated":true}]}}