{"id":3128,"date":"2013-09-04T19:21:50","date_gmt":"2013-09-04T17:21:50","guid":{"rendered":"http:\/\/localhost\/iwansimonis\/simonis-sukno-sampionov\/"},"modified":"2013-09-04T19:21:50","modified_gmt":"2013-09-04T19:21:50","slug":"simonis-sukno-sampionov","status":"publish","type":"page","link":"https:\/\/www.billiard-pro.cz\/sk\/o-iwan-simonis\/simonis-sukno-sampionov\/","title":{"rendered":"Simonis s\u00fakno \u0161ampi\u00f3nov"},"content":{"rendered":"<p><strong>S\u00fakno \u00a0\u0161ampi\u00f3nov\u00ae<\/strong><\/p>\n<p>Simonis je svetov\u00e1 spolo\u010dnos\u0165 a na\u0161e s\u00fakno \u00a0je mo\u017en\u00e9 n\u00e1js\u0165 na stoloch po celom svete. Faktom je, \u017ee s\u00fakno \u00a0Simonis je jedn\u00fdm z kon\u0161t\u00e1nt v tomto \u0161porte.<\/p>\n<p>Pred\u00e1van\u00e9 vo viac ako 50 krajin\u00e1ch, je s\u00fakno Simonis skuto\u010dne svetovou vo\u013ebou v gule\u010dn\u00edkovom \u0161porte. Po z\u00edskan\u00ed reput\u00e1cie medzi profesion\u00e1lnymi hr\u00e1\u010dmi, aj medzi amat\u00e9rmi, Simonis ost\u00e1va naj\u010dastej\u0161ou vo\u013ebou pre turnaje po celom svete.<\/p>\n<p>Simonis je skuto\u010dne s\u00fakno \u00a0\u0161ampi\u00f3nov a Vy m\u00f4\u017eete vyu\u017ei\u0165 jeho funk\u010dn\u00e9 prednosti na zv\u00fd\u0161enie V\u00e1\u0161ho pote\u0161enia z hry..<\/p>\n<p><strong>Modern\u00e1 spolo\u010dnos\u0165 postaven\u00e1 na viac ako troch storo\u010diach sk\u00fasenost\u00ed<\/strong><\/p>\n<p>Simonis v\u017edy bol a ostane inov\u00e1torom v gule\u010dn\u00edkovom priemysle. A bude \u0161tandardom, s ktor\u00fdm sa bud\u00fa chcie\u0165 ostatn\u00e9 s\u00fakna porovn\u00e1va\u0165.<\/p>\n<p>Vyr\u00e1ba s\u00fakno vynikaj\u00facej kvality od roku 1680. Spolo\u010dnos\u0165 z\u00edskala viac prvenstiev v odvetv\u00ed ako prakticky v\u0161etci ostatn\u00ed v\u00fdrobcovia spolo\u010dne. Je ist\u00e9, \u017ee Simonis zostane v \u010dele v\u00fdroby a technol\u00f3gie gule\u010dn\u00edkov\u00e9ho s\u00fakna, a bude aj na\u010falej poskytova\u0165 najpoctivej\u0161ie hern\u00e9 s\u00fakno Jedine s\u00fakno Simonis zlep\u0161uje povrch z bridlice. Bridlica je iba tak\u00e1 dobr\u00e1, ako je to, \u010do ju pokr\u00fdva &#8230;, preto\u017ee gu\u013ea sa dot\u00fdka s\u00fakna, nie bridlice. V\u00fdrobcovia stolov s\u00fa ve\u013emi vyberav\u00ed, \u010do sa t\u00fdka kvality bridlice, ktor\u00fa pon\u00fakaj\u00fa na svojich stoloch, a preto m\u00e1 zmysel pokr\u00fdva\u0165 ju iba t\u00fdm najvhodnej\u0161\u00edm s\u00faknom.<\/p>\n<p>Viac ako tri storo\u010dia sk\u00fasenost\u00ed umo\u017e\u0148uj\u00fa Simonisu vyrobi\u0165 tak\u00e9 pevn\u00e9 s\u00fakna.<\/p>\n<p><strong>Vyroben\u00e9, aby sa hralo najlep\u0161ie<\/strong><\/p>\n<p>S\u00fakno \u00a0Simonis zaru\u010duje najpresnej\u0161iu hru. Po cel\u00e9 gener\u00e1cie, sa Simonis s\u00fastredil na to, aby smeroval k najpresnej\u0161ej, najd\u00f4slednej\u0161ej hre, a presne to sme votkali do n\u00e1\u0161ho s\u00fakna. Simonis je pova\u017eovan\u00fd za celkovo najlep\u0161iu vo\u013ebu, \u010do sa t\u00fdka gule\u010dn\u00edkov\u00e9ho s\u00fakna, kv\u00f4li jeho odolnosti a bezkonkuren\u010dn\u00fdm hrac\u00edm vlastnostiam.<\/p>\n<p>Vyr\u00e1bame na\u0161e vlastn\u00e9 s\u00fakno v na\u0161ej vlastnej tov\u00e1rni.\u00a0Neust\u00e1le pod veden\u00edm rodiny Simonis (v s\u00fa\u010dasnej dobe riadenej Marcom Simonisom), na\u0161i remeseln\u00edci vo Verviers, v Belgicku, str\u00e1vili gener\u00e1cie zvy\u0161ovan\u00edm kvality tkania \u010desanej vlny z pr\u00e9miovej na umeleck\u00fa formu, a\u017e nakoniec vyvinuli mimoriadne stoln\u00e9 po\u0165ahy, ktor\u00e9 splnili potreby pre karambol, pool a snooker.\u00a0A\u017e do dne\u0161n\u00e9ho d\u0148a, nedok\u00e1zal nikto osobit\u00fa kvalitu s\u00fakna \u00a0Simonis zopakova\u0165.<\/p>\n<p><strong>Najlep\u0161\u00ed v \u0161pecializ\u00e1cii<\/strong><\/p>\n<p>Simonis je najstar\u0161ia spolo\u010dnos\u0165 v gule\u010dn\u00edkovom priemysle a celosvetovo je jedine jeho textiln\u00e1 tov\u00e1re\u0148 zameran\u00e1 v\u00fdhradne na produkciu sukien \u00a0pre pool, snooker, karambol a pyramid. Na\u0161a \u0161pecializ\u00e1cia n\u00e1m umo\u017e\u0148uje udr\u017eiava\u0165 prec\u00edznos\u0165 a d\u00f4slednos\u0165, ktor\u00e1 sa stala referen\u010dn\u00fdm \u0161tandardom pre gule\u010dn\u00edkov\u00fd priemysel.<\/p>\n<p>Simonis pokra\u010duje v definovan\u00ed \u0161tandardov priemyslu.<\/p>\n<p>Dod\u00e1vanie bezchybnej, bezvadovej hracej plochy je to, pre\u010do je s\u00fakno \u00a0Simonis s\u00fa\u010das\u0165ou turnajov\u00fdch stolov v\u0161ade po celom svete u\u017e cel\u00e9 gener\u00e1cie, a pre\u010do je to perfektn\u00fd v\u00fdber pre komer\u010dn\u00e9 priestory, a tie\u017e pre stoly v dom\u00e1cnostiach.<\/p>\n<p>\u201eSimonis nie je be\u017en\u00e1 pls\u0165 (plsten\u00fd materi\u00e1l), je to starostlivo a prec\u00edzne upleten\u00e1 tkanina, \u0161peci\u00e1lne navrhnut\u00e1, aby zlep\u0161ila va\u0161u hru t\u00fdm, \u017ee umo\u017en\u00ed guli pohybova\u0165 sa priamo a presne, k\u00fdm udr\u017eiava st\u00e1lu r\u00fdchlos\u0165 a rot\u00e1ciu.\u201c\u00a0Tu je d\u00f4vod, pre\u010do sa ostatn\u00e9 s\u00fakna \u00a0chc\u00fa vyrovna\u0165 s\u00faknu \u00a0Simonis. S\u00fakno \u00a0Simonis tu bolo u\u017e v dob\u00e1ch vzniku hry.<\/p>\n<p>My sa star\u00e1me o udr\u017eiavanie t\u00fdch najlep\u0161\u00edch vlastnost\u00ed, ktor\u00e9 sa vyv\u00edjali po st\u00e1ro\u010dia a ktor\u00e9 s\u00fa to, \u010do definuje na\u0161e s\u00fakno. Vo svete, kde sa mnoho spolo\u010dnost\u00ed pok\u00fa\u0161a skr\u00e1ti\u0165 si cestu a vyrobi\u0165 \u201eadekv\u00e1tne\u201c produkty, Simonis ide o krok \u010falej, aby produkovala skuto\u010dne mimoriadne s\u00fakna.\u00a0Starostlivos\u0165 pri v\u00fdrobe n\u00e1\u0161ho s\u00fakna \u00a0prin\u00e1\u0161a presnos\u0165 a d\u00f4slednos\u0165, ktor\u00e1 rob\u00ed \u00a0Simonis referen\u010dn\u00fdm \u0161tandardom pre v\u0161etky gule\u010dn\u00edkov\u00e9 \u0161porty celosvetovo.<\/p>\n<p><strong>Neuspokojte sa s imit\u00e1ciami.<\/strong><\/p>\n","protected":false},"excerpt":{"rendered":"<p>S\u00fakno \u00a0\u0161ampi\u00f3nov\u00ae Simonis je svetov\u00e1 spolo\u010dnos\u0165 a na\u0161e s\u00fakno \u00a0je mo\u017en\u00e9 n\u00e1js\u0165 na stoloch po celom svete. Faktom je, \u017ee s\u00fakno \u00a0Simonis je jedn\u00fdm z kon\u0161t\u00e1nt v tomto \u0161porte. Pred\u00e1van\u00e9 vo viac ako 50 krajin\u00e1ch, je s\u00fakno Simonis skuto\u010dne svetovou vo\u013ebou v gule\u010dn\u00edkovom \u0161porte. Po z\u00edskan\u00ed reput\u00e1cie medzi profesion\u00e1lnymi hr\u00e1\u010dmi, aj medzi amat\u00e9rmi, Simonis ost\u00e1va [&hellip;]<\/p>\n","protected":false},"author":2,"featured_media":0,"parent":3107,"menu_order":0,"comment_status":"closed","ping_status":"closed","template":"","meta":{"footnotes":""},"class_list":["post-3128","page","type-page","status-publish","hentry"],"_links":{"self":[{"href":"https:\/\/www.billiard-pro.cz\/sk\/wp-json\/wp\/v2\/pages\/3128","targetHints":{"allow":["GET"]}}],"collection":[{"href":"https:\/\/www.billiard-pro.cz\/sk\/wp-json\/wp\/v2\/pages"}],"about":[{"href":"https:\/\/www.billiard-pro.cz\/sk\/wp-json\/wp\/v2\/types\/page"}],"author":[{"embeddable":true,"href":"https:\/\/www.billiard-pro.cz\/sk\/wp-json\/wp\/v2\/users\/2"}],"replies":[{"embeddable":true,"href":"https:\/\/www.billiard-pro.cz\/sk\/wp-json\/wp\/v2\/comments?post=3128"}],"version-history":[{"count":0,"href":"https:\/\/www.billiard-pro.cz\/sk\/wp-json\/wp\/v2\/pages\/3128\/revisions"}],"up":[{"embeddable":true,"href":"https:\/\/www.billiard-pro.cz\/sk\/wp-json\/wp\/v2\/pages\/3107"}],"wp:attachment":[{"href":"https:\/\/www.billiard-pro.cz\/sk\/wp-json\/wp\/v2\/media?parent=3128"}],"curies":[{"name":"wp","href":"https:\/\/api.w.org\/{rel}","templated":true}]}}