{"id":3134,"date":"2013-09-04T19:24:27","date_gmt":"2013-09-04T19:24:27","guid":{"rendered":"http:\/\/localhost\/iwansimonis\/zeleny-pribeh-simonis\/"},"modified":"2013-09-04T19:24:27","modified_gmt":"2013-09-04T19:24:27","slug":"zeleny-pribeh-simonis","status":"publish","type":"page","link":"https:\/\/www.billiard-pro.cz\/sk\/o-iwan-simonis\/zeleny-pribeh-simonis\/","title":{"rendered":"Zelen\u00fd pr\u00edbeh Simonis"},"content":{"rendered":"<p><strong>Nov\u00fd uzl\u00edk na starom vl\u00e1kne<\/strong><\/p>\n<p>Ke\u010f sa st\u00e1val Iwan Simonis st\u00e1le viac popul\u00e1rnej\u0161\u00edm na trhu USA za\u010diatkom 80. rokov, typickou farbou s\u00fakna \u00a0v herniach bola modro-zelen\u00e1 farba, be\u017ene naz\u00fdvan\u00e1 ako Americk\u00e1 zelen\u00e1 alebo tradi\u010dn\u00e1 zelen\u00e1.<\/p>\n<p>Aby bolo evidentn\u00e9, \u017ee herne pou\u017e\u00edvaj\u00fa nie\u010do odli\u0161n\u00e9, pon\u00fakli sme im na\u0161e \u017elto-zelen\u00e9 s\u00fakno. \u017dlto-zelen\u00e9 s\u00fakno \u00a0je jasnej\u0161ie ako modro-zelen\u00e9 \u00a0a u\u017e letm\u00fdm poh\u013eadom bolo zrejm\u00e9, \u017ee stoly s\u00fa pokryt\u00e9 nie\u010d\u00edm rozdielnym. Ako \u0161li roky, hr\u00e1\u010di a majitelia hern\u00ed za\u010dali pou\u017e\u00edva\u0165 term\u00edn \u201eSimonis Green\u201c, aby povedali \u013eu\u010fom, o akej farbe sa zmie\u0148uj\u00fa. Dnes je Simonis Green to, \u010d\u00edm naz\u00fdvame na\u0161e \u017elto-zelen\u00e9 biliardov\u00e9 s\u00fakno<\/p>\n<p><strong>Simonis Green m\u00e1 nov\u00fd v\u00fdznam<\/strong><\/p>\n<p>Ekologicky zodpovedn\u00e1 v\u00fdroba. Dostupn\u00e1 v spolo\u010dnosti Simonis. Zelen\u00e1 v\u00fdroba sa st\u00e1va d\u00f4le\u017eitou pre konzumentov vo viac a viac krajin\u00e1ch po celom svete. Je zodpovednos\u0165ou popredn\u00fdch v\u00fdrobcov, ako je Simonis, aby si osvojili koncept zelenej v\u00fdroby a na\u0161li cesty, ako zredukova\u0165 spotrebu energi\u00ed, ako aj zredukova\u0165 odpad spojen\u00fd s v\u00fdrobn\u00fdm procesom. K\u00fdm mnoh\u00ed v\u00fdrobcovia sukien \u00a0v rozvojov\u00fdch krajin\u00e1ch sa nez\u00fa\u010dast\u0148uj\u00fa na princ\u00edpoch zelenej v\u00fdroby, Iwan Simonis je ekologicky uvedomel\u00fd v\u00fdrobca a je pova\u017eovan\u00fd za spolo\u010dnos\u0165 s n\u00edzkym ekologick\u00fdm dopadom. Belgicko je \u010dlenom Kyoto protokolu a Iwan Simonis S. A. sa zaviazala zn\u00ed\u017ei\u0165 spotrebu energi\u00ed vo v\u00fdrobe o 10%, \u010doho \u00fa\u010delom je zn\u00ed\u017ei\u0165 hlavne spotrebu elektrickej energie a emisi\u00ed oxidu uhli\u010dit\u00e9ho. Okrem toho, Simonis vyu\u017e\u00edva najmodernej\u0161ie vysoko efekt\u00edvne zariadenia na vykurovanie v\u00fdrobn\u00fdch priestorov, pre\u010dist\u00ed vodu pou\u017e\u00edvan\u00fa vo v\u00fdrobe predt\u00fdm, ako ju posiela do miestnej \u010disti\u010dky vody, pou\u017e\u00edva recyklovate\u013en\u00e9 baliace materi\u00e1ly a podporuje a u\u013eah\u010duje recyklovanie v\u0161etk\u00fdch v\u00fdrobn\u00fdch odpadov.<\/p>\n<p><strong>Simonis sa star\u00e1 o gule\u010dn\u00edkov\u00fd svet.<\/strong><\/p>\n","protected":false},"excerpt":{"rendered":"<p>Nov\u00fd uzl\u00edk na starom vl\u00e1kne Ke\u010f sa st\u00e1val Iwan Simonis st\u00e1le viac popul\u00e1rnej\u0161\u00edm na trhu USA za\u010diatkom 80. rokov, typickou farbou s\u00fakna \u00a0v herniach bola modro-zelen\u00e1 farba, be\u017ene naz\u00fdvan\u00e1 ako Americk\u00e1 zelen\u00e1 alebo tradi\u010dn\u00e1 zelen\u00e1. Aby bolo evidentn\u00e9, \u017ee herne pou\u017e\u00edvaj\u00fa nie\u010do odli\u0161n\u00e9, pon\u00fakli sme im na\u0161e \u017elto-zelen\u00e9 s\u00fakno. \u017dlto-zelen\u00e9 s\u00fakno \u00a0je jasnej\u0161ie ako modro-zelen\u00e9 [&hellip;]<\/p>\n","protected":false},"author":2,"featured_media":0,"parent":3107,"menu_order":0,"comment_status":"closed","ping_status":"closed","template":"page-s-menu.php","meta":{"footnotes":""},"class_list":["post-3134","page","type-page","status-publish","hentry"],"_links":{"self":[{"href":"https:\/\/www.billiard-pro.cz\/sk\/wp-json\/wp\/v2\/pages\/3134","targetHints":{"allow":["GET"]}}],"collection":[{"href":"https:\/\/www.billiard-pro.cz\/sk\/wp-json\/wp\/v2\/pages"}],"about":[{"href":"https:\/\/www.billiard-pro.cz\/sk\/wp-json\/wp\/v2\/types\/page"}],"author":[{"embeddable":true,"href":"https:\/\/www.billiard-pro.cz\/sk\/wp-json\/wp\/v2\/users\/2"}],"replies":[{"embeddable":true,"href":"https:\/\/www.billiard-pro.cz\/sk\/wp-json\/wp\/v2\/comments?post=3134"}],"version-history":[{"count":0,"href":"https:\/\/www.billiard-pro.cz\/sk\/wp-json\/wp\/v2\/pages\/3134\/revisions"}],"up":[{"embeddable":true,"href":"https:\/\/www.billiard-pro.cz\/sk\/wp-json\/wp\/v2\/pages\/3107"}],"wp:attachment":[{"href":"https:\/\/www.billiard-pro.cz\/sk\/wp-json\/wp\/v2\/media?parent=3134"}],"curies":[{"name":"wp","href":"https:\/\/api.w.org\/{rel}","templated":true}]}}